{"id":4351,"date":"2018-04-11T09:28:22","date_gmt":"2018-04-11T09:28:22","guid":{"rendered":"http:\/\/www.relibet.ee\/woromotouus\/?page_id=4351"},"modified":"2026-02-04T11:47:15","modified_gmt":"2026-02-04T09:47:15","slug":"tellimine","status":"publish","type":"page","link":"https:\/\/www.relibet.ee\/woromotouus\/tellimine\/","title":{"rendered":"Tellimine"},"content":{"rendered":"\t\t<div data-elementor-type=\"wp-post\" data-elementor-id=\"4351\" class=\"elementor elementor-4351 elementor-bc-flex-widget\" data-elementor-post-type=\"page\">\n\t\t\t\t\t\t<section class=\"elementor-section elementor-top-section elementor-element elementor-element-38a5ffac elementor-section-full_width elementor-section-height-min-height elementor-reverse-mobile elementor-section-height-default elementor-section-items-middle\" data-id=\"38a5ffac\" data-element_type=\"section\" data-e-type=\"section\" data-settings=\"{&quot;background_background&quot;:&quot;classic&quot;}\">\n\t\t\t\t\t\t<div class=\"elementor-container elementor-column-gap-default\">\n\t\t\t\t\t<div class=\"elementor-column elementor-col-100 elementor-top-column elementor-element elementor-element-47bcb4cd\" data-id=\"47bcb4cd\" data-element_type=\"column\" data-e-type=\"column\">\n\t\t\t<div class=\"elementor-widget-wrap elementor-element-populated\">\n\t\t\t\t\t\t<div class=\"elementor-element elementor-element-11d9f16f elementor-widget elementor-widget-heading\" data-id=\"11d9f16f\" data-element_type=\"widget\" data-e-type=\"widget\" data-widget_type=\"heading.default\">\n\t\t\t\t<div class=\"elementor-widget-container\">\n\t\t\t\t\t<h1 class=\"elementor-heading-title elementor-size-large\">Tellimine<\/h1>\t\t\t\t<\/div>\n\t\t\t\t<\/div>\n\t\t\t\t\t<\/div>\n\t\t<\/div>\n\t\t\t\t\t<\/div>\n\t\t<\/section>\n\t\t\t\t<section class=\"elementor-section elementor-top-section elementor-element elementor-element-c27bd45 elementor-section-boxed elementor-section-height-default elementor-section-height-default\" data-id=\"c27bd45\" data-element_type=\"section\" data-e-type=\"section\" data-settings=\"{&quot;background_background&quot;:&quot;classic&quot;}\">\n\t\t\t\t\t\t<div class=\"elementor-container elementor-column-gap-default\">\n\t\t\t\t\t<div class=\"elementor-column elementor-col-100 elementor-top-column elementor-element elementor-element-704696c\" data-id=\"704696c\" data-element_type=\"column\" data-e-type=\"column\">\n\t\t\t<div class=\"elementor-widget-wrap elementor-element-populated\">\n\t\t\t\t\t\t<div class=\"elementor-element elementor-element-dba6713 elementor-widget elementor-widget-text-editor\" data-id=\"dba6713\" data-element_type=\"widget\" data-e-type=\"widget\" data-widget_type=\"text-editor.default\">\n\t\t\t\t<div class=\"elementor-widget-container\">\n\t\t\t\t\t\t\t\t\t<h3>E-poest ostmine koosneb neljast etapist:<\/h3><ul><li>Ostukorvi koostamine<\/li><li>Tellimuse vormistamine<\/li><li>Ostu eest tasumine<\/li><li>Kauba k\u00e4tte saamine (kohaletoimetamine)<\/li><\/ul><h3>Ostukorvi koostamine<\/h3><p>Vali sulle sobivad tooted ning lisa need ostukorvi klikkides toote all olevale nupul\u00a0<strong>&#8220;Lisa korvi&#8221;.\u00a0<\/strong>Toodete ostukorvi lisamine ei kohusta Teid valitud tooteid ostma. J\u00e4tka ostukorvi t\u00e4itmist niikaua kui oled valinud sinna k\u00f5ik vajaliku. Ostukorvis olevate toodete vaatamiseks vajutage paremal \u00fcleval lehe \u00e4\u00e4res oleval ostukorvi ikoonile. Siis saate oma valitud tooted veel \u00fclevaadata, soovi korral eemaldada v\u00f5i muuta koguseid.\u00a0<\/p><h3>Tellimuse vormistamine<\/h3><p>Ostukorvis kliki nupule\u00a0<strong>&#8220;Mine maksma&#8221;<\/strong>. Avaneval lehel tuleb sisestada oma andmed, k\u00e4ttetoimetamise aadressi, valida kohaletoimetamise viis ja n\u00f5ustuda m\u00fc\u00fcgitingimustega. Kui olete oma andmed \u00e4ra sisestanud, vajutage nupul\u00a0<strong>&#8220;Esita tellimus&#8221;.<\/strong><\/p><p>Peale tellimuse esitamist saadame Teile e-postiga tellimuse andmed ning lisame arve, kust leiate maksmiseks vajaliku informatsiooni (\u00fclekannet tehes m\u00e4rkige kindlasti\u00a0<strong>SELGITUSEKS arve number<\/strong>. ).<\/p><h3>Ostu eest tasumine<\/h3><p>Tasumine toimub \u00fclekandega\u00a0<strong>meie firma arvele, mille leiate teie meili aadressile tulnud kirjast.<\/strong>\u00a0Tellimust hakkame k\u00e4sitlema alles peale raha laekumist.\u00a0<strong>Maksekorralduses m\u00e4rkige SELGITUSEKS arve number<\/strong>. K\u00f5ik hinnad on eurodes ja sisaldavad k\u00e4ibemaksu.<\/p><h3>Kohaletoimetamine<\/h3><p>Tellimuse pannakse teele\u00a0<strong>1-4 t\u00f6\u00f6p\u00e4eva jooksul peale makse laekumist<\/strong>\u00a0meie arvele.\u00a0Kohaletoimetamine toimub vastavalt tellimuses valitud viisile.<\/p><h3>Toodete tagastamine ja vahetus<\/h3><p>Teil on \u00f5igus tellitud kaubad 14 p\u00e4eva jooksul vahetada v\u00f5i tagastada.\u00a0Tagastatav toode peab olema originaalpakendis ja kasutamata.\u00a0Vahetamise ja tagastamisega seotud kulud kannab klient.<\/p><h3>Garantii<\/h3><p>Kuni kehtib seadusega ette n\u00e4htud pretensiooni esitamise t\u00e4htaeg.<\/p>\t\t\t\t\t\t\t\t<\/div>\n\t\t\t\t<\/div>\n\t\t\t\t\t<\/div>\n\t\t<\/div>\n\t\t\t\t\t<\/div>\n\t\t<\/section>\n\t\t\t\t<\/div>\n\t\t","protected":false},"excerpt":{"rendered":"<p>Tellimine E-poest ostmine koosneb neljast etapist: Ostukorvi koostamine Tellimuse vormistamine Ostu eest tasumine Kauba k\u00e4tte saamine (kohaletoimetamine) Ostukorvi koostamine Vali sulle sobivad tooted ning lisa need ostukorvi klikkides toote all olevale nupul\u00a0&#8220;Lisa korvi&#8221;.\u00a0Toodete ostukorvi lisamine ei kohusta Teid valitud tooteid ostma. J\u00e4tka ostukorvi t\u00e4itmist niikaua kui oled valinud sinna k\u00f5ik vajaliku. Ostukorvis olevate toodete vaatamiseks [&hellip;]<\/p>\n","protected":false},"author":1,"featured_media":0,"parent":0,"menu_order":0,"comment_status":"closed","ping_status":"closed","template":"","meta":{"site-sidebar-layout":"no-sidebar","site-content-layout":"page-builder","ast-site-content-layout":"full-width-container","site-content-style":"unboxed","site-sidebar-style":"unboxed","ast-global-header-display":"","ast-banner-title-visibility":"","ast-main-header-display":"","ast-hfb-above-header-display":"","ast-hfb-below-header-display":"","ast-hfb-mobile-header-display":"","site-post-title":"disabled","ast-breadcrumbs-content":"","ast-featured-img":"disabled","footer-sml-layout":"","ast-disable-related-posts":"","theme-transparent-header-meta":"default","adv-header-id-meta":"","stick-header-meta":"","header-above-stick-meta":"","header-main-stick-meta":"","header-below-stick-meta":"","astra-migrate-meta-layouts":"set","ast-page-background-enabled":"default","ast-page-background-meta":{"desktop":{"background-color":"","background-image":"","background-repeat":"repeat","background-position":"center center","background-size":"auto","background-attachment":"scroll","background-type":"","background-media":"","overlay-type":"","overlay-color":"","overlay-opacity":"","overlay-gradient":""},"tablet":{"background-color":"","background-image":"","background-repeat":"repeat","background-position":"center center","background-size":"auto","background-attachment":"scroll","background-type":"","background-media":"","overlay-type":"","overlay-color":"","overlay-opacity":"","overlay-gradient":""},"mobile":{"background-color":"","background-image":"","background-repeat":"repeat","background-position":"center center","background-size":"auto","background-attachment":"scroll","background-type":"","background-media":"","overlay-type":"","overlay-color":"","overlay-opacity":"","overlay-gradient":""}},"ast-content-background-meta":{"desktop":{"background-color":"var(--ast-global-color-5)","background-image":"","background-repeat":"repeat","background-position":"center center","background-size":"auto","background-attachment":"scroll","background-type":"","background-media":"","overlay-type":"","overlay-color":"","overlay-opacity":"","overlay-gradient":""},"tablet":{"background-color":"var(--ast-global-color-5)","background-image":"","background-repeat":"repeat","background-position":"center center","background-size":"auto","background-attachment":"scroll","background-type":"","background-media":"","overlay-type":"","overlay-color":"","overlay-opacity":"","overlay-gradient":""},"mobile":{"background-color":"var(--ast-global-color-5)","background-image":"","background-repeat":"repeat","background-position":"center center","background-size":"auto","background-attachment":"scroll","background-type":"","background-media":"","overlay-type":"","overlay-color":"","overlay-opacity":"","overlay-gradient":""}},"footnotes":""},"class_list":["post-4351","page","type-page","status-publish","hentry"],"yoast_head":"<!-- This site is optimized with the Yoast SEO plugin v26.9 - https:\/\/yoast.com\/product\/yoast-seo-wordpress\/ -->\n<title>Tellimine - W\u00f5ro Moto<\/title>\n<meta name=\"robots\" content=\"index, follow, max-snippet:-1, max-image-preview:large, max-video-preview:-1\" \/>\n<link rel=\"canonical\" href=\"https:\/\/www.relibet.ee\/woromotouus\/tellimine\/\" \/>\n<meta property=\"og:locale\" content=\"et_EE\" \/>\n<meta property=\"og:type\" content=\"article\" \/>\n<meta property=\"og:title\" content=\"Tellimine - W\u00f5ro Moto\" \/>\n<meta property=\"og:description\" content=\"Tellimine E-poest ostmine koosneb neljast etapist: Ostukorvi koostamine Tellimuse vormistamine Ostu eest tasumine Kauba k\u00e4tte saamine (kohaletoimetamine) Ostukorvi koostamine Vali sulle sobivad tooted ning lisa need ostukorvi klikkides toote all olevale nupul\u00a0&#8220;Lisa korvi&#8221;.\u00a0Toodete ostukorvi lisamine ei kohusta Teid valitud tooteid ostma. J\u00e4tka ostukorvi t\u00e4itmist niikaua kui oled valinud sinna k\u00f5ik vajaliku. Ostukorvis olevate toodete vaatamiseks [&hellip;]\" \/>\n<meta property=\"og:url\" content=\"https:\/\/www.relibet.ee\/woromotouus\/tellimine\/\" \/>\n<meta property=\"og:site_name\" content=\"W\u00f5ro Moto\" \/>\n<meta property=\"article:modified_time\" content=\"2026-02-04T09:47:15+00:00\" \/>\n<meta name=\"twitter:card\" content=\"summary_large_image\" \/>\n<meta name=\"twitter:label1\" content=\"Est. reading time\" \/>\n\t<meta name=\"twitter:data1\" content=\"2 minutit\" \/>\n<script type=\"application\/ld+json\" class=\"yoast-schema-graph\">{\"@context\":\"https:\/\/schema.org\",\"@graph\":[{\"@type\":\"WebPage\",\"@id\":\"https:\/\/www.relibet.ee\/woromotouus\/tellimine\/\",\"url\":\"https:\/\/www.relibet.ee\/woromotouus\/tellimine\/\",\"name\":\"Tellimine - W\u00f5ro Moto\",\"isPartOf\":{\"@id\":\"https:\/\/www.relibet.ee\/woromotouus\/#website\"},\"datePublished\":\"2018-04-11T09:28:22+00:00\",\"dateModified\":\"2026-02-04T09:47:15+00:00\",\"breadcrumb\":{\"@id\":\"https:\/\/www.relibet.ee\/woromotouus\/tellimine\/#breadcrumb\"},\"inLanguage\":\"et\",\"potentialAction\":[{\"@type\":\"ReadAction\",\"target\":[\"https:\/\/www.relibet.ee\/woromotouus\/tellimine\/\"]}]},{\"@type\":\"BreadcrumbList\",\"@id\":\"https:\/\/www.relibet.ee\/woromotouus\/tellimine\/#breadcrumb\",\"itemListElement\":[{\"@type\":\"ListItem\",\"position\":1,\"name\":\"Home\",\"item\":\"https:\/\/www.relibet.ee\/woromotouus\/\"},{\"@type\":\"ListItem\",\"position\":2,\"name\":\"Tellimine\"}]},{\"@type\":\"WebSite\",\"@id\":\"https:\/\/www.relibet.ee\/woromotouus\/#website\",\"url\":\"https:\/\/www.relibet.ee\/woromotouus\/\",\"name\":\"W\u00f5ro Moto\",\"description\":\"Mototehnika e-pood\",\"publisher\":{\"@id\":\"https:\/\/www.relibet.ee\/woromotouus\/#organization\"},\"potentialAction\":[{\"@type\":\"SearchAction\",\"target\":{\"@type\":\"EntryPoint\",\"urlTemplate\":\"https:\/\/www.relibet.ee\/woromotouus\/?s={search_term_string}\"},\"query-input\":{\"@type\":\"PropertyValueSpecification\",\"valueRequired\":true,\"valueName\":\"search_term_string\"}}],\"inLanguage\":\"et\"},{\"@type\":\"Organization\",\"@id\":\"https:\/\/www.relibet.ee\/woromotouus\/#organization\",\"name\":\"Relibet O\u00dc\",\"url\":\"https:\/\/www.relibet.ee\/woromotouus\/\",\"logo\":{\"@type\":\"ImageObject\",\"inLanguage\":\"et\",\"@id\":\"https:\/\/www.relibet.ee\/woromotouus\/#\/schema\/logo\/image\/\",\"url\":\"https:\/\/www.relibet.ee\/woromotouus\/wp-content\/uploads\/2018\/04\/W\u00f5romoto_logo.png\",\"contentUrl\":\"https:\/\/www.relibet.ee\/woromotouus\/wp-content\/uploads\/2018\/04\/W\u00f5romoto_logo.png\",\"width\":200,\"height\":50,\"caption\":\"Relibet O\u00dc\"},\"image\":{\"@id\":\"https:\/\/www.relibet.ee\/woromotouus\/#\/schema\/logo\/image\/\"}}]}<\/script>\n<!-- \/ Yoast SEO plugin. -->","yoast_head_json":{"title":"Tellimine - W\u00f5ro Moto","robots":{"index":"index","follow":"follow","max-snippet":"max-snippet:-1","max-image-preview":"max-image-preview:large","max-video-preview":"max-video-preview:-1"},"canonical":"https:\/\/www.relibet.ee\/woromotouus\/tellimine\/","og_locale":"et_EE","og_type":"article","og_title":"Tellimine - W\u00f5ro Moto","og_description":"Tellimine E-poest ostmine koosneb neljast etapist: Ostukorvi koostamine Tellimuse vormistamine Ostu eest tasumine Kauba k\u00e4tte saamine (kohaletoimetamine) Ostukorvi koostamine Vali sulle sobivad tooted ning lisa need ostukorvi klikkides toote all olevale nupul\u00a0&#8220;Lisa korvi&#8221;.\u00a0Toodete ostukorvi lisamine ei kohusta Teid valitud tooteid ostma. J\u00e4tka ostukorvi t\u00e4itmist niikaua kui oled valinud sinna k\u00f5ik vajaliku. Ostukorvis olevate toodete vaatamiseks [&hellip;]","og_url":"https:\/\/www.relibet.ee\/woromotouus\/tellimine\/","og_site_name":"W\u00f5ro Moto","article_modified_time":"2026-02-04T09:47:15+00:00","twitter_card":"summary_large_image","twitter_misc":{"Est. reading time":"2 minutit"},"schema":{"@context":"https:\/\/schema.org","@graph":[{"@type":"WebPage","@id":"https:\/\/www.relibet.ee\/woromotouus\/tellimine\/","url":"https:\/\/www.relibet.ee\/woromotouus\/tellimine\/","name":"Tellimine - W\u00f5ro Moto","isPartOf":{"@id":"https:\/\/www.relibet.ee\/woromotouus\/#website"},"datePublished":"2018-04-11T09:28:22+00:00","dateModified":"2026-02-04T09:47:15+00:00","breadcrumb":{"@id":"https:\/\/www.relibet.ee\/woromotouus\/tellimine\/#breadcrumb"},"inLanguage":"et","potentialAction":[{"@type":"ReadAction","target":["https:\/\/www.relibet.ee\/woromotouus\/tellimine\/"]}]},{"@type":"BreadcrumbList","@id":"https:\/\/www.relibet.ee\/woromotouus\/tellimine\/#breadcrumb","itemListElement":[{"@type":"ListItem","position":1,"name":"Home","item":"https:\/\/www.relibet.ee\/woromotouus\/"},{"@type":"ListItem","position":2,"name":"Tellimine"}]},{"@type":"WebSite","@id":"https:\/\/www.relibet.ee\/woromotouus\/#website","url":"https:\/\/www.relibet.ee\/woromotouus\/","name":"W\u00f5ro Moto","description":"Mototehnika e-pood","publisher":{"@id":"https:\/\/www.relibet.ee\/woromotouus\/#organization"},"potentialAction":[{"@type":"SearchAction","target":{"@type":"EntryPoint","urlTemplate":"https:\/\/www.relibet.ee\/woromotouus\/?s={search_term_string}"},"query-input":{"@type":"PropertyValueSpecification","valueRequired":true,"valueName":"search_term_string"}}],"inLanguage":"et"},{"@type":"Organization","@id":"https:\/\/www.relibet.ee\/woromotouus\/#organization","name":"Relibet O\u00dc","url":"https:\/\/www.relibet.ee\/woromotouus\/","logo":{"@type":"ImageObject","inLanguage":"et","@id":"https:\/\/www.relibet.ee\/woromotouus\/#\/schema\/logo\/image\/","url":"https:\/\/www.relibet.ee\/woromotouus\/wp-content\/uploads\/2018\/04\/W\u00f5romoto_logo.png","contentUrl":"https:\/\/www.relibet.ee\/woromotouus\/wp-content\/uploads\/2018\/04\/W\u00f5romoto_logo.png","width":200,"height":50,"caption":"Relibet O\u00dc"},"image":{"@id":"https:\/\/www.relibet.ee\/woromotouus\/#\/schema\/logo\/image\/"}}]}},"_links":{"self":[{"href":"https:\/\/www.relibet.ee\/woromotouus\/wp-json\/wp\/v2\/pages\/4351","targetHints":{"allow":["GET"]}}],"collection":[{"href":"https:\/\/www.relibet.ee\/woromotouus\/wp-json\/wp\/v2\/pages"}],"about":[{"href":"https:\/\/www.relibet.ee\/woromotouus\/wp-json\/wp\/v2\/types\/page"}],"author":[{"embeddable":true,"href":"https:\/\/www.relibet.ee\/woromotouus\/wp-json\/wp\/v2\/users\/1"}],"replies":[{"embeddable":true,"href":"https:\/\/www.relibet.ee\/woromotouus\/wp-json\/wp\/v2\/comments?post=4351"}],"version-history":[{"count":5,"href":"https:\/\/www.relibet.ee\/woromotouus\/wp-json\/wp\/v2\/pages\/4351\/revisions"}],"predecessor-version":[{"id":25788,"href":"https:\/\/www.relibet.ee\/woromotouus\/wp-json\/wp\/v2\/pages\/4351\/revisions\/25788"}],"wp:attachment":[{"href":"https:\/\/www.relibet.ee\/woromotouus\/wp-json\/wp\/v2\/media?parent=4351"}],"curies":[{"name":"wp","href":"https:\/\/api.w.org\/{rel}","templated":true}]}}