{"id":4357,"date":"2018-04-11T09:28:53","date_gmt":"2018-04-11T09:28:53","guid":{"rendered":"http:\/\/www.relibet.ee\/woromotouus\/?page_id=4357"},"modified":"2026-04-15T11:02:18","modified_gmt":"2026-04-15T08:02:18","slug":"kontakt","status":"publish","type":"page","link":"https:\/\/www.relibet.ee\/woromotouus\/kontakt\/","title":{"rendered":"Kontakt"},"content":{"rendered":"\t\t<div data-elementor-type=\"wp-post\" data-elementor-id=\"4357\" class=\"elementor elementor-4357\" data-elementor-post-type=\"page\">\n\t\t\t\t\t\t<section class=\"elementor-section elementor-top-section elementor-element elementor-element-7761c0d6 elementor-section-stretched elementor-section-full_width elementor-section-height-default elementor-section-height-default\" data-id=\"7761c0d6\" data-element_type=\"section\" data-e-type=\"section\" data-settings=\"{&quot;background_background&quot;:&quot;classic&quot;,&quot;stretch_section&quot;:&quot;section-stretched&quot;}\">\n\t\t\t\t\t\t\t<div class=\"elementor-background-overlay\"><\/div>\n\t\t\t\t\t\t\t<div class=\"elementor-container elementor-column-gap-default\">\n\t\t\t\t\t<div class=\"elementor-column elementor-col-100 elementor-top-column elementor-element elementor-element-55feff57\" data-id=\"55feff57\" data-element_type=\"column\" data-e-type=\"column\">\n\t\t\t<div class=\"elementor-widget-wrap elementor-element-populated\">\n\t\t\t\t\t\t<div class=\"elementor-element elementor-element-52e25f01 elementor-invisible elementor-widget elementor-widget-heading\" data-id=\"52e25f01\" data-element_type=\"widget\" data-e-type=\"widget\" data-settings=\"{&quot;_animation&quot;:&quot;fadeInDown&quot;}\" data-widget_type=\"heading.default\">\n\t\t\t\t<div class=\"elementor-widget-container\">\n\t\t\t\t\t<h2 class=\"elementor-heading-title elementor-size-large\">V\u00d5TA \u00dcHENDUST<\/h2>\t\t\t\t<\/div>\n\t\t\t\t<\/div>\n\t\t\t\t<div class=\"elementor-element elementor-element-12c6afcd elementor-invisible elementor-widget elementor-widget-heading\" data-id=\"12c6afcd\" data-element_type=\"widget\" data-e-type=\"widget\" data-settings=\"{&quot;_animation&quot;:&quot;fadeInUp&quot;}\" data-widget_type=\"heading.default\">\n\t\t\t\t<div class=\"elementor-widget-container\">\n\t\t\t\t\t<h3 class=\"elementor-heading-title elementor-size-large\">+372 50 83 733 v\u00f5i woromoto@gmail.com<\/h3>\t\t\t\t<\/div>\n\t\t\t\t<\/div>\n\t\t\t\t\t<\/div>\n\t\t<\/div>\n\t\t\t\t\t<\/div>\n\t\t<\/section>\n\t\t\t\t<section class=\"elementor-section elementor-top-section elementor-element elementor-element-4d7c563e elementor-section-stretched elementor-section-boxed elementor-section-height-default elementor-section-height-default\" data-id=\"4d7c563e\" data-element_type=\"section\" data-e-type=\"section\" data-settings=\"{&quot;background_background&quot;:&quot;classic&quot;,&quot;stretch_section&quot;:&quot;section-stretched&quot;}\">\n\t\t\t\t\t\t<div class=\"elementor-container elementor-column-gap-default\">\n\t\t\t\t\t<div class=\"elementor-column elementor-col-50 elementor-top-column elementor-element elementor-element-25315574\" data-id=\"25315574\" data-element_type=\"column\" data-e-type=\"column\">\n\t\t\t<div class=\"elementor-widget-wrap elementor-element-populated\">\n\t\t\t\t\t\t<div class=\"elementor-element elementor-element-4a8f4217 elementor-widget elementor-widget-heading\" data-id=\"4a8f4217\" data-element_type=\"widget\" data-e-type=\"widget\" data-widget_type=\"heading.default\">\n\t\t\t\t<div class=\"elementor-widget-container\">\n\t\t\t\t\t<h2 class=\"elementor-heading-title elementor-size-large\">Kirjuta meile<\/h2>\t\t\t\t<\/div>\n\t\t\t\t<\/div>\n\t\t\t\t<div class=\"elementor-element elementor-element-69ed1eb2 elementor-widget elementor-widget-text-editor\" data-id=\"69ed1eb2\" data-element_type=\"widget\" data-e-type=\"widget\" data-widget_type=\"text-editor.default\">\n\t\t\t\t<div class=\"elementor-widget-container\">\n\t\t\t\t\t\t\t\t\t<p>Kui leiad, et midagi mototehnikaga seoses vajalikku on e-poest puudu v\u00f5i tekib probleeme lehel ostude sooritamisel, siis kirjuta julgelt!<\/p><p><strong>PS! Kontrolli \u00fcle oma e-posti aadress, et meie vastus j\u00f5uaks p\u00e4rast sinuni.\u00a0<\/strong><\/p>\t\t\t\t\t\t\t\t<\/div>\n\t\t\t\t<\/div>\n\t\t\t\t\t<\/div>\n\t\t<\/div>\n\t\t\t\t<div class=\"elementor-column elementor-col-50 elementor-top-column elementor-element elementor-element-395d8656\" data-id=\"395d8656\" data-element_type=\"column\" data-e-type=\"column\" data-settings=\"{&quot;background_background&quot;:&quot;classic&quot;}\">\n\t\t\t<div class=\"elementor-widget-wrap elementor-element-populated\">\n\t\t\t\t\t\t<div class=\"elementor-element elementor-element-656fa8c5 elementor-button-align-center elementor-mobile-button-align-stretch elementor-widget elementor-widget-form\" data-id=\"656fa8c5\" data-element_type=\"widget\" data-e-type=\"widget\" data-settings=\"{&quot;step_next_label&quot;:&quot;Next&quot;,&quot;step_previous_label&quot;:&quot;Previous&quot;,&quot;button_width&quot;:&quot;100&quot;,&quot;step_type&quot;:&quot;number_text&quot;,&quot;step_icon_shape&quot;:&quot;circle&quot;}\" data-widget_type=\"form.default\">\n\t\t\t\t<div class=\"elementor-widget-container\">\n\t\t\t\t\t\t\t<form class=\"elementor-form\" method=\"post\" name=\"Kodulehelt s\u00f5num\" aria-label=\"Kodulehelt s\u00f5num\">\n\t\t\t<input type=\"hidden\" name=\"post_id\" value=\"4357\"\/>\n\t\t\t<input type=\"hidden\" name=\"form_id\" value=\"656fa8c5\"\/>\n\t\t\t<input type=\"hidden\" name=\"referer_title\" value=\"Kontakt - W\u00f5ro Moto\" \/>\n\n\t\t\t\t\t\t\t<input type=\"hidden\" name=\"queried_id\" value=\"4357\"\/>\n\t\t\t\n\t\t\t<div class=\"elementor-form-fields-wrapper elementor-labels-\">\n\t\t\t\t\t\t\t\t<div class=\"elementor-field-type-text elementor-field-group elementor-column elementor-field-group-name elementor-col-50 elementor-field-required\">\n\t\t\t\t\t\t\t\t\t\t\t\t<label for=\"form-field-name\" class=\"elementor-field-label elementor-screen-only\">\n\t\t\t\t\t\t\t\tNImi\t\t\t\t\t\t\t<\/label>\n\t\t\t\t\t\t\t\t\t\t\t\t\t\t<input size=\"1\" type=\"text\" name=\"form_fields[name]\" id=\"form-field-name\" class=\"elementor-field elementor-size-sm  elementor-field-textual\" placeholder=\"Nimi\" required=\"required\">\n\t\t\t\t\t\t\t\t\t\t\t<\/div>\n\t\t\t\t\t\t\t\t<div class=\"elementor-field-type-email elementor-field-group elementor-column elementor-field-group-email elementor-col-50 elementor-field-required\">\n\t\t\t\t\t\t\t\t\t\t\t\t<label for=\"form-field-email\" class=\"elementor-field-label elementor-screen-only\">\n\t\t\t\t\t\t\t\tE-post\t\t\t\t\t\t\t<\/label>\n\t\t\t\t\t\t\t\t\t\t\t\t\t\t<input size=\"1\" type=\"email\" name=\"form_fields[email]\" id=\"form-field-email\" class=\"elementor-field elementor-size-sm  elementor-field-textual\" placeholder=\"E-post\" required=\"required\">\n\t\t\t\t\t\t\t\t\t\t\t<\/div>\n\t\t\t\t\t\t\t\t<div class=\"elementor-field-type-text elementor-field-group elementor-column elementor-field-group-field_1 elementor-col-100 elementor-field-required\">\n\t\t\t\t\t\t\t\t\t\t\t\t<label for=\"form-field-field_1\" class=\"elementor-field-label elementor-screen-only\">\n\t\t\t\t\t\t\t\tTeema\t\t\t\t\t\t\t<\/label>\n\t\t\t\t\t\t\t\t\t\t\t\t\t\t<input size=\"1\" type=\"text\" name=\"form_fields[field_1]\" id=\"form-field-field_1\" class=\"elementor-field elementor-size-sm  elementor-field-textual\" placeholder=\"Teema\" required=\"required\">\n\t\t\t\t\t\t\t\t\t\t\t<\/div>\n\t\t\t\t\t\t\t\t<div class=\"elementor-field-type-textarea elementor-field-group elementor-column elementor-field-group-message elementor-col-100 elementor-field-required\">\n\t\t\t\t\t\t\t\t\t\t\t\t<label for=\"form-field-message\" class=\"elementor-field-label elementor-screen-only\">\n\t\t\t\t\t\t\t\tS\u00f5num\t\t\t\t\t\t\t<\/label>\n\t\t\t\t\t\t<textarea class=\"elementor-field-textual elementor-field  elementor-size-sm\" name=\"form_fields[message]\" id=\"form-field-message\" rows=\"4\" placeholder=\"S\u00f5num\" required=\"required\"><\/textarea>\t\t\t\t<\/div>\n\t\t\t\t\t\t\t\t<div class=\"elementor-field-type-acceptance elementor-field-group elementor-column elementor-field-group-65a3e9f elementor-col-100 elementor-field-required\">\n\t\t\t\t\t\t\t<div class=\"elementor-field-subgroup\">\n\t\t\t<span class=\"elementor-field-option\">\n\t\t\t\t<input type=\"checkbox\" name=\"form_fields[65a3e9f]\" id=\"form-field-65a3e9f\" class=\"elementor-field elementor-size-sm  elementor-acceptance-field\" required=\"required\">\n\t\t\t\t<label for=\"form-field-65a3e9f\">N\u00f5ustun, et minu kontaktandmeid kasutatakse minuga kontakteerumiseks.<\/label>\t\t\t<\/span>\n\t\t<\/div>\n\t\t\t\t\t\t<\/div>\n\t\t\t\t\t\t\t\t<div class=\"elementor-field-group elementor-column elementor-field-type-submit elementor-col-100 e-form__buttons\">\n\t\t\t\t\t<button class=\"elementor-button elementor-size-sm\" type=\"submit\">\n\t\t\t\t\t\t<span class=\"elementor-button-content-wrapper\">\n\t\t\t\t\t\t\t\t\t\t\t\t\t\t\t\t\t\t\t\t\t\t<span class=\"elementor-button-text\">Send<\/span>\n\t\t\t\t\t\t\t\t\t\t\t\t\t<\/span>\n\t\t\t\t\t<\/button>\n\t\t\t\t<\/div>\n\t\t\t<\/div>\n\t\t<\/form>\n\t\t\t\t\t\t<\/div>\n\t\t\t\t<\/div>\n\t\t\t\t\t<\/div>\n\t\t<\/div>\n\t\t\t\t\t<\/div>\n\t\t<\/section>\n\t\t\t\t<section class=\"elementor-section elementor-top-section elementor-element elementor-element-10801189 elementor-section-full_width elementor-section-stretched elementor-section-height-default elementor-section-height-default\" data-id=\"10801189\" data-element_type=\"section\" data-e-type=\"section\" data-settings=\"{&quot;stretch_section&quot;:&quot;section-stretched&quot;}\">\n\t\t\t\t\t\t<div class=\"elementor-container elementor-column-gap-no\">\n\t\t\t\t\t<div class=\"elementor-column elementor-col-100 elementor-top-column elementor-element elementor-element-27f9dfe3\" data-id=\"27f9dfe3\" data-element_type=\"column\" data-e-type=\"column\">\n\t\t\t<div class=\"elementor-widget-wrap elementor-element-populated\">\n\t\t\t\t\t\t<div class=\"elementor-element elementor-element-5de18359 elementor-widget elementor-widget-google_maps\" data-id=\"5de18359\" data-element_type=\"widget\" data-e-type=\"widget\" data-widget_type=\"google_maps.default\">\n\t\t\t\t<div class=\"elementor-widget-container\">\n\t\t\t\t\t\t\t<div class=\"elementor-custom-embed\">\n\t\t\t<iframe loading=\"lazy\"\n\t\t\t\t\tsrc=\"https:\/\/maps.google.com\/maps?q=J%C3%BCri%2032A%20v%C3%B5ru&#038;t=m&#038;z=15&#038;output=embed&#038;iwloc=near\"\n\t\t\t\t\ttitle=\"J\u00fcri 32A v\u00f5ru\"\n\t\t\t\t\taria-label=\"J\u00fcri 32A v\u00f5ru\"\n\t\t\t><\/iframe>\n\t\t<\/div>\n\t\t\t\t\t\t<\/div>\n\t\t\t\t<\/div>\n\t\t\t\t\t<\/div>\n\t\t<\/div>\n\t\t\t\t\t<\/div>\n\t\t<\/section>\n\t\t\t\t<section class=\"elementor-section elementor-top-section elementor-element elementor-element-33471cc2 elementor-section-boxed elementor-section-height-default elementor-section-height-default\" data-id=\"33471cc2\" data-element_type=\"section\" data-e-type=\"section\" data-settings=\"{&quot;background_background&quot;:&quot;classic&quot;}\">\n\t\t\t\t\t\t<div class=\"elementor-container elementor-column-gap-default\">\n\t\t\t\t\t<div class=\"elementor-column elementor-col-33 elementor-top-column elementor-element elementor-element-336a54c8\" data-id=\"336a54c8\" data-element_type=\"column\" data-e-type=\"column\">\n\t\t\t<div class=\"elementor-widget-wrap elementor-element-populated\">\n\t\t\t\t\t\t<div class=\"elementor-element elementor-element-3d76c076 elementor-widget elementor-widget-heading\" data-id=\"3d76c076\" data-element_type=\"widget\" data-e-type=\"widget\" data-widget_type=\"heading.default\">\n\t\t\t\t<div class=\"elementor-widget-container\">\n\t\t\t\t\t<h4 class=\"elementor-heading-title elementor-size-large\">Pood V\u00f5rus<\/h4>\t\t\t\t<\/div>\n\t\t\t\t<\/div>\n\t\t\t\t<div class=\"elementor-element elementor-element-1df1f118 elementor-widget elementor-widget-text-editor\" data-id=\"1df1f118\" data-element_type=\"widget\" data-e-type=\"widget\" data-widget_type=\"text-editor.default\">\n\t\t\t\t<div class=\"elementor-widget-container\">\n\t\t\t\t\t\t\t\t\t<p>J\u00fcri 32A, V\u00f5ru, 65609<\/p>\t\t\t\t\t\t\t\t<\/div>\n\t\t\t\t<\/div>\n\t\t\t\t<div class=\"elementor-element elementor-element-82d8ae2 elementor-widget elementor-widget-text-editor\" data-id=\"82d8ae2\" data-element_type=\"widget\" data-e-type=\"widget\" data-widget_type=\"text-editor.default\">\n\t\t\t\t<div class=\"elementor-widget-container\">\n\t\t\t\t\t\t\t\t\t<p>Avatud&nbsp;<br><br>REEDEL 17.04 AVATUD 10-13.00&nbsp; !!!!!!!!!<\/p>\n<p>esmasp\u00e4evast reedeni 10-14.00<\/p>\n<p>E-poe tellimused t\u00e4idetakse 3 t\u00f6\u00f6p\u00e4eva jooksul.<\/p>\t\t\t\t\t\t\t\t<\/div>\n\t\t\t\t<\/div>\n\t\t\t\t\t<\/div>\n\t\t<\/div>\n\t\t\t\t<div class=\"elementor-column elementor-col-33 elementor-top-column elementor-element elementor-element-76c8e4b3\" data-id=\"76c8e4b3\" data-element_type=\"column\" data-e-type=\"column\">\n\t\t\t<div class=\"elementor-widget-wrap elementor-element-populated\">\n\t\t\t\t\t\t<div class=\"elementor-element elementor-element-495907cb elementor-widget elementor-widget-heading\" data-id=\"495907cb\" data-element_type=\"widget\" data-e-type=\"widget\" data-widget_type=\"heading.default\">\n\t\t\t\t<div class=\"elementor-widget-container\">\n\t\t\t\t\t<h4 class=\"elementor-heading-title elementor-size-large\">Helista meile<\/h4>\t\t\t\t<\/div>\n\t\t\t\t<\/div>\n\t\t\t\t<div class=\"elementor-element elementor-element-4f30876f elementor-widget elementor-widget-text-editor\" data-id=\"4f30876f\" data-element_type=\"widget\" data-e-type=\"widget\" data-widget_type=\"text-editor.default\">\n\t\t\t\t<div class=\"elementor-widget-container\">\n\t\t\t\t\t\t\t\t\t<p>+372 50 83 733<\/p>\t\t\t\t\t\t\t\t<\/div>\n\t\t\t\t<\/div>\n\t\t\t\t<div class=\"elementor-element elementor-element-4f786f08 elementor-widget elementor-widget-text-editor\" data-id=\"4f786f08\" data-element_type=\"widget\" data-e-type=\"widget\" data-widget_type=\"text-editor.default\">\n\t\t\t\t<div class=\"elementor-widget-container\">\n\t\t\t\t\t\t\t\t\t<p>Kui tekkib k\u00fcsimusi v\u00f5i on erisoove, siis v\u00f5ib julgelt helistada.<\/p>\t\t\t\t\t\t\t\t<\/div>\n\t\t\t\t<\/div>\n\t\t\t\t\t<\/div>\n\t\t<\/div>\n\t\t\t\t<div class=\"elementor-column elementor-col-33 elementor-top-column elementor-element elementor-element-577b450\" data-id=\"577b450\" data-element_type=\"column\" data-e-type=\"column\">\n\t\t\t<div class=\"elementor-widget-wrap elementor-element-populated\">\n\t\t\t\t\t\t<div class=\"elementor-element elementor-element-55f67e20 elementor-widget elementor-widget-heading\" data-id=\"55f67e20\" data-element_type=\"widget\" data-e-type=\"widget\" data-widget_type=\"heading.default\">\n\t\t\t\t<div class=\"elementor-widget-container\">\n\t\t\t\t\t<h4 class=\"elementor-heading-title elementor-size-large\">Kasulik info<\/h4>\t\t\t\t<\/div>\n\t\t\t\t<\/div>\n\t\t\t\t<div class=\"elementor-element elementor-element-c8e7e71 elementor-widget elementor-widget-text-editor\" data-id=\"c8e7e71\" data-element_type=\"widget\" data-e-type=\"widget\" data-widget_type=\"text-editor.default\">\n\t\t\t\t<div class=\"elementor-widget-container\">\n\t\t\t\t\t\t\t\t\t<p>woromoto@gmail.com<\/p>\t\t\t\t\t\t\t\t<\/div>\n\t\t\t\t<\/div>\n\t\t\t\t<div class=\"elementor-element elementor-element-125a8f08 elementor-widget elementor-widget-text-editor\" data-id=\"125a8f08\" data-element_type=\"widget\" data-e-type=\"widget\" data-widget_type=\"text-editor.default\">\n\t\t\t\t<div class=\"elementor-widget-container\">\n\t\t\t\t\t\t\t\t\t<p>Relibet O\u00dc<br>Registrikood: 11005302<br>KMKR nr: EE100888436<br>Pangakonto nr: EE082200221024541489 (Swedbank)<\/p>\t\t\t\t\t\t\t\t<\/div>\n\t\t\t\t<\/div>\n\t\t\t\t\t<\/div>\n\t\t<\/div>\n\t\t\t\t\t<\/div>\n\t\t<\/section>\n\t\t\t\t<\/div>\n\t\t","protected":false},"excerpt":{"rendered":"<p>V\u00d5TA \u00dcHENDUST +372 50 83 733 v\u00f5i woromoto@gmail.com Kirjuta meile Kui leiad, et midagi mototehnikaga seoses vajalikku on e-poest puudu v\u00f5i tekib probleeme lehel ostude sooritamisel, siis kirjuta julgelt! PS! Kontrolli \u00fcle oma e-posti aadress, et meie vastus j\u00f5uaks p\u00e4rast sinuni.\u00a0 Pood V\u00f5rus J\u00fcri 32A, V\u00f5ru, 65609 Avatud&nbsp; REEDEL 17.04 AVATUD 10-13.00&nbsp; !!!!!!!!! esmasp\u00e4evast reedeni [&hellip;]<\/p>\n","protected":false},"author":1,"featured_media":0,"parent":0,"menu_order":0,"comment_status":"closed","ping_status":"closed","template":"","meta":{"site-sidebar-layout":"default","site-content-layout":"default","ast-site-content-layout":"default","site-content-style":"default","site-sidebar-style":"default","ast-global-header-display":"","ast-banner-title-visibility":"","ast-main-header-display":"","ast-hfb-above-header-display":"","ast-hfb-below-header-display":"","ast-hfb-mobile-header-display":"","site-post-title":"disabled","ast-breadcrumbs-content":"","ast-featured-img":"","footer-sml-layout":"","ast-disable-related-posts":"","theme-transparent-header-meta":"","adv-header-id-meta":"","stick-header-meta":"","header-above-stick-meta":"","header-main-stick-meta":"","header-below-stick-meta":"","astra-migrate-meta-layouts":"default","ast-page-background-enabled":"default","ast-page-background-meta":{"desktop":{"background-color":"","background-image":"","background-repeat":"repeat","background-position":"center center","background-size":"auto","background-attachment":"scroll","background-type":"","background-media":"","overlay-type":"","overlay-color":"","overlay-opacity":"","overlay-gradient":""},"tablet":{"background-color":"","background-image":"","background-repeat":"repeat","background-position":"center center","background-size":"auto","background-attachment":"scroll","background-type":"","background-media":"","overlay-type":"","overlay-color":"","overlay-opacity":"","overlay-gradient":""},"mobile":{"background-color":"","background-image":"","background-repeat":"repeat","background-position":"center center","background-size":"auto","background-attachment":"scroll","background-type":"","background-media":"","overlay-type":"","overlay-color":"","overlay-opacity":"","overlay-gradient":""}},"ast-content-background-meta":{"desktop":{"background-color":"var(--ast-global-color-5)","background-image":"","background-repeat":"repeat","background-position":"center center","background-size":"auto","background-attachment":"scroll","background-type":"","background-media":"","overlay-type":"","overlay-color":"","overlay-opacity":"","overlay-gradient":""},"tablet":{"background-color":"var(--ast-global-color-5)","background-image":"","background-repeat":"repeat","background-position":"center center","background-size":"auto","background-attachment":"scroll","background-type":"","background-media":"","overlay-type":"","overlay-color":"","overlay-opacity":"","overlay-gradient":""},"mobile":{"background-color":"var(--ast-global-color-5)","background-image":"","background-repeat":"repeat","background-position":"center center","background-size":"auto","background-attachment":"scroll","background-type":"","background-media":"","overlay-type":"","overlay-color":"","overlay-opacity":"","overlay-gradient":""}},"footnotes":""},"class_list":["post-4357","page","type-page","status-publish","hentry"],"yoast_head":"<!-- This site is optimized with the Yoast SEO plugin v27.5 - https:\/\/yoast.com\/product\/yoast-seo-wordpress\/ -->\n<title>Kontakt - W\u00f5ro Moto<\/title>\n<meta name=\"description\" content=\"Kirjuta meile, kui tekkib k\u00fcsimusi motokaupade m\u00f5\u00f5tude\/sobivuse kohta v\u00f5i tekkib soov tellida varuosasid, mis pole e-poes m\u00fc\u00fcgis.\" \/>\n<meta name=\"robots\" content=\"index, follow, max-snippet:-1, max-image-preview:large, max-video-preview:-1\" \/>\n<link rel=\"canonical\" href=\"https:\/\/www.relibet.ee\/woromotouus\/kontakt\/\" \/>\n<meta property=\"og:locale\" content=\"et_EE\" \/>\n<meta property=\"og:type\" content=\"article\" \/>\n<meta property=\"og:title\" content=\"Kontakt - W\u00f5ro Moto\" \/>\n<meta property=\"og:description\" content=\"Kirjuta meile, kui tekkib k\u00fcsimusi motokaupade m\u00f5\u00f5tude\/sobivuse kohta v\u00f5i tekkib soov tellida varuosasid, mis pole e-poes m\u00fc\u00fcgis.\" \/>\n<meta property=\"og:url\" content=\"https:\/\/www.relibet.ee\/woromotouus\/kontakt\/\" \/>\n<meta property=\"og:site_name\" content=\"W\u00f5ro Moto\" \/>\n<meta property=\"article:modified_time\" content=\"2026-04-15T08:02:18+00:00\" \/>\n<meta name=\"twitter:card\" content=\"summary_large_image\" \/>\n<meta name=\"twitter:label1\" content=\"Est. reading time\" \/>\n\t<meta name=\"twitter:data1\" content=\"1 minut\" \/>\n<script type=\"application\/ld+json\" class=\"yoast-schema-graph\">{\"@context\":\"https:\\\/\\\/schema.org\",\"@graph\":[{\"@type\":\"WebPage\",\"@id\":\"https:\\\/\\\/www.relibet.ee\\\/woromotouus\\\/kontakt\\\/\",\"url\":\"https:\\\/\\\/www.relibet.ee\\\/woromotouus\\\/kontakt\\\/\",\"name\":\"Kontakt - W\u00f5ro Moto\",\"isPartOf\":{\"@id\":\"https:\\\/\\\/www.relibet.ee\\\/woromotouus\\\/#website\"},\"datePublished\":\"2018-04-11T09:28:53+00:00\",\"dateModified\":\"2026-04-15T08:02:18+00:00\",\"description\":\"Kirjuta meile, kui tekkib k\u00fcsimusi motokaupade m\u00f5\u00f5tude\\\/sobivuse kohta v\u00f5i tekkib soov tellida varuosasid, mis pole e-poes m\u00fc\u00fcgis.\",\"breadcrumb\":{\"@id\":\"https:\\\/\\\/www.relibet.ee\\\/woromotouus\\\/kontakt\\\/#breadcrumb\"},\"inLanguage\":\"et\",\"potentialAction\":[{\"@type\":\"ReadAction\",\"target\":[\"https:\\\/\\\/www.relibet.ee\\\/woromotouus\\\/kontakt\\\/\"]}]},{\"@type\":\"BreadcrumbList\",\"@id\":\"https:\\\/\\\/www.relibet.ee\\\/woromotouus\\\/kontakt\\\/#breadcrumb\",\"itemListElement\":[{\"@type\":\"ListItem\",\"position\":1,\"name\":\"Home\",\"item\":\"https:\\\/\\\/www.relibet.ee\\\/woromotouus\\\/\"},{\"@type\":\"ListItem\",\"position\":2,\"name\":\"Kontakt\"}]},{\"@type\":\"WebSite\",\"@id\":\"https:\\\/\\\/www.relibet.ee\\\/woromotouus\\\/#website\",\"url\":\"https:\\\/\\\/www.relibet.ee\\\/woromotouus\\\/\",\"name\":\"W\u00f5ro Moto\",\"description\":\"Mototehnika e-pood\",\"publisher\":{\"@id\":\"https:\\\/\\\/www.relibet.ee\\\/woromotouus\\\/#organization\"},\"potentialAction\":[{\"@type\":\"SearchAction\",\"target\":{\"@type\":\"EntryPoint\",\"urlTemplate\":\"https:\\\/\\\/www.relibet.ee\\\/woromotouus\\\/?s={search_term_string}\"},\"query-input\":{\"@type\":\"PropertyValueSpecification\",\"valueRequired\":true,\"valueName\":\"search_term_string\"}}],\"inLanguage\":\"et\"},{\"@type\":\"Organization\",\"@id\":\"https:\\\/\\\/www.relibet.ee\\\/woromotouus\\\/#organization\",\"name\":\"Relibet O\u00dc\",\"url\":\"https:\\\/\\\/www.relibet.ee\\\/woromotouus\\\/\",\"logo\":{\"@type\":\"ImageObject\",\"inLanguage\":\"et\",\"@id\":\"https:\\\/\\\/www.relibet.ee\\\/woromotouus\\\/#\\\/schema\\\/logo\\\/image\\\/\",\"url\":\"https:\\\/\\\/www.relibet.ee\\\/woromotouus\\\/wp-content\\\/uploads\\\/2018\\\/04\\\/W\u00f5romoto_logo.png\",\"contentUrl\":\"https:\\\/\\\/www.relibet.ee\\\/woromotouus\\\/wp-content\\\/uploads\\\/2018\\\/04\\\/W\u00f5romoto_logo.png\",\"width\":200,\"height\":50,\"caption\":\"Relibet O\u00dc\"},\"image\":{\"@id\":\"https:\\\/\\\/www.relibet.ee\\\/woromotouus\\\/#\\\/schema\\\/logo\\\/image\\\/\"}}]}<\/script>\n<!-- \/ Yoast SEO plugin. -->","yoast_head_json":{"title":"Kontakt - W\u00f5ro Moto","description":"Kirjuta meile, kui tekkib k\u00fcsimusi motokaupade m\u00f5\u00f5tude\/sobivuse kohta v\u00f5i tekkib soov tellida varuosasid, mis pole e-poes m\u00fc\u00fcgis.","robots":{"index":"index","follow":"follow","max-snippet":"max-snippet:-1","max-image-preview":"max-image-preview:large","max-video-preview":"max-video-preview:-1"},"canonical":"https:\/\/www.relibet.ee\/woromotouus\/kontakt\/","og_locale":"et_EE","og_type":"article","og_title":"Kontakt - W\u00f5ro Moto","og_description":"Kirjuta meile, kui tekkib k\u00fcsimusi motokaupade m\u00f5\u00f5tude\/sobivuse kohta v\u00f5i tekkib soov tellida varuosasid, mis pole e-poes m\u00fc\u00fcgis.","og_url":"https:\/\/www.relibet.ee\/woromotouus\/kontakt\/","og_site_name":"W\u00f5ro Moto","article_modified_time":"2026-04-15T08:02:18+00:00","twitter_card":"summary_large_image","twitter_misc":{"Est. reading time":"1 minut"},"schema":{"@context":"https:\/\/schema.org","@graph":[{"@type":"WebPage","@id":"https:\/\/www.relibet.ee\/woromotouus\/kontakt\/","url":"https:\/\/www.relibet.ee\/woromotouus\/kontakt\/","name":"Kontakt - W\u00f5ro Moto","isPartOf":{"@id":"https:\/\/www.relibet.ee\/woromotouus\/#website"},"datePublished":"2018-04-11T09:28:53+00:00","dateModified":"2026-04-15T08:02:18+00:00","description":"Kirjuta meile, kui tekkib k\u00fcsimusi motokaupade m\u00f5\u00f5tude\/sobivuse kohta v\u00f5i tekkib soov tellida varuosasid, mis pole e-poes m\u00fc\u00fcgis.","breadcrumb":{"@id":"https:\/\/www.relibet.ee\/woromotouus\/kontakt\/#breadcrumb"},"inLanguage":"et","potentialAction":[{"@type":"ReadAction","target":["https:\/\/www.relibet.ee\/woromotouus\/kontakt\/"]}]},{"@type":"BreadcrumbList","@id":"https:\/\/www.relibet.ee\/woromotouus\/kontakt\/#breadcrumb","itemListElement":[{"@type":"ListItem","position":1,"name":"Home","item":"https:\/\/www.relibet.ee\/woromotouus\/"},{"@type":"ListItem","position":2,"name":"Kontakt"}]},{"@type":"WebSite","@id":"https:\/\/www.relibet.ee\/woromotouus\/#website","url":"https:\/\/www.relibet.ee\/woromotouus\/","name":"W\u00f5ro Moto","description":"Mototehnika e-pood","publisher":{"@id":"https:\/\/www.relibet.ee\/woromotouus\/#organization"},"potentialAction":[{"@type":"SearchAction","target":{"@type":"EntryPoint","urlTemplate":"https:\/\/www.relibet.ee\/woromotouus\/?s={search_term_string}"},"query-input":{"@type":"PropertyValueSpecification","valueRequired":true,"valueName":"search_term_string"}}],"inLanguage":"et"},{"@type":"Organization","@id":"https:\/\/www.relibet.ee\/woromotouus\/#organization","name":"Relibet O\u00dc","url":"https:\/\/www.relibet.ee\/woromotouus\/","logo":{"@type":"ImageObject","inLanguage":"et","@id":"https:\/\/www.relibet.ee\/woromotouus\/#\/schema\/logo\/image\/","url":"https:\/\/www.relibet.ee\/woromotouus\/wp-content\/uploads\/2018\/04\/W\u00f5romoto_logo.png","contentUrl":"https:\/\/www.relibet.ee\/woromotouus\/wp-content\/uploads\/2018\/04\/W\u00f5romoto_logo.png","width":200,"height":50,"caption":"Relibet O\u00dc"},"image":{"@id":"https:\/\/www.relibet.ee\/woromotouus\/#\/schema\/logo\/image\/"}}]}},"_links":{"self":[{"href":"https:\/\/www.relibet.ee\/woromotouus\/wp-json\/wp\/v2\/pages\/4357","targetHints":{"allow":["GET"]}}],"collection":[{"href":"https:\/\/www.relibet.ee\/woromotouus\/wp-json\/wp\/v2\/pages"}],"about":[{"href":"https:\/\/www.relibet.ee\/woromotouus\/wp-json\/wp\/v2\/types\/page"}],"author":[{"embeddable":true,"href":"https:\/\/www.relibet.ee\/woromotouus\/wp-json\/wp\/v2\/users\/1"}],"replies":[{"embeddable":true,"href":"https:\/\/www.relibet.ee\/woromotouus\/wp-json\/wp\/v2\/comments?post=4357"}],"version-history":[{"count":5,"href":"https:\/\/www.relibet.ee\/woromotouus\/wp-json\/wp\/v2\/pages\/4357\/revisions"}],"predecessor-version":[{"id":27019,"href":"https:\/\/www.relibet.ee\/woromotouus\/wp-json\/wp\/v2\/pages\/4357\/revisions\/27019"}],"wp:attachment":[{"href":"https:\/\/www.relibet.ee\/woromotouus\/wp-json\/wp\/v2\/media?parent=4357"}],"curies":[{"name":"wp","href":"https:\/\/api.w.org\/{rel}","templated":true}]}}