{"id":4724,"date":"2018-05-23T11:09:22","date_gmt":"2018-05-23T11:09:22","guid":{"rendered":"http:\/\/www.relibet.ee\/woromotouus\/?page_id=4724"},"modified":"2018-06-25T10:51:10","modified_gmt":"2018-06-25T10:51:10","slug":"privaatsuspoliitika","status":"publish","type":"page","link":"https:\/\/www.relibet.ee\/woromotouus\/privaatsuspoliitika\/","title":{"rendered":"Privaatsuspoliitika"},"content":{"rendered":"\t\t<div data-elementor-type=\"wp-post\" data-elementor-id=\"4724\" class=\"elementor elementor-4724 elementor-bc-flex-widget\" data-elementor-post-type=\"page\">\n\t\t\t\t\t\t<section class=\"elementor-section elementor-top-section elementor-element elementor-element-1be3c9eb elementor-section-full_width elementor-section-height-min-height elementor-reverse-mobile elementor-section-height-default elementor-section-items-middle\" data-id=\"1be3c9eb\" data-element_type=\"section\" data-e-type=\"section\" data-settings=\"{&quot;background_background&quot;:&quot;classic&quot;}\">\n\t\t\t\t\t\t<div class=\"elementor-container elementor-column-gap-default\">\n\t\t\t\t\t<div class=\"elementor-column elementor-col-100 elementor-top-column elementor-element elementor-element-42113e3\" data-id=\"42113e3\" data-element_type=\"column\" data-e-type=\"column\">\n\t\t\t<div class=\"elementor-widget-wrap elementor-element-populated\">\n\t\t\t\t\t\t<div class=\"elementor-element elementor-element-753ae4e8 elementor-widget elementor-widget-heading\" data-id=\"753ae4e8\" data-element_type=\"widget\" data-e-type=\"widget\" data-widget_type=\"heading.default\">\n\t\t\t\t<div class=\"elementor-widget-container\">\n\t\t\t\t\t<h1 class=\"elementor-heading-title elementor-size-large\">Privaatsuspoliitika<\/h1>\t\t\t\t<\/div>\n\t\t\t\t<\/div>\n\t\t\t\t\t<\/div>\n\t\t<\/div>\n\t\t\t\t\t<\/div>\n\t\t<\/section>\n\t\t\t\t<section class=\"elementor-section elementor-top-section elementor-element elementor-element-ef3560d elementor-section-boxed elementor-section-height-default elementor-section-height-default\" data-id=\"ef3560d\" data-element_type=\"section\" data-e-type=\"section\">\n\t\t\t\t\t\t<div class=\"elementor-container elementor-column-gap-default\">\n\t\t\t\t\t<div class=\"elementor-column elementor-col-100 elementor-top-column elementor-element elementor-element-300e45c\" data-id=\"300e45c\" data-element_type=\"column\" data-e-type=\"column\">\n\t\t\t<div class=\"elementor-widget-wrap elementor-element-populated\">\n\t\t\t\t\t\t<div class=\"elementor-element elementor-element-4e5d823 elementor-widget elementor-widget-heading\" data-id=\"4e5d823\" data-element_type=\"widget\" data-e-type=\"widget\" data-widget_type=\"heading.default\">\n\t\t\t\t<div class=\"elementor-widget-container\">\n\t\t\t\t\t<h2 class=\"elementor-heading-title elementor-size-default\">K\u00fcpsised<\/h2>\t\t\t\t<\/div>\n\t\t\t\t<\/div>\n\t\t\t\t<div class=\"elementor-element elementor-element-ab9664c elementor-widget elementor-widget-text-editor\" data-id=\"ab9664c\" data-element_type=\"widget\" data-e-type=\"widget\" data-widget_type=\"text-editor.default\">\n\t\t\t\t<div class=\"elementor-widget-container\">\n\t\t\t\t\t\t\t\t\t<p><strong>Mis on k\u00fcpsised (ingl cookies)?<br \/><\/strong>K\u00fcpsised on v\u00e4ikesemahulised andmefailid, mis laetakse meie veebilehe k\u00fclastamisel Teie seadmesse. K\u00fcpsiste kasutamine aitab meil:<\/p><ul><li>saada infot k\u00fclastuste kohta;<\/li><li>talletada ostukorvi sisu ka peale lehe sulgemist;<\/li><li>muuta lehte kasutajas\u00f5bralikumaks.<\/li><\/ul><div>Meie poolt kasutatud k\u00fcpsised ei salvesta isiklikke andmeid.<\/div><div>\u00a0<\/div><p><strong>Google Analytics<br \/><\/strong>Kasutame veebilehe k\u00fclastamise anal\u00fc\u00fcsimiseks ja kasutajas\u00f5balikumaks muutmiseks Google Analytics\u2019it. T\u00e4psemalt saab lugeda Google Analytics\u2019i kohta siit. Kui soovite, et Google Analytics ei kasutaks teie k\u00fclastuse andmeid, siis on vajalik installida enda arvutisse <a href=\"https:\/\/tools.google.com\/dlpage\/gaoptout\">Google Analytics Opt-out Browser<\/a>.<\/p><p><strong>Kuidas l\u00fclitada k\u00fcpsised v\u00e4lja v\u00f5i neist keelduda?<br \/><\/strong>V\u00f5ite igal ajal loobuda k\u00fcpsiste kasutamisest ja need enda arvutist eemaldada v\u00f5i keelduda nende salvestamisest seadmesse. Selleks juhised leiate erinevate brauserite jaoks \u2013 <a href=\"https:\/\/support.google.com\/chrome\/answer\/95647?co=GENIE.Platform=Desktop&amp;hl=en\">Chrome<\/a>, <a href=\"https:\/\/www.opera.com\/help\/tutorials\/security\/privacy\/\">Opera<\/a>, <a href=\"https:\/\/support.apple.com\/kb\/ph21411?locale=et_EE\">Safari<\/a>, <a href=\"https:\/\/support.mozilla.org\/en-US\/kb\/delete-cookies-remove-info-websites-stored\">Firefox<\/a>, <a href=\"https:\/\/privacy.microsoft.com\/en-us\/windows-10-microsoft-edge-and-privacy\">Edge<\/a>.<\/p>\t\t\t\t\t\t\t\t<\/div>\n\t\t\t\t<\/div>\n\t\t\t\t\t<\/div>\n\t\t<\/div>\n\t\t\t\t\t<\/div>\n\t\t<\/section>\n\t\t\t\t<section class=\"elementor-section elementor-top-section elementor-element elementor-element-3533c58 elementor-section-boxed elementor-section-height-default elementor-section-height-default\" data-id=\"3533c58\" data-element_type=\"section\" data-e-type=\"section\">\n\t\t\t\t\t\t<div class=\"elementor-container elementor-column-gap-default\">\n\t\t\t\t\t<div class=\"elementor-column elementor-col-100 elementor-top-column elementor-element elementor-element-a078761\" data-id=\"a078761\" data-element_type=\"column\" data-e-type=\"column\">\n\t\t\t<div class=\"elementor-widget-wrap elementor-element-populated\">\n\t\t\t\t\t\t<div class=\"elementor-element elementor-element-5761062 elementor-widget elementor-widget-heading\" data-id=\"5761062\" data-element_type=\"widget\" data-e-type=\"widget\" data-widget_type=\"heading.default\">\n\t\t\t\t<div class=\"elementor-widget-container\">\n\t\t\t\t\t<h2 class=\"elementor-heading-title elementor-size-default\">Isikuandmed<\/h2>\t\t\t\t<\/div>\n\t\t\t\t<\/div>\n\t\t\t\t<div class=\"elementor-element elementor-element-cebe142 elementor-widget elementor-widget-text-editor\" data-id=\"cebe142\" data-element_type=\"widget\" data-e-type=\"widget\" data-widget_type=\"text-editor.default\">\n\t\t\t\t<div class=\"elementor-widget-container\">\n\t\t\t\t\t\t\t\t\t<p><strong>Milliseid isikuandmeid kogume?<br \/><\/strong>Kogume j\u00e4rgmisi isikuandmeid:<\/p><ul><li>Eesnimi<\/li><li>Perekonnanimi<\/li><li>Aadress<\/li><li>Telefon<\/li><li>E-post<\/li><\/ul><p>Lisaks kogume andmeid, mida saame k\u00fcpsiste kaudu, kui olete need meie veebilehte k\u00fclastades lubanud. Teil on \u00f5igus seaduses etten\u00e4htud m\u00e4\u00e4ral teada, milliseid isikuandmeid oleme teie kohta kogunud ning n\u00f5uda vigaste andmete muutmist ja\/v\u00f5i t\u00e4iendamist.\u00a0<\/p><p><strong>Milleks me kogume teie andmeid?<br \/><\/strong>Kogume isikuandmeid ainult tellimuste t\u00e4itmiseks ja vajadusel isikutega \u00fchenduse v\u00f5tmiseks, kui tellimusega on probleeme. Kogutud andmeid k\u00e4sitletakse konfidentsiaalsetena ja neid avaldatakse kolmandatale osapooltele j\u00e4rgmistel juhtudel:<\/p><ul><li>Kaupu transportivad firmadele, et kaup j\u00f5uaks tellijani.<\/li><li>J\u00e4relmaksu taotlemiseks.<\/li><li>Seaduses etten\u00e4htud juhtudele riigiastustele<\/li><\/ul>\t\t\t\t\t\t\t\t<\/div>\n\t\t\t\t<\/div>\n\t\t\t\t\t<\/div>\n\t\t<\/div>\n\t\t\t\t\t<\/div>\n\t\t<\/section>\n\t\t\t\t<section class=\"elementor-section elementor-top-section elementor-element elementor-element-0b68af4 elementor-section-boxed elementor-section-height-default elementor-section-height-default\" data-id=\"0b68af4\" data-element_type=\"section\" data-e-type=\"section\">\n\t\t\t\t\t\t<div class=\"elementor-container elementor-column-gap-default\">\n\t\t\t\t\t<div class=\"elementor-column elementor-col-100 elementor-top-column elementor-element elementor-element-bd9330b\" data-id=\"bd9330b\" data-element_type=\"column\" data-e-type=\"column\">\n\t\t\t<div class=\"elementor-widget-wrap elementor-element-populated\">\n\t\t\t\t\t\t<div class=\"elementor-element elementor-element-587ca08 elementor-widget elementor-widget-heading\" data-id=\"587ca08\" data-element_type=\"widget\" data-e-type=\"widget\" data-widget_type=\"heading.default\">\n\t\t\t\t<div class=\"elementor-widget-container\">\n\t\t\t\t\t<h2 class=\"elementor-heading-title elementor-size-default\">Maksed<\/h2>\t\t\t\t<\/div>\n\t\t\t\t<\/div>\n\t\t\t\t<div class=\"elementor-element elementor-element-414de33 elementor-widget elementor-widget-text-editor\" data-id=\"414de33\" data-element_type=\"widget\" data-e-type=\"widget\" data-widget_type=\"text-editor.default\">\n\t\t\t\t<div class=\"elementor-widget-container\">\n\t\t\t\t\t\t\t\t\t<p><strong>Turvalisus<\/strong><\/p><p>Maksete ja kliendi personaalsete pangatunnuste turvalisuse tagab kr\u00fcpteeritud \u00fchendus pankadega, millele puudub relibet.ee poolne ligip\u00e4\u00e4s. Maksete t\u00f6\u00f6tlemiseks edastatakse info Maksekeskus AS-ile.<\/p><p>\u00a0<\/p><p><strong>K\u00fcsimuste tekkimisel v\u00f5tke \u00fchendust woromoto@gmail.com v\u00f5i telefonil\u00a0+372 50 83 733.<\/strong><\/p>\t\t\t\t\t\t\t\t<\/div>\n\t\t\t\t<\/div>\n\t\t\t\t\t<\/div>\n\t\t<\/div>\n\t\t\t\t\t<\/div>\n\t\t<\/section>\n\t\t\t\t<\/div>\n\t\t","protected":false},"excerpt":{"rendered":"<p>Privaatsuspoliitika K\u00fcpsised Mis on k\u00fcpsised (ingl cookies)?K\u00fcpsised on v\u00e4ikesemahulised andmefailid, mis laetakse meie veebilehe k\u00fclastamisel Teie seadmesse. K\u00fcpsiste kasutamine aitab meil: saada infot k\u00fclastuste kohta; talletada ostukorvi sisu ka peale lehe sulgemist; muuta lehte kasutajas\u00f5bralikumaks. Meie poolt kasutatud k\u00fcpsised ei salvesta isiklikke andmeid.\u00a0 Google AnalyticsKasutame veebilehe k\u00fclastamise anal\u00fc\u00fcsimiseks ja kasutajas\u00f5balikumaks muutmiseks Google Analytics\u2019it. T\u00e4psemalt saab [&hellip;]<\/p>\n","protected":false},"author":1,"featured_media":0,"parent":0,"menu_order":0,"comment_status":"closed","ping_status":"closed","template":"","meta":{"site-sidebar-layout":"no-sidebar","site-content-layout":"page-builder","ast-site-content-layout":"default","site-content-style":"default","site-sidebar-style":"default","ast-global-header-display":"","ast-banner-title-visibility":"","ast-main-header-display":"","ast-hfb-above-header-display":"","ast-hfb-below-header-display":"","ast-hfb-mobile-header-display":"","site-post-title":"disabled","ast-breadcrumbs-content":"","ast-featured-img":"disabled","footer-sml-layout":"","ast-disable-related-posts":"","theme-transparent-header-meta":"","adv-header-id-meta":"","stick-header-meta":"","header-above-stick-meta":"","header-main-stick-meta":"","header-below-stick-meta":"","astra-migrate-meta-layouts":"default","ast-page-background-enabled":"default","ast-page-background-meta":{"desktop":{"background-color":"","background-image":"","background-repeat":"repeat","background-position":"center center","background-size":"auto","background-attachment":"scroll","background-type":"","background-media":"","overlay-type":"","overlay-color":"","overlay-opacity":"","overlay-gradient":""},"tablet":{"background-color":"","background-image":"","background-repeat":"repeat","background-position":"center center","background-size":"auto","background-attachment":"scroll","background-type":"","background-media":"","overlay-type":"","overlay-color":"","overlay-opacity":"","overlay-gradient":""},"mobile":{"background-color":"","background-image":"","background-repeat":"repeat","background-position":"center center","background-size":"auto","background-attachment":"scroll","background-type":"","background-media":"","overlay-type":"","overlay-color":"","overlay-opacity":"","overlay-gradient":""}},"ast-content-background-meta":{"desktop":{"background-color":"var(--ast-global-color-5)","background-image":"","background-repeat":"repeat","background-position":"center center","background-size":"auto","background-attachment":"scroll","background-type":"","background-media":"","overlay-type":"","overlay-color":"","overlay-opacity":"","overlay-gradient":""},"tablet":{"background-color":"var(--ast-global-color-5)","background-image":"","background-repeat":"repeat","background-position":"center center","background-size":"auto","background-attachment":"scroll","background-type":"","background-media":"","overlay-type":"","overlay-color":"","overlay-opacity":"","overlay-gradient":""},"mobile":{"background-color":"var(--ast-global-color-5)","background-image":"","background-repeat":"repeat","background-position":"center center","background-size":"auto","background-attachment":"scroll","background-type":"","background-media":"","overlay-type":"","overlay-color":"","overlay-opacity":"","overlay-gradient":""}},"footnotes":""},"class_list":["post-4724","page","type-page","status-publish","hentry"],"yoast_head":"<!-- This site is optimized with the Yoast SEO plugin v27.5 - https:\/\/yoast.com\/product\/yoast-seo-wordpress\/ -->\n<title>Privaatsuspoliitika - W\u00f5ro Moto<\/title>\n<meta name=\"robots\" content=\"index, follow, max-snippet:-1, max-image-preview:large, max-video-preview:-1\" \/>\n<link rel=\"canonical\" href=\"https:\/\/www.relibet.ee\/woromotouus\/privaatsuspoliitika\/\" \/>\n<meta property=\"og:locale\" content=\"et_EE\" \/>\n<meta property=\"og:type\" content=\"article\" \/>\n<meta property=\"og:title\" content=\"Privaatsuspoliitika - W\u00f5ro Moto\" \/>\n<meta property=\"og:description\" content=\"Privaatsuspoliitika K\u00fcpsised Mis on k\u00fcpsised (ingl cookies)?K\u00fcpsised on v\u00e4ikesemahulised andmefailid, mis laetakse meie veebilehe k\u00fclastamisel Teie seadmesse. K\u00fcpsiste kasutamine aitab meil: saada infot k\u00fclastuste kohta; talletada ostukorvi sisu ka peale lehe sulgemist; muuta lehte kasutajas\u00f5bralikumaks. Meie poolt kasutatud k\u00fcpsised ei salvesta isiklikke andmeid.\u00a0 Google AnalyticsKasutame veebilehe k\u00fclastamise anal\u00fc\u00fcsimiseks ja kasutajas\u00f5balikumaks muutmiseks Google Analytics\u2019it. T\u00e4psemalt saab [&hellip;]\" \/>\n<meta property=\"og:url\" content=\"https:\/\/www.relibet.ee\/woromotouus\/privaatsuspoliitika\/\" \/>\n<meta property=\"og:site_name\" content=\"W\u00f5ro Moto\" \/>\n<meta property=\"article:modified_time\" content=\"2018-06-25T10:51:10+00:00\" \/>\n<meta name=\"twitter:card\" content=\"summary_large_image\" \/>\n<meta name=\"twitter:label1\" content=\"Est. reading time\" \/>\n\t<meta name=\"twitter:data1\" content=\"1 minut\" \/>\n<script type=\"application\/ld+json\" class=\"yoast-schema-graph\">{\"@context\":\"https:\\\/\\\/schema.org\",\"@graph\":[{\"@type\":\"WebPage\",\"@id\":\"https:\\\/\\\/www.relibet.ee\\\/woromotouus\\\/privaatsuspoliitika\\\/\",\"url\":\"https:\\\/\\\/www.relibet.ee\\\/woromotouus\\\/privaatsuspoliitika\\\/\",\"name\":\"Privaatsuspoliitika - W\u00f5ro Moto\",\"isPartOf\":{\"@id\":\"https:\\\/\\\/www.relibet.ee\\\/woromotouus\\\/#website\"},\"datePublished\":\"2018-05-23T11:09:22+00:00\",\"dateModified\":\"2018-06-25T10:51:10+00:00\",\"breadcrumb\":{\"@id\":\"https:\\\/\\\/www.relibet.ee\\\/woromotouus\\\/privaatsuspoliitika\\\/#breadcrumb\"},\"inLanguage\":\"et\",\"potentialAction\":[{\"@type\":\"ReadAction\",\"target\":[\"https:\\\/\\\/www.relibet.ee\\\/woromotouus\\\/privaatsuspoliitika\\\/\"]}]},{\"@type\":\"BreadcrumbList\",\"@id\":\"https:\\\/\\\/www.relibet.ee\\\/woromotouus\\\/privaatsuspoliitika\\\/#breadcrumb\",\"itemListElement\":[{\"@type\":\"ListItem\",\"position\":1,\"name\":\"Home\",\"item\":\"https:\\\/\\\/www.relibet.ee\\\/woromotouus\\\/\"},{\"@type\":\"ListItem\",\"position\":2,\"name\":\"Privaatsuspoliitika\"}]},{\"@type\":\"WebSite\",\"@id\":\"https:\\\/\\\/www.relibet.ee\\\/woromotouus\\\/#website\",\"url\":\"https:\\\/\\\/www.relibet.ee\\\/woromotouus\\\/\",\"name\":\"W\u00f5ro Moto\",\"description\":\"Mototehnika e-pood\",\"publisher\":{\"@id\":\"https:\\\/\\\/www.relibet.ee\\\/woromotouus\\\/#organization\"},\"potentialAction\":[{\"@type\":\"SearchAction\",\"target\":{\"@type\":\"EntryPoint\",\"urlTemplate\":\"https:\\\/\\\/www.relibet.ee\\\/woromotouus\\\/?s={search_term_string}\"},\"query-input\":{\"@type\":\"PropertyValueSpecification\",\"valueRequired\":true,\"valueName\":\"search_term_string\"}}],\"inLanguage\":\"et\"},{\"@type\":\"Organization\",\"@id\":\"https:\\\/\\\/www.relibet.ee\\\/woromotouus\\\/#organization\",\"name\":\"Relibet O\u00dc\",\"url\":\"https:\\\/\\\/www.relibet.ee\\\/woromotouus\\\/\",\"logo\":{\"@type\":\"ImageObject\",\"inLanguage\":\"et\",\"@id\":\"https:\\\/\\\/www.relibet.ee\\\/woromotouus\\\/#\\\/schema\\\/logo\\\/image\\\/\",\"url\":\"https:\\\/\\\/www.relibet.ee\\\/woromotouus\\\/wp-content\\\/uploads\\\/2018\\\/04\\\/W\u00f5romoto_logo.png\",\"contentUrl\":\"https:\\\/\\\/www.relibet.ee\\\/woromotouus\\\/wp-content\\\/uploads\\\/2018\\\/04\\\/W\u00f5romoto_logo.png\",\"width\":200,\"height\":50,\"caption\":\"Relibet O\u00dc\"},\"image\":{\"@id\":\"https:\\\/\\\/www.relibet.ee\\\/woromotouus\\\/#\\\/schema\\\/logo\\\/image\\\/\"}}]}<\/script>\n<!-- \/ Yoast SEO plugin. -->","yoast_head_json":{"title":"Privaatsuspoliitika - W\u00f5ro Moto","robots":{"index":"index","follow":"follow","max-snippet":"max-snippet:-1","max-image-preview":"max-image-preview:large","max-video-preview":"max-video-preview:-1"},"canonical":"https:\/\/www.relibet.ee\/woromotouus\/privaatsuspoliitika\/","og_locale":"et_EE","og_type":"article","og_title":"Privaatsuspoliitika - W\u00f5ro Moto","og_description":"Privaatsuspoliitika K\u00fcpsised Mis on k\u00fcpsised (ingl cookies)?K\u00fcpsised on v\u00e4ikesemahulised andmefailid, mis laetakse meie veebilehe k\u00fclastamisel Teie seadmesse. K\u00fcpsiste kasutamine aitab meil: saada infot k\u00fclastuste kohta; talletada ostukorvi sisu ka peale lehe sulgemist; muuta lehte kasutajas\u00f5bralikumaks. Meie poolt kasutatud k\u00fcpsised ei salvesta isiklikke andmeid.\u00a0 Google AnalyticsKasutame veebilehe k\u00fclastamise anal\u00fc\u00fcsimiseks ja kasutajas\u00f5balikumaks muutmiseks Google Analytics\u2019it. T\u00e4psemalt saab [&hellip;]","og_url":"https:\/\/www.relibet.ee\/woromotouus\/privaatsuspoliitika\/","og_site_name":"W\u00f5ro Moto","article_modified_time":"2018-06-25T10:51:10+00:00","twitter_card":"summary_large_image","twitter_misc":{"Est. reading time":"1 minut"},"schema":{"@context":"https:\/\/schema.org","@graph":[{"@type":"WebPage","@id":"https:\/\/www.relibet.ee\/woromotouus\/privaatsuspoliitika\/","url":"https:\/\/www.relibet.ee\/woromotouus\/privaatsuspoliitika\/","name":"Privaatsuspoliitika - W\u00f5ro Moto","isPartOf":{"@id":"https:\/\/www.relibet.ee\/woromotouus\/#website"},"datePublished":"2018-05-23T11:09:22+00:00","dateModified":"2018-06-25T10:51:10+00:00","breadcrumb":{"@id":"https:\/\/www.relibet.ee\/woromotouus\/privaatsuspoliitika\/#breadcrumb"},"inLanguage":"et","potentialAction":[{"@type":"ReadAction","target":["https:\/\/www.relibet.ee\/woromotouus\/privaatsuspoliitika\/"]}]},{"@type":"BreadcrumbList","@id":"https:\/\/www.relibet.ee\/woromotouus\/privaatsuspoliitika\/#breadcrumb","itemListElement":[{"@type":"ListItem","position":1,"name":"Home","item":"https:\/\/www.relibet.ee\/woromotouus\/"},{"@type":"ListItem","position":2,"name":"Privaatsuspoliitika"}]},{"@type":"WebSite","@id":"https:\/\/www.relibet.ee\/woromotouus\/#website","url":"https:\/\/www.relibet.ee\/woromotouus\/","name":"W\u00f5ro Moto","description":"Mototehnika e-pood","publisher":{"@id":"https:\/\/www.relibet.ee\/woromotouus\/#organization"},"potentialAction":[{"@type":"SearchAction","target":{"@type":"EntryPoint","urlTemplate":"https:\/\/www.relibet.ee\/woromotouus\/?s={search_term_string}"},"query-input":{"@type":"PropertyValueSpecification","valueRequired":true,"valueName":"search_term_string"}}],"inLanguage":"et"},{"@type":"Organization","@id":"https:\/\/www.relibet.ee\/woromotouus\/#organization","name":"Relibet O\u00dc","url":"https:\/\/www.relibet.ee\/woromotouus\/","logo":{"@type":"ImageObject","inLanguage":"et","@id":"https:\/\/www.relibet.ee\/woromotouus\/#\/schema\/logo\/image\/","url":"https:\/\/www.relibet.ee\/woromotouus\/wp-content\/uploads\/2018\/04\/W\u00f5romoto_logo.png","contentUrl":"https:\/\/www.relibet.ee\/woromotouus\/wp-content\/uploads\/2018\/04\/W\u00f5romoto_logo.png","width":200,"height":50,"caption":"Relibet O\u00dc"},"image":{"@id":"https:\/\/www.relibet.ee\/woromotouus\/#\/schema\/logo\/image\/"}}]}},"_links":{"self":[{"href":"https:\/\/www.relibet.ee\/woromotouus\/wp-json\/wp\/v2\/pages\/4724","targetHints":{"allow":["GET"]}}],"collection":[{"href":"https:\/\/www.relibet.ee\/woromotouus\/wp-json\/wp\/v2\/pages"}],"about":[{"href":"https:\/\/www.relibet.ee\/woromotouus\/wp-json\/wp\/v2\/types\/page"}],"author":[{"embeddable":true,"href":"https:\/\/www.relibet.ee\/woromotouus\/wp-json\/wp\/v2\/users\/1"}],"replies":[{"embeddable":true,"href":"https:\/\/www.relibet.ee\/woromotouus\/wp-json\/wp\/v2\/comments?post=4724"}],"version-history":[{"count":5,"href":"https:\/\/www.relibet.ee\/woromotouus\/wp-json\/wp\/v2\/pages\/4724\/revisions"}],"predecessor-version":[{"id":4780,"href":"https:\/\/www.relibet.ee\/woromotouus\/wp-json\/wp\/v2\/pages\/4724\/revisions\/4780"}],"wp:attachment":[{"href":"https:\/\/www.relibet.ee\/woromotouus\/wp-json\/wp\/v2\/media?parent=4724"}],"curies":[{"name":"wp","href":"https:\/\/api.w.org\/{rel}","templated":true}]}}