{"id":12682,"date":"2021-10-27T11:18:55","date_gmt":"2021-10-27T11:18:55","guid":{"rendered":"https:\/\/www.relibet.ee\/woromotouus\/?post_type=product&#038;p=12682"},"modified":"2026-04-26T09:17:47","modified_gmt":"2026-04-26T06:17:47","slug":"atv-tao-motor-250cc","status":"publish","type":"product","link":"https:\/\/www.relibet.ee\/woromotouus\/toode\/atv-tao-motor-250cc\/","title":{"rendered":"ATV TAO SHARK 250 MILITARY GREEN"},"content":{"rendered":"","protected":false},"excerpt":{"rendered":"<p>MOOTOR 200CC 4TAKTINE AUTOMAAT,ELEKTRI STARTER,TUGEVTATUD RAAM,KORRALIKUD AMORDID<\/p>\n<p>ESI JA TAGATULED,SPIDOMEETER,K\u00c4RUKONKS,REHVID 10 TOLLI<\/p>\n<p>PIKKUS 1,8M,LAIUS 1,2M,KANDEV\u00d5IME 200KG,LASTELE ALATES 15A JA T\u00c4ISKASVANUTELE<\/p>\n<p>J\u00c4RELMAKSU JA TRANSPORDI V\u00d5IMALUS<\/p>\n<p>&nbsp;<\/p>\n<p>&nbsp;<\/p>\n<p>&nbsp;<\/p>\n<p>&nbsp;<\/p>\n<p>&nbsp;<\/p>\n","protected":false},"featured_media":21328,"template":"","meta":{"site-sidebar-layout":"default","site-content-layout":"default","ast-site-content-layout":"default","site-content-style":"default","site-sidebar-style":"default","ast-global-header-display":"","ast-banner-title-visibility":"","ast-main-header-display":"","ast-hfb-above-header-display":"","ast-hfb-below-header-display":"","ast-hfb-mobile-header-display":"","site-post-title":"","ast-breadcrumbs-content":"","ast-featured-img":"","footer-sml-layout":"","ast-disable-related-posts":"","theme-transparent-header-meta":"default","adv-header-id-meta":"","stick-header-meta":"","header-above-stick-meta":"","header-main-stick-meta":"","header-below-stick-meta":"","astra-migrate-meta-layouts":"set","ast-page-background-enabled":"default","ast-page-background-meta":{"desktop":{"background-color":"","background-image":"","background-repeat":"repeat","background-position":"center center","background-size":"auto","background-attachment":"scroll","background-type":"","background-media":"","overlay-type":"","overlay-color":"","overlay-opacity":"","overlay-gradient":""},"tablet":{"background-color":"","background-image":"","background-repeat":"repeat","background-position":"center center","background-size":"auto","background-attachment":"scroll","background-type":"","background-media":"","overlay-type":"","overlay-color":"","overlay-opacity":"","overlay-gradient":""},"mobile":{"background-color":"","background-image":"","background-repeat":"repeat","background-position":"center center","background-size":"auto","background-attachment":"scroll","background-type":"","background-media":"","overlay-type":"","overlay-color":"","overlay-opacity":"","overlay-gradient":""}},"ast-content-background-meta":{"desktop":{"background-color":"var(--ast-global-color-5)","background-image":"","background-repeat":"repeat","background-position":"center center","background-size":"auto","background-attachment":"scroll","background-type":"","background-media":"","overlay-type":"","overlay-color":"","overlay-opacity":"","overlay-gradient":""},"tablet":{"background-color":"var(--ast-global-color-5)","background-image":"","background-repeat":"repeat","background-position":"center center","background-size":"auto","background-attachment":"scroll","background-type":"","background-media":"","overlay-type":"","overlay-color":"","overlay-opacity":"","overlay-gradient":""},"mobile":{"background-color":"var(--ast-global-color-5)","background-image":"","background-repeat":"repeat","background-position":"center center","background-size":"auto","background-attachment":"scroll","background-type":"","background-media":"","overlay-type":"","overlay-color":"","overlay-opacity":"","overlay-gradient":""}}},"product_brand":[],"product_cat":[16],"product_tag":[],"class_list":{"0":"post-12682","1":"product","2":"type-product","3":"status-publish","4":"has-post-thumbnail","6":"product_cat-atv-d","7":"desktop-align-center","8":"tablet-align-left","9":"mobile-align-center","11":"first","12":"instock","13":"taxable","14":"shipping-taxable","15":"purchasable","16":"product-type-simple"},"yoast_head":"<!-- This site is optimized with the Yoast SEO plugin v27.5 - https:\/\/yoast.com\/product\/yoast-seo-wordpress\/ -->\n<title>ATV TAO SHARK 250 MILITARY GREEN - W\u00f5ro Moto<\/title>\n<meta name=\"robots\" content=\"index, follow, max-snippet:-1, max-image-preview:large, max-video-preview:-1\" \/>\n<link rel=\"canonical\" href=\"https:\/\/www.relibet.ee\/woromotouus\/toode\/atv-tao-motor-250cc\/\" \/>\n<meta property=\"og:locale\" content=\"et_EE\" \/>\n<meta property=\"og:type\" content=\"article\" \/>\n<meta property=\"og:title\" content=\"ATV TAO SHARK 250 MILITARY GREEN - W\u00f5ro Moto\" \/>\n<meta property=\"og:description\" content=\"MOOTOR 200CC 4TAKTINE AUTOMAAT,ELEKTRI STARTER,TUGEVTATUD RAAM,KORRALIKUD AMORDID  ESI JA TAGATULED,SPIDOMEETER,K\u00c4RUKONKS,REHVID 10 TOLLI  PIKKUS 1,8M,LAIUS 1,2M,KANDEV\u00d5IME 200KG,LASTELE ALATES 15A JA T\u00c4ISKASVANUTELE  J\u00c4RELMAKSU JA TRANSPORDI V\u00d5IMALUS  &nbsp;  &nbsp;  &nbsp;  &nbsp;  &nbsp;\" \/>\n<meta property=\"og:url\" content=\"https:\/\/www.relibet.ee\/woromotouus\/toode\/atv-tao-motor-250cc\/\" \/>\n<meta property=\"og:site_name\" content=\"W\u00f5ro Moto\" \/>\n<meta property=\"article:modified_time\" content=\"2026-04-26T06:17:47+00:00\" \/>\n<meta property=\"og:image\" content=\"https:\/\/www.relibet.ee\/woromotouus\/wp-content\/uploads\/2021\/10\/atv200cc.jpg\" \/>\n\t<meta property=\"og:image:width\" content=\"800\" \/>\n\t<meta property=\"og:image:height\" content=\"800\" \/>\n\t<meta property=\"og:image:type\" content=\"image\/jpeg\" \/>\n<meta name=\"twitter:card\" content=\"summary_large_image\" \/>\n<meta name=\"twitter:label1\" content=\"Est. reading time\" \/>\n\t<meta name=\"twitter:data1\" content=\"1 minut\" \/>\n<script type=\"application\/ld+json\" class=\"yoast-schema-graph\">{\"@context\":\"https:\\\/\\\/schema.org\",\"@graph\":[{\"@type\":\"WebPage\",\"@id\":\"https:\\\/\\\/www.relibet.ee\\\/woromotouus\\\/toode\\\/atv-tao-motor-250cc\\\/\",\"url\":\"https:\\\/\\\/www.relibet.ee\\\/woromotouus\\\/toode\\\/atv-tao-motor-250cc\\\/\",\"name\":\"ATV TAO SHARK 250 MILITARY GREEN - W\u00f5ro Moto\",\"isPartOf\":{\"@id\":\"https:\\\/\\\/www.relibet.ee\\\/woromotouus\\\/#website\"},\"primaryImageOfPage\":{\"@id\":\"https:\\\/\\\/www.relibet.ee\\\/woromotouus\\\/toode\\\/atv-tao-motor-250cc\\\/#primaryimage\"},\"image\":{\"@id\":\"https:\\\/\\\/www.relibet.ee\\\/woromotouus\\\/toode\\\/atv-tao-motor-250cc\\\/#primaryimage\"},\"thumbnailUrl\":\"https:\\\/\\\/www.relibet.ee\\\/woromotouus\\\/wp-content\\\/uploads\\\/2021\\\/10\\\/atv200cc.jpg\",\"datePublished\":\"2021-10-27T11:18:55+00:00\",\"dateModified\":\"2026-04-26T06:17:47+00:00\",\"breadcrumb\":{\"@id\":\"https:\\\/\\\/www.relibet.ee\\\/woromotouus\\\/toode\\\/atv-tao-motor-250cc\\\/#breadcrumb\"},\"inLanguage\":\"et\",\"potentialAction\":[{\"@type\":\"ReadAction\",\"target\":[\"https:\\\/\\\/www.relibet.ee\\\/woromotouus\\\/toode\\\/atv-tao-motor-250cc\\\/\"]}]},{\"@type\":\"ImageObject\",\"inLanguage\":\"et\",\"@id\":\"https:\\\/\\\/www.relibet.ee\\\/woromotouus\\\/toode\\\/atv-tao-motor-250cc\\\/#primaryimage\",\"url\":\"https:\\\/\\\/www.relibet.ee\\\/woromotouus\\\/wp-content\\\/uploads\\\/2021\\\/10\\\/atv200cc.jpg\",\"contentUrl\":\"https:\\\/\\\/www.relibet.ee\\\/woromotouus\\\/wp-content\\\/uploads\\\/2021\\\/10\\\/atv200cc.jpg\",\"width\":800,\"height\":800},{\"@type\":\"BreadcrumbList\",\"@id\":\"https:\\\/\\\/www.relibet.ee\\\/woromotouus\\\/toode\\\/atv-tao-motor-250cc\\\/#breadcrumb\",\"itemListElement\":[{\"@type\":\"ListItem\",\"position\":1,\"name\":\"Home\",\"item\":\"https:\\\/\\\/www.relibet.ee\\\/woromotouus\\\/\"},{\"@type\":\"ListItem\",\"position\":2,\"name\":\"Pood\",\"item\":\"https:\\\/\\\/www.relibet.ee\\\/woromotouus\\\/\"},{\"@type\":\"ListItem\",\"position\":3,\"name\":\"ATV TAO SHARK 250 MILITARY GREEN\"}]},{\"@type\":\"WebSite\",\"@id\":\"https:\\\/\\\/www.relibet.ee\\\/woromotouus\\\/#website\",\"url\":\"https:\\\/\\\/www.relibet.ee\\\/woromotouus\\\/\",\"name\":\"W\u00f5ro Moto\",\"description\":\"Mototehnika e-pood\",\"publisher\":{\"@id\":\"https:\\\/\\\/www.relibet.ee\\\/woromotouus\\\/#organization\"},\"potentialAction\":[{\"@type\":\"SearchAction\",\"target\":{\"@type\":\"EntryPoint\",\"urlTemplate\":\"https:\\\/\\\/www.relibet.ee\\\/woromotouus\\\/?s={search_term_string}\"},\"query-input\":{\"@type\":\"PropertyValueSpecification\",\"valueRequired\":true,\"valueName\":\"search_term_string\"}}],\"inLanguage\":\"et\"},{\"@type\":\"Organization\",\"@id\":\"https:\\\/\\\/www.relibet.ee\\\/woromotouus\\\/#organization\",\"name\":\"Relibet O\u00dc\",\"url\":\"https:\\\/\\\/www.relibet.ee\\\/woromotouus\\\/\",\"logo\":{\"@type\":\"ImageObject\",\"inLanguage\":\"et\",\"@id\":\"https:\\\/\\\/www.relibet.ee\\\/woromotouus\\\/#\\\/schema\\\/logo\\\/image\\\/\",\"url\":\"https:\\\/\\\/www.relibet.ee\\\/woromotouus\\\/wp-content\\\/uploads\\\/2018\\\/04\\\/W\u00f5romoto_logo.png\",\"contentUrl\":\"https:\\\/\\\/www.relibet.ee\\\/woromotouus\\\/wp-content\\\/uploads\\\/2018\\\/04\\\/W\u00f5romoto_logo.png\",\"width\":200,\"height\":50,\"caption\":\"Relibet O\u00dc\"},\"image\":{\"@id\":\"https:\\\/\\\/www.relibet.ee\\\/woromotouus\\\/#\\\/schema\\\/logo\\\/image\\\/\"}}]}<\/script>\n<!-- \/ Yoast SEO plugin. -->","yoast_head_json":{"title":"ATV TAO SHARK 250 MILITARY GREEN - W\u00f5ro Moto","robots":{"index":"index","follow":"follow","max-snippet":"max-snippet:-1","max-image-preview":"max-image-preview:large","max-video-preview":"max-video-preview:-1"},"canonical":"https:\/\/www.relibet.ee\/woromotouus\/toode\/atv-tao-motor-250cc\/","og_locale":"et_EE","og_type":"article","og_title":"ATV TAO SHARK 250 MILITARY GREEN - W\u00f5ro Moto","og_description":"MOOTOR 200CC 4TAKTINE AUTOMAAT,ELEKTRI STARTER,TUGEVTATUD RAAM,KORRALIKUD AMORDID  ESI JA TAGATULED,SPIDOMEETER,K\u00c4RUKONKS,REHVID 10 TOLLI  PIKKUS 1,8M,LAIUS 1,2M,KANDEV\u00d5IME 200KG,LASTELE ALATES 15A JA T\u00c4ISKASVANUTELE  J\u00c4RELMAKSU JA TRANSPORDI V\u00d5IMALUS  &nbsp;  &nbsp;  &nbsp;  &nbsp;  &nbsp;","og_url":"https:\/\/www.relibet.ee\/woromotouus\/toode\/atv-tao-motor-250cc\/","og_site_name":"W\u00f5ro Moto","article_modified_time":"2026-04-26T06:17:47+00:00","og_image":[{"width":800,"height":800,"url":"https:\/\/www.relibet.ee\/woromotouus\/wp-content\/uploads\/2021\/10\/atv200cc.jpg","type":"image\/jpeg"}],"twitter_card":"summary_large_image","twitter_misc":{"Est. reading time":"1 minut"},"schema":{"@context":"https:\/\/schema.org","@graph":[{"@type":"WebPage","@id":"https:\/\/www.relibet.ee\/woromotouus\/toode\/atv-tao-motor-250cc\/","url":"https:\/\/www.relibet.ee\/woromotouus\/toode\/atv-tao-motor-250cc\/","name":"ATV TAO SHARK 250 MILITARY GREEN - W\u00f5ro Moto","isPartOf":{"@id":"https:\/\/www.relibet.ee\/woromotouus\/#website"},"primaryImageOfPage":{"@id":"https:\/\/www.relibet.ee\/woromotouus\/toode\/atv-tao-motor-250cc\/#primaryimage"},"image":{"@id":"https:\/\/www.relibet.ee\/woromotouus\/toode\/atv-tao-motor-250cc\/#primaryimage"},"thumbnailUrl":"https:\/\/www.relibet.ee\/woromotouus\/wp-content\/uploads\/2021\/10\/atv200cc.jpg","datePublished":"2021-10-27T11:18:55+00:00","dateModified":"2026-04-26T06:17:47+00:00","breadcrumb":{"@id":"https:\/\/www.relibet.ee\/woromotouus\/toode\/atv-tao-motor-250cc\/#breadcrumb"},"inLanguage":"et","potentialAction":[{"@type":"ReadAction","target":["https:\/\/www.relibet.ee\/woromotouus\/toode\/atv-tao-motor-250cc\/"]}]},{"@type":"ImageObject","inLanguage":"et","@id":"https:\/\/www.relibet.ee\/woromotouus\/toode\/atv-tao-motor-250cc\/#primaryimage","url":"https:\/\/www.relibet.ee\/woromotouus\/wp-content\/uploads\/2021\/10\/atv200cc.jpg","contentUrl":"https:\/\/www.relibet.ee\/woromotouus\/wp-content\/uploads\/2021\/10\/atv200cc.jpg","width":800,"height":800},{"@type":"BreadcrumbList","@id":"https:\/\/www.relibet.ee\/woromotouus\/toode\/atv-tao-motor-250cc\/#breadcrumb","itemListElement":[{"@type":"ListItem","position":1,"name":"Home","item":"https:\/\/www.relibet.ee\/woromotouus\/"},{"@type":"ListItem","position":2,"name":"Pood","item":"https:\/\/www.relibet.ee\/woromotouus\/"},{"@type":"ListItem","position":3,"name":"ATV TAO SHARK 250 MILITARY GREEN"}]},{"@type":"WebSite","@id":"https:\/\/www.relibet.ee\/woromotouus\/#website","url":"https:\/\/www.relibet.ee\/woromotouus\/","name":"W\u00f5ro Moto","description":"Mototehnika e-pood","publisher":{"@id":"https:\/\/www.relibet.ee\/woromotouus\/#organization"},"potentialAction":[{"@type":"SearchAction","target":{"@type":"EntryPoint","urlTemplate":"https:\/\/www.relibet.ee\/woromotouus\/?s={search_term_string}"},"query-input":{"@type":"PropertyValueSpecification","valueRequired":true,"valueName":"search_term_string"}}],"inLanguage":"et"},{"@type":"Organization","@id":"https:\/\/www.relibet.ee\/woromotouus\/#organization","name":"Relibet O\u00dc","url":"https:\/\/www.relibet.ee\/woromotouus\/","logo":{"@type":"ImageObject","inLanguage":"et","@id":"https:\/\/www.relibet.ee\/woromotouus\/#\/schema\/logo\/image\/","url":"https:\/\/www.relibet.ee\/woromotouus\/wp-content\/uploads\/2018\/04\/W\u00f5romoto_logo.png","contentUrl":"https:\/\/www.relibet.ee\/woromotouus\/wp-content\/uploads\/2018\/04\/W\u00f5romoto_logo.png","width":200,"height":50,"caption":"Relibet O\u00dc"},"image":{"@id":"https:\/\/www.relibet.ee\/woromotouus\/#\/schema\/logo\/image\/"}}]}},"_links":{"self":[{"href":"https:\/\/www.relibet.ee\/woromotouus\/wp-json\/wp\/v2\/product\/12682","targetHints":{"allow":["GET"]}}],"collection":[{"href":"https:\/\/www.relibet.ee\/woromotouus\/wp-json\/wp\/v2\/product"}],"about":[{"href":"https:\/\/www.relibet.ee\/woromotouus\/wp-json\/wp\/v2\/types\/product"}],"version-history":[{"count":2,"href":"https:\/\/www.relibet.ee\/woromotouus\/wp-json\/wp\/v2\/product\/12682\/revisions"}],"predecessor-version":[{"id":26764,"href":"https:\/\/www.relibet.ee\/woromotouus\/wp-json\/wp\/v2\/product\/12682\/revisions\/26764"}],"wp:featuredmedia":[{"embeddable":true,"href":"https:\/\/www.relibet.ee\/woromotouus\/wp-json\/wp\/v2\/media\/21328"}],"wp:attachment":[{"href":"https:\/\/www.relibet.ee\/woromotouus\/wp-json\/wp\/v2\/media?parent=12682"}],"wp:term":[{"taxonomy":"product_brand","embeddable":true,"href":"https:\/\/www.relibet.ee\/woromotouus\/wp-json\/wp\/v2\/product_brand?post=12682"},{"taxonomy":"product_cat","embeddable":true,"href":"https:\/\/www.relibet.ee\/woromotouus\/wp-json\/wp\/v2\/product_cat?post=12682"},{"taxonomy":"product_tag","embeddable":true,"href":"https:\/\/www.relibet.ee\/woromotouus\/wp-json\/wp\/v2\/product_tag?post=12682"}],"curies":[{"name":"wp","href":"https:\/\/api.w.org\/{rel}","templated":true}]}}