{"id":142,"date":"2018-04-10T14:47:48","date_gmt":"2018-04-10T14:47:48","guid":{"rendered":"http:\/\/www.relibet.ee\/woromotouus\/toode\/silindrikomplekt-70cc-minarelli-horisontaal-47mm-10mm\/"},"modified":"2025-11-10T11:33:13","modified_gmt":"2025-11-10T09:33:13","slug":"silindrikomplekt-70cc-minarelli-horisontaal-47mm-10mm","status":"publish","type":"product","link":"https:\/\/www.relibet.ee\/woromotouus\/toode\/silindrikomplekt-70cc-minarelli-horisontaal-47mm-10mm\/","title":{"rendered":"Silindrikomplekt 70cc Minarelli horisontaal (47mm\/10mm)"},"content":{"rendered":"<p>Silindrikomplekt Minarelli horisontaal 70cc. S\u00f5rme l\u00e4bim\u00f5\u00f5t 10mm. Kolvi l\u00e4bim\u00f5\u00f5t 47mm<br \/><span style=\"font-family: Times New Roman,serif\"><span style=\"font-size: medium\"><span lang=\"pl-PL\"><span lang=\"pl-PL\">Aprilia Gulliver 50 AC 2T 1995-1998 <br \/>\u00a0<br \/>Aprilia Rally 50 AC 2T 1995-2000 <br \/>\u00a0<br \/>Aprilia Scarabeo 50 AC 2T 2000-2005 <br \/>\u00a0<br \/>Aprilia Scarabeo 50 AC 2T 1993-1997 <br \/>\u00a0<br \/>Aprilia Scarabeo 50 AC 2T 1998-1999 <br \/>\u00a0<br \/>Aprilia Scarabeo DD 50 AC 2T 1998 <br \/>\u00a0<br \/>Aprilia Sonic 50 AC 2T 1998-2007 <br \/>\u00a0<br \/>Aprilia SR50 Replica AC 2T 1994-1996 <br \/>\u00a0<br \/>Aprilia SR50 WWW AC 2T 1997-1999 <br \/>\u00a0<br \/>Atala Carosello 50 AC 2T 1998-2002 <br \/>\u00a0<br \/>Benelli 491 GT 50 AC 2T 1997-2001 <br \/>\u00a0<br \/>Benelli 491 ST 50 AC 2T 1999-2003 <br \/>\u00a0<br \/>Benelli K2 50 AC 2T 1998-2002 <br \/>\u00a0<br \/>Benelli Naked 50 AC 2T 2001-2003 <br \/>\u00a0<br \/>Benelli Pepe 50 AC 2T 1998-2002 <br \/>\u00a0<br \/>Benelli Pepe LX 50 AC 2T 2001-2004 <br \/>\u00a0<br \/>Beta ARK 50 AC 2T 2000-2007 <br \/>\u00a0<br \/>Beta ARK 50 AC 2T 1996-1997 <br \/>\u00a0<br \/>Beta ARK 50 AC 2T 1999-2000 <br \/>\u00a0<br \/>Beta ARK X-Type 50 AC 2T 2005-2007 <br \/>\u00a0<br \/>Beta Chrono 50 AC 2T 1993-1994 <br \/>\u00a0<br \/>Beta Chrono 502 50 AC 2T 1995-1999 <br \/>\u00a0<br \/>Beta Chrono R13 50 AC 2T 1994-1995 <br \/>\u00a0<br \/>Beta Quadra 50 AC 2T 2000-2001 <br \/>\u00a0<br \/>Beta Quadra 50 AC 2T 1995-1999 <br \/>\u00a0<br \/>CPI Hussar 50 AC 2T kuni 2002 <br \/>\u00a0<br \/>CPI Oliver 50 AC 2T kuni 2002 <br \/>\u00a0<br \/>CPI Popcorn 50 AC 2T kuni 2002 <br \/>\u00a0<br \/>Derbi Easy 50 AC 2T 1997 edasi<br \/>\u00a0<br \/>Garelli Astro\/ FX 50 AC 2T 2001 <br \/>\u00a0<br \/>KTM ARK 50 AC 2T 1996-1997 <br \/>\u00a0<br \/>KTM Chrono 50 AC 2T 1993-1994 <br \/>\u00a0<br \/>KTM Chrono 502 50 AC 2T 1995-1997 <br \/>\u00a0<br \/>KTM Chrono R13 50 AC 2T 1994-1995 <br \/>\u00a0<br \/>KTM GO 50 AC 2T 1993-1995 <br \/>\u00a0<br \/>KTM GO 50 R13 AC 2T 1995-1998 <br \/>\u00a0<br \/>KTM GO 50 R16 AC 2T 1994-1999 <br \/>\u00a0<br \/>KTM Quadra 50 AC 2T 1994-1999 <br \/>\u00a0<br \/>Malaguti Centro 50 AC 2T 1992-1993 <br \/>\u00a0<br \/>Malaguti Centro SL1 50 AC 2T 1994-1998 <br \/>\u00a0<br \/>Malaguti Centro SL2 50 AC 2T 1999-2001 <br \/>\u00a0<br \/>Malaguti Ciak 50 AC 2T 2003-2007 <br \/>\u00a0<br \/>Malaguti Ciak 50 AC 2T 1999-2002 <br \/>\u00a0<br \/>Malaguti F10 50 AC 2T 1993-1995 <br \/>\u00a0<br \/>Malaguti F10 Jet Line 50 AC 2T 1996-2003 <br \/>\u00a0<br \/>Malaguti F10 Wap 50 AC 2T 2004-2007 <br \/>\u00a0<br \/>Malaguti F12 Phantom 50 AC 2T 1993-1999 <br \/>\u00a0<br \/>Malaguti F12 Phantom TDS 50 AC 2T 2000-2001 <br \/>\u00a0<br \/>Malaguti F12 Phantom TDS Digit 50 AC 2T 2002-2006 <br \/>\u00a0<br \/>Malaguti F15 Firefox 50 AC 1996-1998 <br \/>\u00a0<br \/>Malaguti F15 Firefox TDS 50 AC 1998-2001 <br \/>\u00a0<br \/>Malaguti F15 Firefox TDS Digital 50 AC 2002-2007 <br \/>\u00a0<br \/>Malaguti Yesterday 50 AC 2T 1997-1998 <br \/>\u00a0<br \/>Malaguti Yesterday 50 AC 2T 1999-2002 <br \/>\u00a0<br \/>MBK Equalis 50 AC 2T 1995-1998 <br \/>\u00a0<br \/>MBK Evolis 50 AC 2T 1992-1995 <br \/>\u00a0<br \/>MBK Fizz 50 AC 2T 1994-2000 <br \/>\u00a0<br \/>MBK Flipper 50 AC 2T 1999-2003 <br \/>\u00a0<br \/>MBK Flipper Light 50 AC 2T 2004 edasi <br \/>\u00a0<br \/>MBK Forte 50 AC 2T 1995-1998 <br \/>\u00a0<br \/>MBK Hot Champ 50 AC 2T 1988-1991 <br \/>\u00a0<br \/>MBK MachG 50 AC 2T 2002 edasi <br \/>\u00a0<br \/>MBK Ovetto 50 AC 2T 2003-2006 <br \/>\u00a0<br \/>MBK Ovetto 50 AC 2T 1996-2002 <br \/>\u00a0<br \/>MBK Ovetto II 50 AC 2T 2007 edasi <br \/>\u00a0<br \/>MBK Ovetto One 50 AC 2T 2013 edasi <br \/>\u00a0<br \/>PGO Big Max 50 AC 2T 1994-2006 <br \/>\u00a0<br \/>PGO Big Max S 50 AC 2T 2003 edasi <br \/>\u00a0<br \/>PGO G-Max 50 AC 2T 2005-2008 <br \/>\u00a0<br \/>PGO Ligero 50 AC 2T 2008-2009 <br \/>\u00a0<br \/>PGO Metro 50 AC 2T 2008 edasi <br \/>\u00a0<br \/>PGO My Bubu 50 AC 2T 2003 edasi <br \/>\u00a0<br \/>PGO PMS 50 AC 2T 2000-2007 <br \/>\u00a0<br \/>PGO PMX 50 AC 2T 2000-2007 <br \/>\u00a0<br \/>PGO PMX Naked 50 AC 2T 2004 edasi <br \/>\u00a0<br \/>PGO Rodo Show 50 AC 2T 2000-2009 <br \/>\u00a0<br \/>PGO T-Hot 50 AC 2T 2009 edasi <br \/>\u00a0<br \/>PGO T-Rex 50 AC 2T 1999-2009 <br \/>\u00a0<br \/>PGO Tornado 50 AC 2T 1997 edasi <br \/>\u00a0<br \/>PGO X-Hot 50 AC 2T 2009 edasi <br \/>\u00a0<br \/>Renault Campus 50 AC 2T 2001-2003 <br \/>\u00a0<br \/>Renault Sp\u00e9cimen 50 AC 2T 2001-2003 <br \/>\u00a0<br \/>Rieju First 50 AC 2T 1995-1999 <br \/>\u00a0<br \/>Rieju Windy 50 AC 2T 1992 edasi <br \/>\u00a0<br \/>Yamaha Axis 50 AC 2T 1995-1998 <br \/>\u00a0<br \/>Yamaha Breeze 50 AC 2T 1994-2000 <br \/>\u00a0<br \/>Yamaha Jog 50 AC 2T 1988-1991 <br \/>\u00a0<br \/>Yamaha Jog Z 50 AC 2T 1992-1995 <br \/>\u00a0<br \/>Yamaha JogR 50 AC 2T 2002 edasi<br \/>\u00a0<br \/>Yamaha Neo&#8217;s 50 AC 2T 2003-2006 <br \/>\u00a0<br \/>Yamaha Neo&#8217;s 50 AC 2T 1996-2002 <br \/>\u00a0<br \/>Yamaha Neo&#8217;s Easy 50 AC 2T 2013 edasi <br \/>\u00a0<br \/>Yamaha Neo&#8217;s II 50 AC 2T 2007 edasi <br \/>\u00a0<br \/>Yamaha Vino 50 AC 2T 2004-2006 <br \/>\u00a0<br \/>Yamaha Why 50 AC 2T 1999-2003 <br \/>\u00a0<br \/>Yamaha Why Light 50 AC 2T 2004 edasi <br \/>\u00a0<br \/>Yamaha Zest 50 AC 2T 1992-1995 <\/span><\/span><\/span><\/span><\/p>\n","protected":false},"excerpt":{"rendered":"<p>Silindrikomplekt Minarelli horisontaal 70cc. S\u00f5rme l\u00e4bim\u00f5\u00f5t 10mm. Kolvi l\u00e4bim\u00f5\u00f5t 47mmAprilia Gulliver 50 AC 2T 1995-1998 \u00a0Aprilia Rally 50 AC 2T 1995-2000 \u00a0Aprilia Scarabeo 50 AC 2T 2000-2005 \u00a0Aprilia Scarabeo 50 AC 2T 1993-1997 \u00a0Aprilia Scarabeo 50 AC 2T 1998-1999 \u00a0Aprilia Scarabeo DD 50 AC 2T 1998 \u00a0Aprilia Sonic 50 AC 2T 1998-2007 \u00a0Aprilia SR50 Replica [&hellip;]<\/p>\n","protected":false},"featured_media":3517,"template":"","meta":{"site-sidebar-layout":"default","site-content-layout":"","ast-site-content-layout":"default","site-content-style":"default","site-sidebar-style":"default","ast-global-header-display":"","ast-banner-title-visibility":"","ast-main-header-display":"","ast-hfb-above-header-display":"","ast-hfb-below-header-display":"","ast-hfb-mobile-header-display":"","site-post-title":"","ast-breadcrumbs-content":"","ast-featured-img":"","footer-sml-layout":"","ast-disable-related-posts":"","theme-transparent-header-meta":"","adv-header-id-meta":"","stick-header-meta":"","header-above-stick-meta":"","header-main-stick-meta":"","header-below-stick-meta":"","astra-migrate-meta-layouts":"default","ast-page-background-enabled":"default","ast-page-background-meta":{"desktop":{"background-color":"","background-image":"","background-repeat":"repeat","background-position":"center center","background-size":"auto","background-attachment":"scroll","background-type":"","background-media":"","overlay-type":"","overlay-color":"","overlay-opacity":"","overlay-gradient":""},"tablet":{"background-color":"","background-image":"","background-repeat":"repeat","background-position":"center center","background-size":"auto","background-attachment":"scroll","background-type":"","background-media":"","overlay-type":"","overlay-color":"","overlay-opacity":"","overlay-gradient":""},"mobile":{"background-color":"","background-image":"","background-repeat":"repeat","background-position":"center center","background-size":"auto","background-attachment":"scroll","background-type":"","background-media":"","overlay-type":"","overlay-color":"","overlay-opacity":"","overlay-gradient":""}},"ast-content-background-meta":{"desktop":{"background-color":"var(--ast-global-color-5)","background-image":"","background-repeat":"repeat","background-position":"center center","background-size":"auto","background-attachment":"scroll","background-type":"","background-media":"","overlay-type":"","overlay-color":"","overlay-opacity":"","overlay-gradient":""},"tablet":{"background-color":"var(--ast-global-color-5)","background-image":"","background-repeat":"repeat","background-position":"center center","background-size":"auto","background-attachment":"scroll","background-type":"","background-media":"","overlay-type":"","overlay-color":"","overlay-opacity":"","overlay-gradient":""},"mobile":{"background-color":"var(--ast-global-color-5)","background-image":"","background-repeat":"repeat","background-position":"center center","background-size":"auto","background-attachment":"scroll","background-type":"","background-media":"","overlay-type":"","overlay-color":"","overlay-opacity":"","overlay-gradient":""}}},"product_brand":[],"product_cat":[24],"product_tag":[],"class_list":{"0":"post-142","1":"product","2":"type-product","3":"status-publish","4":"has-post-thumbnail","6":"product_cat-silindrid","7":"desktop-align-center","8":"tablet-align-left","9":"mobile-align-center","11":"first","12":"instock","13":"taxable","14":"shipping-taxable","15":"purchasable","16":"product-type-simple"},"yoast_head":"<!-- This site is optimized with the Yoast SEO plugin v27.5 - https:\/\/yoast.com\/product\/yoast-seo-wordpress\/ -->\n<title>Silindrikomplekt 70cc Minarelli horisontaal (47mm\/10mm) - W\u00f5ro Moto<\/title>\n<meta name=\"robots\" content=\"index, follow, max-snippet:-1, max-image-preview:large, max-video-preview:-1\" \/>\n<link rel=\"canonical\" href=\"https:\/\/www.relibet.ee\/woromotouus\/toode\/silindrikomplekt-70cc-minarelli-horisontaal-47mm-10mm\/\" \/>\n<meta property=\"og:locale\" content=\"et_EE\" \/>\n<meta property=\"og:type\" content=\"article\" \/>\n<meta property=\"og:title\" content=\"Silindrikomplekt 70cc Minarelli horisontaal (47mm\/10mm) - W\u00f5ro Moto\" \/>\n<meta property=\"og:description\" content=\"Silindrikomplekt Minarelli horisontaal 70cc. S\u00f5rme l\u00e4bim\u00f5\u00f5t 10mm. Kolvi l\u00e4bim\u00f5\u00f5t 47mmAprilia Gulliver 50 AC 2T 1995-1998 \u00a0Aprilia Rally 50 AC 2T 1995-2000 \u00a0Aprilia Scarabeo 50 AC 2T 2000-2005 \u00a0Aprilia Scarabeo 50 AC 2T 1993-1997 \u00a0Aprilia Scarabeo 50 AC 2T 1998-1999 \u00a0Aprilia Scarabeo DD 50 AC 2T 1998 \u00a0Aprilia Sonic 50 AC 2T 1998-2007 \u00a0Aprilia SR50 Replica [&hellip;]\" \/>\n<meta property=\"og:url\" content=\"https:\/\/www.relibet.ee\/woromotouus\/toode\/silindrikomplekt-70cc-minarelli-horisontaal-47mm-10mm\/\" \/>\n<meta property=\"og:site_name\" content=\"W\u00f5ro Moto\" \/>\n<meta property=\"article:modified_time\" content=\"2025-11-10T09:33:13+00:00\" \/>\n<meta property=\"og:image\" content=\"https:\/\/www.relibet.ee\/woromotouus\/wp-content\/uploads\/2018\/04\/full_b1541b5b7966ff0144abe21bacd043a3-3.jpg\" \/>\n\t<meta property=\"og:image:width\" content=\"297\" \/>\n\t<meta property=\"og:image:height\" content=\"234\" \/>\n\t<meta property=\"og:image:type\" content=\"image\/jpeg\" \/>\n<meta name=\"twitter:card\" content=\"summary_large_image\" \/>\n<meta name=\"twitter:label1\" content=\"Est. reading time\" \/>\n\t<meta name=\"twitter:data1\" content=\"3 minutit\" \/>\n<script type=\"application\/ld+json\" class=\"yoast-schema-graph\">{\"@context\":\"https:\\\/\\\/schema.org\",\"@graph\":[{\"@type\":\"WebPage\",\"@id\":\"https:\\\/\\\/www.relibet.ee\\\/woromotouus\\\/toode\\\/silindrikomplekt-70cc-minarelli-horisontaal-47mm-10mm\\\/\",\"url\":\"https:\\\/\\\/www.relibet.ee\\\/woromotouus\\\/toode\\\/silindrikomplekt-70cc-minarelli-horisontaal-47mm-10mm\\\/\",\"name\":\"Silindrikomplekt 70cc Minarelli horisontaal (47mm\\\/10mm) - W\u00f5ro Moto\",\"isPartOf\":{\"@id\":\"https:\\\/\\\/www.relibet.ee\\\/woromotouus\\\/#website\"},\"primaryImageOfPage\":{\"@id\":\"https:\\\/\\\/www.relibet.ee\\\/woromotouus\\\/toode\\\/silindrikomplekt-70cc-minarelli-horisontaal-47mm-10mm\\\/#primaryimage\"},\"image\":{\"@id\":\"https:\\\/\\\/www.relibet.ee\\\/woromotouus\\\/toode\\\/silindrikomplekt-70cc-minarelli-horisontaal-47mm-10mm\\\/#primaryimage\"},\"thumbnailUrl\":\"https:\\\/\\\/www.relibet.ee\\\/woromotouus\\\/wp-content\\\/uploads\\\/2018\\\/04\\\/full_b1541b5b7966ff0144abe21bacd043a3-3.jpg\",\"datePublished\":\"2018-04-10T14:47:48+00:00\",\"dateModified\":\"2025-11-10T09:33:13+00:00\",\"breadcrumb\":{\"@id\":\"https:\\\/\\\/www.relibet.ee\\\/woromotouus\\\/toode\\\/silindrikomplekt-70cc-minarelli-horisontaal-47mm-10mm\\\/#breadcrumb\"},\"inLanguage\":\"et\",\"potentialAction\":[{\"@type\":\"ReadAction\",\"target\":[\"https:\\\/\\\/www.relibet.ee\\\/woromotouus\\\/toode\\\/silindrikomplekt-70cc-minarelli-horisontaal-47mm-10mm\\\/\"]}]},{\"@type\":\"ImageObject\",\"inLanguage\":\"et\",\"@id\":\"https:\\\/\\\/www.relibet.ee\\\/woromotouus\\\/toode\\\/silindrikomplekt-70cc-minarelli-horisontaal-47mm-10mm\\\/#primaryimage\",\"url\":\"https:\\\/\\\/www.relibet.ee\\\/woromotouus\\\/wp-content\\\/uploads\\\/2018\\\/04\\\/full_b1541b5b7966ff0144abe21bacd043a3-3.jpg\",\"contentUrl\":\"https:\\\/\\\/www.relibet.ee\\\/woromotouus\\\/wp-content\\\/uploads\\\/2018\\\/04\\\/full_b1541b5b7966ff0144abe21bacd043a3-3.jpg\",\"width\":297,\"height\":234,\"caption\":\"Silindrikomplekt 70cc Minarelli horisontaal (47mm\\\/10mm)\"},{\"@type\":\"BreadcrumbList\",\"@id\":\"https:\\\/\\\/www.relibet.ee\\\/woromotouus\\\/toode\\\/silindrikomplekt-70cc-minarelli-horisontaal-47mm-10mm\\\/#breadcrumb\",\"itemListElement\":[{\"@type\":\"ListItem\",\"position\":1,\"name\":\"Home\",\"item\":\"https:\\\/\\\/www.relibet.ee\\\/woromotouus\\\/\"},{\"@type\":\"ListItem\",\"position\":2,\"name\":\"Pood\",\"item\":\"https:\\\/\\\/www.relibet.ee\\\/woromotouus\\\/\"},{\"@type\":\"ListItem\",\"position\":3,\"name\":\"Silindrikomplekt 70cc Minarelli horisontaal (47mm\\\/10mm)\"}]},{\"@type\":\"WebSite\",\"@id\":\"https:\\\/\\\/www.relibet.ee\\\/woromotouus\\\/#website\",\"url\":\"https:\\\/\\\/www.relibet.ee\\\/woromotouus\\\/\",\"name\":\"W\u00f5ro Moto\",\"description\":\"Mototehnika e-pood\",\"publisher\":{\"@id\":\"https:\\\/\\\/www.relibet.ee\\\/woromotouus\\\/#organization\"},\"potentialAction\":[{\"@type\":\"SearchAction\",\"target\":{\"@type\":\"EntryPoint\",\"urlTemplate\":\"https:\\\/\\\/www.relibet.ee\\\/woromotouus\\\/?s={search_term_string}\"},\"query-input\":{\"@type\":\"PropertyValueSpecification\",\"valueRequired\":true,\"valueName\":\"search_term_string\"}}],\"inLanguage\":\"et\"},{\"@type\":\"Organization\",\"@id\":\"https:\\\/\\\/www.relibet.ee\\\/woromotouus\\\/#organization\",\"name\":\"Relibet O\u00dc\",\"url\":\"https:\\\/\\\/www.relibet.ee\\\/woromotouus\\\/\",\"logo\":{\"@type\":\"ImageObject\",\"inLanguage\":\"et\",\"@id\":\"https:\\\/\\\/www.relibet.ee\\\/woromotouus\\\/#\\\/schema\\\/logo\\\/image\\\/\",\"url\":\"https:\\\/\\\/www.relibet.ee\\\/woromotouus\\\/wp-content\\\/uploads\\\/2018\\\/04\\\/W\u00f5romoto_logo.png\",\"contentUrl\":\"https:\\\/\\\/www.relibet.ee\\\/woromotouus\\\/wp-content\\\/uploads\\\/2018\\\/04\\\/W\u00f5romoto_logo.png\",\"width\":200,\"height\":50,\"caption\":\"Relibet O\u00dc\"},\"image\":{\"@id\":\"https:\\\/\\\/www.relibet.ee\\\/woromotouus\\\/#\\\/schema\\\/logo\\\/image\\\/\"}}]}<\/script>\n<!-- \/ Yoast SEO plugin. -->","yoast_head_json":{"title":"Silindrikomplekt 70cc Minarelli horisontaal (47mm\/10mm) - W\u00f5ro Moto","robots":{"index":"index","follow":"follow","max-snippet":"max-snippet:-1","max-image-preview":"max-image-preview:large","max-video-preview":"max-video-preview:-1"},"canonical":"https:\/\/www.relibet.ee\/woromotouus\/toode\/silindrikomplekt-70cc-minarelli-horisontaal-47mm-10mm\/","og_locale":"et_EE","og_type":"article","og_title":"Silindrikomplekt 70cc Minarelli horisontaal (47mm\/10mm) - W\u00f5ro Moto","og_description":"Silindrikomplekt Minarelli horisontaal 70cc. S\u00f5rme l\u00e4bim\u00f5\u00f5t 10mm. Kolvi l\u00e4bim\u00f5\u00f5t 47mmAprilia Gulliver 50 AC 2T 1995-1998 \u00a0Aprilia Rally 50 AC 2T 1995-2000 \u00a0Aprilia Scarabeo 50 AC 2T 2000-2005 \u00a0Aprilia Scarabeo 50 AC 2T 1993-1997 \u00a0Aprilia Scarabeo 50 AC 2T 1998-1999 \u00a0Aprilia Scarabeo DD 50 AC 2T 1998 \u00a0Aprilia Sonic 50 AC 2T 1998-2007 \u00a0Aprilia SR50 Replica [&hellip;]","og_url":"https:\/\/www.relibet.ee\/woromotouus\/toode\/silindrikomplekt-70cc-minarelli-horisontaal-47mm-10mm\/","og_site_name":"W\u00f5ro Moto","article_modified_time":"2025-11-10T09:33:13+00:00","og_image":[{"width":297,"height":234,"url":"https:\/\/www.relibet.ee\/woromotouus\/wp-content\/uploads\/2018\/04\/full_b1541b5b7966ff0144abe21bacd043a3-3.jpg","type":"image\/jpeg"}],"twitter_card":"summary_large_image","twitter_misc":{"Est. reading time":"3 minutit"},"schema":{"@context":"https:\/\/schema.org","@graph":[{"@type":"WebPage","@id":"https:\/\/www.relibet.ee\/woromotouus\/toode\/silindrikomplekt-70cc-minarelli-horisontaal-47mm-10mm\/","url":"https:\/\/www.relibet.ee\/woromotouus\/toode\/silindrikomplekt-70cc-minarelli-horisontaal-47mm-10mm\/","name":"Silindrikomplekt 70cc Minarelli horisontaal (47mm\/10mm) - W\u00f5ro Moto","isPartOf":{"@id":"https:\/\/www.relibet.ee\/woromotouus\/#website"},"primaryImageOfPage":{"@id":"https:\/\/www.relibet.ee\/woromotouus\/toode\/silindrikomplekt-70cc-minarelli-horisontaal-47mm-10mm\/#primaryimage"},"image":{"@id":"https:\/\/www.relibet.ee\/woromotouus\/toode\/silindrikomplekt-70cc-minarelli-horisontaal-47mm-10mm\/#primaryimage"},"thumbnailUrl":"https:\/\/www.relibet.ee\/woromotouus\/wp-content\/uploads\/2018\/04\/full_b1541b5b7966ff0144abe21bacd043a3-3.jpg","datePublished":"2018-04-10T14:47:48+00:00","dateModified":"2025-11-10T09:33:13+00:00","breadcrumb":{"@id":"https:\/\/www.relibet.ee\/woromotouus\/toode\/silindrikomplekt-70cc-minarelli-horisontaal-47mm-10mm\/#breadcrumb"},"inLanguage":"et","potentialAction":[{"@type":"ReadAction","target":["https:\/\/www.relibet.ee\/woromotouus\/toode\/silindrikomplekt-70cc-minarelli-horisontaal-47mm-10mm\/"]}]},{"@type":"ImageObject","inLanguage":"et","@id":"https:\/\/www.relibet.ee\/woromotouus\/toode\/silindrikomplekt-70cc-minarelli-horisontaal-47mm-10mm\/#primaryimage","url":"https:\/\/www.relibet.ee\/woromotouus\/wp-content\/uploads\/2018\/04\/full_b1541b5b7966ff0144abe21bacd043a3-3.jpg","contentUrl":"https:\/\/www.relibet.ee\/woromotouus\/wp-content\/uploads\/2018\/04\/full_b1541b5b7966ff0144abe21bacd043a3-3.jpg","width":297,"height":234,"caption":"Silindrikomplekt 70cc Minarelli horisontaal (47mm\/10mm)"},{"@type":"BreadcrumbList","@id":"https:\/\/www.relibet.ee\/woromotouus\/toode\/silindrikomplekt-70cc-minarelli-horisontaal-47mm-10mm\/#breadcrumb","itemListElement":[{"@type":"ListItem","position":1,"name":"Home","item":"https:\/\/www.relibet.ee\/woromotouus\/"},{"@type":"ListItem","position":2,"name":"Pood","item":"https:\/\/www.relibet.ee\/woromotouus\/"},{"@type":"ListItem","position":3,"name":"Silindrikomplekt 70cc Minarelli horisontaal (47mm\/10mm)"}]},{"@type":"WebSite","@id":"https:\/\/www.relibet.ee\/woromotouus\/#website","url":"https:\/\/www.relibet.ee\/woromotouus\/","name":"W\u00f5ro Moto","description":"Mototehnika e-pood","publisher":{"@id":"https:\/\/www.relibet.ee\/woromotouus\/#organization"},"potentialAction":[{"@type":"SearchAction","target":{"@type":"EntryPoint","urlTemplate":"https:\/\/www.relibet.ee\/woromotouus\/?s={search_term_string}"},"query-input":{"@type":"PropertyValueSpecification","valueRequired":true,"valueName":"search_term_string"}}],"inLanguage":"et"},{"@type":"Organization","@id":"https:\/\/www.relibet.ee\/woromotouus\/#organization","name":"Relibet O\u00dc","url":"https:\/\/www.relibet.ee\/woromotouus\/","logo":{"@type":"ImageObject","inLanguage":"et","@id":"https:\/\/www.relibet.ee\/woromotouus\/#\/schema\/logo\/image\/","url":"https:\/\/www.relibet.ee\/woromotouus\/wp-content\/uploads\/2018\/04\/W\u00f5romoto_logo.png","contentUrl":"https:\/\/www.relibet.ee\/woromotouus\/wp-content\/uploads\/2018\/04\/W\u00f5romoto_logo.png","width":200,"height":50,"caption":"Relibet O\u00dc"},"image":{"@id":"https:\/\/www.relibet.ee\/woromotouus\/#\/schema\/logo\/image\/"}}]}},"_links":{"self":[{"href":"https:\/\/www.relibet.ee\/woromotouus\/wp-json\/wp\/v2\/product\/142","targetHints":{"allow":["GET"]}}],"collection":[{"href":"https:\/\/www.relibet.ee\/woromotouus\/wp-json\/wp\/v2\/product"}],"about":[{"href":"https:\/\/www.relibet.ee\/woromotouus\/wp-json\/wp\/v2\/types\/product"}],"version-history":[{"count":0,"href":"https:\/\/www.relibet.ee\/woromotouus\/wp-json\/wp\/v2\/product\/142\/revisions"}],"wp:featuredmedia":[{"embeddable":true,"href":"https:\/\/www.relibet.ee\/woromotouus\/wp-json\/wp\/v2\/media\/3517"}],"wp:attachment":[{"href":"https:\/\/www.relibet.ee\/woromotouus\/wp-json\/wp\/v2\/media?parent=142"}],"wp:term":[{"taxonomy":"product_brand","embeddable":true,"href":"https:\/\/www.relibet.ee\/woromotouus\/wp-json\/wp\/v2\/product_brand?post=142"},{"taxonomy":"product_cat","embeddable":true,"href":"https:\/\/www.relibet.ee\/woromotouus\/wp-json\/wp\/v2\/product_cat?post=142"},{"taxonomy":"product_tag","embeddable":true,"href":"https:\/\/www.relibet.ee\/woromotouus\/wp-json\/wp\/v2\/product_tag?post=142"}],"curies":[{"name":"wp","href":"https:\/\/api.w.org\/{rel}","templated":true}]}}