{"id":19675,"date":"2024-04-14T09:27:44","date_gmt":"2024-04-14T06:27:44","guid":{"rendered":"https:\/\/www.relibet.ee\/woromotouus\/?post_type=product&#038;p=19675"},"modified":"2026-01-04T14:23:49","modified_gmt":"2026-01-04T12:23:49","slug":"atv-storm-125cc-sinine","status":"publish","type":"product","link":"https:\/\/www.relibet.ee\/woromotouus\/toode\/atv-storm-125cc-sinine\/","title":{"rendered":"ATV TAO MOTOR 125CC SININE"},"content":{"rendered":"<p>MOOTOR 125CC 4TAKTINE 1K\u00c4IK EDASI 1TAGASI AUTOMAAT<\/p>\n<p>RATTAD 8 TOLLI<\/p>\n<p>ELEKTRI STARTER,TULED,SPIDOMEETER<\/p>\n<p>J\u00c4RELMAKSU JA TRANSPORDI V\u00d5IMALUS<\/p>\n","protected":false},"excerpt":{"rendered":"<p>MOOTOR 125CC 4TAKTINE 1K\u00c4IK EDASI 1TAGASI AUTOMAAT RATTAD 8 TOLLI ELEKTRI STARTER,TULED,SPIDOMEETER J\u00c4RELMAKSU JA TRANSPORDI V\u00d5IMALUS<\/p>\n","protected":false},"featured_media":22509,"template":"","meta":{"site-sidebar-layout":"default","site-content-layout":"","ast-site-content-layout":"default","site-content-style":"default","site-sidebar-style":"default","ast-global-header-display":"","ast-banner-title-visibility":"","ast-main-header-display":"","ast-hfb-above-header-display":"","ast-hfb-below-header-display":"","ast-hfb-mobile-header-display":"","site-post-title":"","ast-breadcrumbs-content":"","ast-featured-img":"","footer-sml-layout":"","ast-disable-related-posts":"","theme-transparent-header-meta":"default","adv-header-id-meta":"","stick-header-meta":"","header-above-stick-meta":"","header-main-stick-meta":"","header-below-stick-meta":"","astra-migrate-meta-layouts":"set","ast-page-background-enabled":"default","ast-page-background-meta":{"desktop":{"background-color":"","background-image":"","background-repeat":"repeat","background-position":"center center","background-size":"auto","background-attachment":"scroll","background-type":"","background-media":"","overlay-type":"","overlay-color":"","overlay-opacity":"","overlay-gradient":""},"tablet":{"background-color":"","background-image":"","background-repeat":"repeat","background-position":"center center","background-size":"auto","background-attachment":"scroll","background-type":"","background-media":"","overlay-type":"","overlay-color":"","overlay-opacity":"","overlay-gradient":""},"mobile":{"background-color":"","background-image":"","background-repeat":"repeat","background-position":"center center","background-size":"auto","background-attachment":"scroll","background-type":"","background-media":"","overlay-type":"","overlay-color":"","overlay-opacity":"","overlay-gradient":""}},"ast-content-background-meta":{"desktop":{"background-color":"var(--ast-global-color-5)","background-image":"","background-repeat":"repeat","background-position":"center center","background-size":"auto","background-attachment":"scroll","background-type":"","background-media":"","overlay-type":"","overlay-color":"","overlay-opacity":"","overlay-gradient":""},"tablet":{"background-color":"var(--ast-global-color-5)","background-image":"","background-repeat":"repeat","background-position":"center center","background-size":"auto","background-attachment":"scroll","background-type":"","background-media":"","overlay-type":"","overlay-color":"","overlay-opacity":"","overlay-gradient":""},"mobile":{"background-color":"var(--ast-global-color-5)","background-image":"","background-repeat":"repeat","background-position":"center center","background-size":"auto","background-attachment":"scroll","background-type":"","background-media":"","overlay-type":"","overlay-color":"","overlay-opacity":"","overlay-gradient":""}}},"product_brand":[],"product_cat":[16],"product_tag":[],"class_list":{"0":"post-19675","1":"product","2":"type-product","3":"status-publish","4":"has-post-thumbnail","6":"product_cat-atv-d","7":"desktop-align-center","8":"tablet-align-left","9":"mobile-align-center","11":"first","12":"instock","13":"taxable","14":"shipping-taxable","15":"purchasable","16":"product-type-simple"},"yoast_head":"<!-- This site is optimized with the Yoast SEO plugin v27.5 - https:\/\/yoast.com\/product\/yoast-seo-wordpress\/ -->\n<title>ATV TAO MOTOR 125CC SININE - W\u00f5ro Moto<\/title>\n<meta name=\"robots\" content=\"index, follow, max-snippet:-1, max-image-preview:large, max-video-preview:-1\" \/>\n<link rel=\"canonical\" href=\"https:\/\/www.relibet.ee\/woromotouus\/toode\/atv-storm-125cc-sinine\/\" \/>\n<meta property=\"og:locale\" content=\"et_EE\" \/>\n<meta property=\"og:type\" content=\"article\" \/>\n<meta property=\"og:title\" content=\"ATV TAO MOTOR 125CC SININE - W\u00f5ro Moto\" \/>\n<meta property=\"og:description\" content=\"MOOTOR 125CC 4TAKTINE 1K\u00c4IK EDASI 1TAGASI AUTOMAAT RATTAD 8 TOLLI ELEKTRI STARTER,TULED,SPIDOMEETER J\u00c4RELMAKSU JA TRANSPORDI V\u00d5IMALUS\" \/>\n<meta property=\"og:url\" content=\"https:\/\/www.relibet.ee\/woromotouus\/toode\/atv-storm-125cc-sinine\/\" \/>\n<meta property=\"og:site_name\" content=\"W\u00f5ro Moto\" \/>\n<meta property=\"article:modified_time\" content=\"2026-01-04T12:23:49+00:00\" \/>\n<meta property=\"og:image\" content=\"https:\/\/www.relibet.ee\/woromotouus\/wp-content\/uploads\/2024\/04\/P1019353.jpg\" \/>\n\t<meta property=\"og:image:width\" content=\"1600\" \/>\n\t<meta property=\"og:image:height\" content=\"1200\" \/>\n\t<meta property=\"og:image:type\" content=\"image\/jpeg\" \/>\n<meta name=\"twitter:card\" content=\"summary_large_image\" \/>\n<meta name=\"twitter:label1\" content=\"Est. reading time\" \/>\n\t<meta name=\"twitter:data1\" content=\"1 minut\" \/>\n<script type=\"application\/ld+json\" class=\"yoast-schema-graph\">{\"@context\":\"https:\\\/\\\/schema.org\",\"@graph\":[{\"@type\":\"WebPage\",\"@id\":\"https:\\\/\\\/www.relibet.ee\\\/woromotouus\\\/toode\\\/atv-storm-125cc-sinine\\\/\",\"url\":\"https:\\\/\\\/www.relibet.ee\\\/woromotouus\\\/toode\\\/atv-storm-125cc-sinine\\\/\",\"name\":\"ATV TAO MOTOR 125CC SININE - W\u00f5ro Moto\",\"isPartOf\":{\"@id\":\"https:\\\/\\\/www.relibet.ee\\\/woromotouus\\\/#website\"},\"primaryImageOfPage\":{\"@id\":\"https:\\\/\\\/www.relibet.ee\\\/woromotouus\\\/toode\\\/atv-storm-125cc-sinine\\\/#primaryimage\"},\"image\":{\"@id\":\"https:\\\/\\\/www.relibet.ee\\\/woromotouus\\\/toode\\\/atv-storm-125cc-sinine\\\/#primaryimage\"},\"thumbnailUrl\":\"https:\\\/\\\/www.relibet.ee\\\/woromotouus\\\/wp-content\\\/uploads\\\/2024\\\/04\\\/P1019353.jpg\",\"datePublished\":\"2024-04-14T06:27:44+00:00\",\"dateModified\":\"2026-01-04T12:23:49+00:00\",\"breadcrumb\":{\"@id\":\"https:\\\/\\\/www.relibet.ee\\\/woromotouus\\\/toode\\\/atv-storm-125cc-sinine\\\/#breadcrumb\"},\"inLanguage\":\"et\",\"potentialAction\":[{\"@type\":\"ReadAction\",\"target\":[\"https:\\\/\\\/www.relibet.ee\\\/woromotouus\\\/toode\\\/atv-storm-125cc-sinine\\\/\"]}]},{\"@type\":\"ImageObject\",\"inLanguage\":\"et\",\"@id\":\"https:\\\/\\\/www.relibet.ee\\\/woromotouus\\\/toode\\\/atv-storm-125cc-sinine\\\/#primaryimage\",\"url\":\"https:\\\/\\\/www.relibet.ee\\\/woromotouus\\\/wp-content\\\/uploads\\\/2024\\\/04\\\/P1019353.jpg\",\"contentUrl\":\"https:\\\/\\\/www.relibet.ee\\\/woromotouus\\\/wp-content\\\/uploads\\\/2024\\\/04\\\/P1019353.jpg\",\"width\":1600,\"height\":1200,\"caption\":\"OLYMPUS DIGITAL CAMERA\"},{\"@type\":\"BreadcrumbList\",\"@id\":\"https:\\\/\\\/www.relibet.ee\\\/woromotouus\\\/toode\\\/atv-storm-125cc-sinine\\\/#breadcrumb\",\"itemListElement\":[{\"@type\":\"ListItem\",\"position\":1,\"name\":\"Home\",\"item\":\"https:\\\/\\\/www.relibet.ee\\\/woromotouus\\\/\"},{\"@type\":\"ListItem\",\"position\":2,\"name\":\"Pood\",\"item\":\"https:\\\/\\\/www.relibet.ee\\\/woromotouus\\\/\"},{\"@type\":\"ListItem\",\"position\":3,\"name\":\"ATV TAO MOTOR 125CC SININE\"}]},{\"@type\":\"WebSite\",\"@id\":\"https:\\\/\\\/www.relibet.ee\\\/woromotouus\\\/#website\",\"url\":\"https:\\\/\\\/www.relibet.ee\\\/woromotouus\\\/\",\"name\":\"W\u00f5ro Moto\",\"description\":\"Mototehnika e-pood\",\"publisher\":{\"@id\":\"https:\\\/\\\/www.relibet.ee\\\/woromotouus\\\/#organization\"},\"potentialAction\":[{\"@type\":\"SearchAction\",\"target\":{\"@type\":\"EntryPoint\",\"urlTemplate\":\"https:\\\/\\\/www.relibet.ee\\\/woromotouus\\\/?s={search_term_string}\"},\"query-input\":{\"@type\":\"PropertyValueSpecification\",\"valueRequired\":true,\"valueName\":\"search_term_string\"}}],\"inLanguage\":\"et\"},{\"@type\":\"Organization\",\"@id\":\"https:\\\/\\\/www.relibet.ee\\\/woromotouus\\\/#organization\",\"name\":\"Relibet O\u00dc\",\"url\":\"https:\\\/\\\/www.relibet.ee\\\/woromotouus\\\/\",\"logo\":{\"@type\":\"ImageObject\",\"inLanguage\":\"et\",\"@id\":\"https:\\\/\\\/www.relibet.ee\\\/woromotouus\\\/#\\\/schema\\\/logo\\\/image\\\/\",\"url\":\"https:\\\/\\\/www.relibet.ee\\\/woromotouus\\\/wp-content\\\/uploads\\\/2018\\\/04\\\/W\u00f5romoto_logo.png\",\"contentUrl\":\"https:\\\/\\\/www.relibet.ee\\\/woromotouus\\\/wp-content\\\/uploads\\\/2018\\\/04\\\/W\u00f5romoto_logo.png\",\"width\":200,\"height\":50,\"caption\":\"Relibet O\u00dc\"},\"image\":{\"@id\":\"https:\\\/\\\/www.relibet.ee\\\/woromotouus\\\/#\\\/schema\\\/logo\\\/image\\\/\"}}]}<\/script>\n<!-- \/ Yoast SEO plugin. -->","yoast_head_json":{"title":"ATV TAO MOTOR 125CC SININE - W\u00f5ro Moto","robots":{"index":"index","follow":"follow","max-snippet":"max-snippet:-1","max-image-preview":"max-image-preview:large","max-video-preview":"max-video-preview:-1"},"canonical":"https:\/\/www.relibet.ee\/woromotouus\/toode\/atv-storm-125cc-sinine\/","og_locale":"et_EE","og_type":"article","og_title":"ATV TAO MOTOR 125CC SININE - W\u00f5ro Moto","og_description":"MOOTOR 125CC 4TAKTINE 1K\u00c4IK EDASI 1TAGASI AUTOMAAT RATTAD 8 TOLLI ELEKTRI STARTER,TULED,SPIDOMEETER J\u00c4RELMAKSU JA TRANSPORDI V\u00d5IMALUS","og_url":"https:\/\/www.relibet.ee\/woromotouus\/toode\/atv-storm-125cc-sinine\/","og_site_name":"W\u00f5ro Moto","article_modified_time":"2026-01-04T12:23:49+00:00","og_image":[{"width":1600,"height":1200,"url":"https:\/\/www.relibet.ee\/woromotouus\/wp-content\/uploads\/2024\/04\/P1019353.jpg","type":"image\/jpeg"}],"twitter_card":"summary_large_image","twitter_misc":{"Est. reading time":"1 minut"},"schema":{"@context":"https:\/\/schema.org","@graph":[{"@type":"WebPage","@id":"https:\/\/www.relibet.ee\/woromotouus\/toode\/atv-storm-125cc-sinine\/","url":"https:\/\/www.relibet.ee\/woromotouus\/toode\/atv-storm-125cc-sinine\/","name":"ATV TAO MOTOR 125CC SININE - W\u00f5ro Moto","isPartOf":{"@id":"https:\/\/www.relibet.ee\/woromotouus\/#website"},"primaryImageOfPage":{"@id":"https:\/\/www.relibet.ee\/woromotouus\/toode\/atv-storm-125cc-sinine\/#primaryimage"},"image":{"@id":"https:\/\/www.relibet.ee\/woromotouus\/toode\/atv-storm-125cc-sinine\/#primaryimage"},"thumbnailUrl":"https:\/\/www.relibet.ee\/woromotouus\/wp-content\/uploads\/2024\/04\/P1019353.jpg","datePublished":"2024-04-14T06:27:44+00:00","dateModified":"2026-01-04T12:23:49+00:00","breadcrumb":{"@id":"https:\/\/www.relibet.ee\/woromotouus\/toode\/atv-storm-125cc-sinine\/#breadcrumb"},"inLanguage":"et","potentialAction":[{"@type":"ReadAction","target":["https:\/\/www.relibet.ee\/woromotouus\/toode\/atv-storm-125cc-sinine\/"]}]},{"@type":"ImageObject","inLanguage":"et","@id":"https:\/\/www.relibet.ee\/woromotouus\/toode\/atv-storm-125cc-sinine\/#primaryimage","url":"https:\/\/www.relibet.ee\/woromotouus\/wp-content\/uploads\/2024\/04\/P1019353.jpg","contentUrl":"https:\/\/www.relibet.ee\/woromotouus\/wp-content\/uploads\/2024\/04\/P1019353.jpg","width":1600,"height":1200,"caption":"OLYMPUS DIGITAL CAMERA"},{"@type":"BreadcrumbList","@id":"https:\/\/www.relibet.ee\/woromotouus\/toode\/atv-storm-125cc-sinine\/#breadcrumb","itemListElement":[{"@type":"ListItem","position":1,"name":"Home","item":"https:\/\/www.relibet.ee\/woromotouus\/"},{"@type":"ListItem","position":2,"name":"Pood","item":"https:\/\/www.relibet.ee\/woromotouus\/"},{"@type":"ListItem","position":3,"name":"ATV TAO MOTOR 125CC SININE"}]},{"@type":"WebSite","@id":"https:\/\/www.relibet.ee\/woromotouus\/#website","url":"https:\/\/www.relibet.ee\/woromotouus\/","name":"W\u00f5ro Moto","description":"Mototehnika e-pood","publisher":{"@id":"https:\/\/www.relibet.ee\/woromotouus\/#organization"},"potentialAction":[{"@type":"SearchAction","target":{"@type":"EntryPoint","urlTemplate":"https:\/\/www.relibet.ee\/woromotouus\/?s={search_term_string}"},"query-input":{"@type":"PropertyValueSpecification","valueRequired":true,"valueName":"search_term_string"}}],"inLanguage":"et"},{"@type":"Organization","@id":"https:\/\/www.relibet.ee\/woromotouus\/#organization","name":"Relibet O\u00dc","url":"https:\/\/www.relibet.ee\/woromotouus\/","logo":{"@type":"ImageObject","inLanguage":"et","@id":"https:\/\/www.relibet.ee\/woromotouus\/#\/schema\/logo\/image\/","url":"https:\/\/www.relibet.ee\/woromotouus\/wp-content\/uploads\/2018\/04\/W\u00f5romoto_logo.png","contentUrl":"https:\/\/www.relibet.ee\/woromotouus\/wp-content\/uploads\/2018\/04\/W\u00f5romoto_logo.png","width":200,"height":50,"caption":"Relibet O\u00dc"},"image":{"@id":"https:\/\/www.relibet.ee\/woromotouus\/#\/schema\/logo\/image\/"}}]}},"_links":{"self":[{"href":"https:\/\/www.relibet.ee\/woromotouus\/wp-json\/wp\/v2\/product\/19675","targetHints":{"allow":["GET"]}}],"collection":[{"href":"https:\/\/www.relibet.ee\/woromotouus\/wp-json\/wp\/v2\/product"}],"about":[{"href":"https:\/\/www.relibet.ee\/woromotouus\/wp-json\/wp\/v2\/types\/product"}],"version-history":[{"count":1,"href":"https:\/\/www.relibet.ee\/woromotouus\/wp-json\/wp\/v2\/product\/19675\/revisions"}],"predecessor-version":[{"id":19679,"href":"https:\/\/www.relibet.ee\/woromotouus\/wp-json\/wp\/v2\/product\/19675\/revisions\/19679"}],"wp:featuredmedia":[{"embeddable":true,"href":"https:\/\/www.relibet.ee\/woromotouus\/wp-json\/wp\/v2\/media\/22509"}],"wp:attachment":[{"href":"https:\/\/www.relibet.ee\/woromotouus\/wp-json\/wp\/v2\/media?parent=19675"}],"wp:term":[{"taxonomy":"product_brand","embeddable":true,"href":"https:\/\/www.relibet.ee\/woromotouus\/wp-json\/wp\/v2\/product_brand?post=19675"},{"taxonomy":"product_cat","embeddable":true,"href":"https:\/\/www.relibet.ee\/woromotouus\/wp-json\/wp\/v2\/product_cat?post=19675"},{"taxonomy":"product_tag","embeddable":true,"href":"https:\/\/www.relibet.ee\/woromotouus\/wp-json\/wp\/v2\/product_tag?post=19675"}],"curies":[{"name":"wp","href":"https:\/\/api.w.org\/{rel}","templated":true}]}}