{"id":24250,"date":"2025-07-23T10:56:25","date_gmt":"2025-07-23T07:56:25","guid":{"rendered":"https:\/\/www.relibet.ee\/woromotouus\/?post_type=product&#038;p=24250"},"modified":"2026-04-15T11:42:12","modified_gmt":"2026-04-15T08:42:12","slug":"cf-moto-suutelukk","status":"publish","type":"product","link":"https:\/\/www.relibet.ee\/woromotouus\/toode\/cf-moto-suutelukk\/","title":{"rendered":"CF MOTO ATV S\u00dc\u00dcTELUKK CF 500"},"content":{"rendered":"<p>Originaal tootekood 9010-010000<\/p>\n<p>Sobivus<\/p>\n<table>\n<thead>\n<tr>\n<th>Aasta<\/th>\n<th>Mark<\/th>\n<th>Mudel<\/th>\n<\/tr>\n<\/thead>\n<tfoot>\n<tr>\n<th><\/th>\n<th><\/th>\n<th><\/th>\n<\/tr>\n<\/tfoot>\n<tbody>\n<tr>\n<td>2016<\/td>\n<td>CFMoto<\/td>\n<td>CFORCE 500 SWB<\/td>\n<\/tr>\n<tr>\n<td>2015<\/td>\n<td>CFMoto<\/td>\n<td>CFORCE 500 SWB<\/td>\n<\/tr>\n<tr>\n<td>2014<\/td>\n<td>CFMoto<\/td>\n<td>CFORCE 500 SWB<\/td>\n<\/tr>\n<tr>\n<td>2014<\/td>\n<td>CFMoto<\/td>\n<td>CFORCE 600 LWB<\/td>\n<\/tr>\n<tr>\n<td>2013<\/td>\n<td>CFMoto<\/td>\n<td>CFORCE 500 SWB<\/td>\n<\/tr>\n<tr>\n<td>2013<\/td>\n<td>CFMoto<\/td>\n<td>CFORCE 600 LWB<\/td>\n<\/tr>\n<tr>\n<td>2012<\/td>\n<td>CFMoto<\/td>\n<td>X5 (CFORCE 500) LWB<\/td>\n<\/tr>\n<tr>\n<td>2012<\/td>\n<td>CFMoto<\/td>\n<td>X5 (CFORCE 500) SWB<\/td>\n<\/tr>\n<tr>\n<td>2012<\/td>\n<td>CFMoto<\/td>\n<td>X6 (CFORCE 600) LWB<\/td>\n<\/tr>\n<tr>\n<td>2012<\/td>\n<td>CFMoto<\/td>\n<td>X6 (CFORCE 600) SWB<\/td>\n<\/tr>\n<tr>\n<td>2011<\/td>\n<td>CFMoto<\/td>\n<td>X5 (CFORCE 500) LWB<\/td>\n<\/tr>\n<tr>\n<td>2011<\/td>\n<td>CFMoto<\/td>\n<td>X5 (CFORCE 500) SWB<\/td>\n<\/tr>\n<tr>\n<td>2011<\/td>\n<td>CFMoto<\/td>\n<td>X6 (CFORCE 600) LWB<\/td>\n<\/tr>\n<tr>\n<td>2011<\/td>\n<td>CFMoto<\/td>\n<td>X6 (CFORCE 600) SWB<\/td>\n<\/tr>\n<tr>\n<td>2010<\/td>\n<td>CFMoto<\/td>\n<td>X5 (CFORCE 500) LWB<\/td>\n<\/tr>\n<tr>\n<td>2010<\/td>\n<td>CFMoto<\/td>\n<td>X5 (CFORCE 500) SWB<\/td>\n<\/tr>\n<tr>\n<td>2010<\/td>\n<td>CFMoto<\/td>\n<td>X6 (CFORCE 600) LWB<\/td>\n<\/tr>\n<tr>\n<td>2010<\/td>\n<td>CFMoto<\/td>\n<td>X6 (CFORCE 600) SWB<\/td>\n<\/tr>\n<tr>\n<td>2008<\/td>\n<td>CFMoto<\/td>\n<td>CFORCE 500 SWB\/07-08<\/td>\n<\/tr>\n<tr>\n<td>2008<\/td>\n<td>CFMoto<\/td>\n<td>CFORCE 500-A LWB\/07-08<\/td>\n<\/tr>\n<tr>\n<td>2007<\/td>\n<td>CFMoto<\/td>\n<td>CFORCE 500 SWB\/07-08<\/td>\n<\/tr>\n<tr>\n<td>2007<\/td>\n<td>CFMoto<\/td>\n<td>CFORCE 500-A LWB\/07-08<\/td>\n<\/tr>\n<\/tbody>\n<\/table>\n","protected":false},"excerpt":{"rendered":"<p>Originaal tootekood 9010-010000 Sobivus Aasta Mark Mudel 2016 CFMoto CFORCE 500 SWB 2015 CFMoto CFORCE 500 SWB 2014 CFMoto CFORCE 500 SWB 2014 CFMoto CFORCE 600 LWB 2013 CFMoto CFORCE 500 SWB 2013 CFMoto CFORCE 600 LWB 2012 CFMoto X5 (CFORCE 500) LWB 2012 CFMoto X5 (CFORCE 500) SWB 2012 CFMoto X6 (CFORCE 600) LWB [&hellip;]<\/p>\n","protected":false},"featured_media":24251,"template":"","meta":{"site-sidebar-layout":"default","site-content-layout":"","ast-site-content-layout":"default","site-content-style":"default","site-sidebar-style":"default","ast-global-header-display":"","ast-banner-title-visibility":"","ast-main-header-display":"","ast-hfb-above-header-display":"","ast-hfb-below-header-display":"","ast-hfb-mobile-header-display":"","site-post-title":"","ast-breadcrumbs-content":"","ast-featured-img":"","footer-sml-layout":"","ast-disable-related-posts":"","theme-transparent-header-meta":"default","adv-header-id-meta":"","stick-header-meta":"","header-above-stick-meta":"","header-main-stick-meta":"","header-below-stick-meta":"","astra-migrate-meta-layouts":"set","ast-page-background-enabled":"default","ast-page-background-meta":{"desktop":{"background-color":"","background-image":"","background-repeat":"repeat","background-position":"center center","background-size":"auto","background-attachment":"scroll","background-type":"","background-media":"","overlay-type":"","overlay-color":"","overlay-opacity":"","overlay-gradient":""},"tablet":{"background-color":"","background-image":"","background-repeat":"repeat","background-position":"center center","background-size":"auto","background-attachment":"scroll","background-type":"","background-media":"","overlay-type":"","overlay-color":"","overlay-opacity":"","overlay-gradient":""},"mobile":{"background-color":"","background-image":"","background-repeat":"repeat","background-position":"center center","background-size":"auto","background-attachment":"scroll","background-type":"","background-media":"","overlay-type":"","overlay-color":"","overlay-opacity":"","overlay-gradient":""}},"ast-content-background-meta":{"desktop":{"background-color":"var(--ast-global-color-5)","background-image":"","background-repeat":"repeat","background-position":"center center","background-size":"auto","background-attachment":"scroll","background-type":"","background-media":"","overlay-type":"","overlay-color":"","overlay-opacity":"","overlay-gradient":""},"tablet":{"background-color":"var(--ast-global-color-5)","background-image":"","background-repeat":"repeat","background-position":"center center","background-size":"auto","background-attachment":"scroll","background-type":"","background-media":"","overlay-type":"","overlay-color":"","overlay-opacity":"","overlay-gradient":""},"mobile":{"background-color":"var(--ast-global-color-5)","background-image":"","background-repeat":"repeat","background-position":"center center","background-size":"auto","background-attachment":"scroll","background-type":"","background-media":"","overlay-type":"","overlay-color":"","overlay-opacity":"","overlay-gradient":""}}},"product_brand":[],"product_cat":[41],"product_tag":[],"class_list":{"0":"post-24250","1":"product","2":"type-product","3":"status-publish","4":"has-post-thumbnail","6":"product_cat-cf-moto-atv-varuosad","7":"desktop-align-center","8":"tablet-align-left","9":"mobile-align-center","11":"first","12":"instock","13":"taxable","14":"shipping-taxable","15":"purchasable","16":"product-type-simple"},"yoast_head":"<!-- This site is optimized with the Yoast SEO plugin v26.9 - https:\/\/yoast.com\/product\/yoast-seo-wordpress\/ -->\n<title>CF MOTO ATV S\u00dc\u00dcTELUKK CF 500 - W\u00f5ro Moto<\/title>\n<meta name=\"robots\" content=\"index, follow, max-snippet:-1, max-image-preview:large, max-video-preview:-1\" \/>\n<link rel=\"canonical\" href=\"https:\/\/www.relibet.ee\/woromotouus\/toode\/cf-moto-suutelukk\/\" \/>\n<meta property=\"og:locale\" content=\"et_EE\" \/>\n<meta property=\"og:type\" content=\"article\" \/>\n<meta property=\"og:title\" content=\"CF MOTO ATV S\u00dc\u00dcTELUKK CF 500 - W\u00f5ro Moto\" \/>\n<meta property=\"og:description\" content=\"Originaal tootekood 9010-010000 Sobivus Aasta Mark Mudel 2016 CFMoto CFORCE 500 SWB 2015 CFMoto CFORCE 500 SWB 2014 CFMoto CFORCE 500 SWB 2014 CFMoto CFORCE 600 LWB 2013 CFMoto CFORCE 500 SWB 2013 CFMoto CFORCE 600 LWB 2012 CFMoto X5 (CFORCE 500) LWB 2012 CFMoto X5 (CFORCE 500) SWB 2012 CFMoto X6 (CFORCE 600) LWB [&hellip;]\" \/>\n<meta property=\"og:url\" content=\"https:\/\/www.relibet.ee\/woromotouus\/toode\/cf-moto-suutelukk\/\" \/>\n<meta property=\"og:site_name\" content=\"W\u00f5ro Moto\" \/>\n<meta property=\"article:modified_time\" content=\"2026-04-15T08:42:12+00:00\" \/>\n<meta property=\"og:image\" content=\"https:\/\/www.relibet.ee\/woromotouus\/wp-content\/uploads\/2025\/07\/suutelukk-cf.jpg\" \/>\n\t<meta property=\"og:image:width\" content=\"2560\" \/>\n\t<meta property=\"og:image:height\" content=\"1707\" \/>\n\t<meta property=\"og:image:type\" content=\"image\/jpeg\" \/>\n<meta name=\"twitter:card\" content=\"summary_large_image\" \/>\n<meta name=\"twitter:label1\" content=\"Est. reading time\" \/>\n\t<meta name=\"twitter:data1\" content=\"1 minut\" \/>\n<script type=\"application\/ld+json\" class=\"yoast-schema-graph\">{\"@context\":\"https:\/\/schema.org\",\"@graph\":[{\"@type\":\"WebPage\",\"@id\":\"https:\/\/www.relibet.ee\/woromotouus\/toode\/cf-moto-suutelukk\/\",\"url\":\"https:\/\/www.relibet.ee\/woromotouus\/toode\/cf-moto-suutelukk\/\",\"name\":\"CF MOTO ATV S\u00dc\u00dcTELUKK CF 500 - W\u00f5ro Moto\",\"isPartOf\":{\"@id\":\"https:\/\/www.relibet.ee\/woromotouus\/#website\"},\"primaryImageOfPage\":{\"@id\":\"https:\/\/www.relibet.ee\/woromotouus\/toode\/cf-moto-suutelukk\/#primaryimage\"},\"image\":{\"@id\":\"https:\/\/www.relibet.ee\/woromotouus\/toode\/cf-moto-suutelukk\/#primaryimage\"},\"thumbnailUrl\":\"https:\/\/www.relibet.ee\/woromotouus\/wp-content\/uploads\/2025\/07\/suutelukk-cf.jpg\",\"datePublished\":\"2025-07-23T07:56:25+00:00\",\"dateModified\":\"2026-04-15T08:42:12+00:00\",\"breadcrumb\":{\"@id\":\"https:\/\/www.relibet.ee\/woromotouus\/toode\/cf-moto-suutelukk\/#breadcrumb\"},\"inLanguage\":\"et\",\"potentialAction\":[{\"@type\":\"ReadAction\",\"target\":[\"https:\/\/www.relibet.ee\/woromotouus\/toode\/cf-moto-suutelukk\/\"]}]},{\"@type\":\"ImageObject\",\"inLanguage\":\"et\",\"@id\":\"https:\/\/www.relibet.ee\/woromotouus\/toode\/cf-moto-suutelukk\/#primaryimage\",\"url\":\"https:\/\/www.relibet.ee\/woromotouus\/wp-content\/uploads\/2025\/07\/suutelukk-cf.jpg\",\"contentUrl\":\"https:\/\/www.relibet.ee\/woromotouus\/wp-content\/uploads\/2025\/07\/suutelukk-cf.jpg\",\"width\":2560,\"height\":1707},{\"@type\":\"BreadcrumbList\",\"@id\":\"https:\/\/www.relibet.ee\/woromotouus\/toode\/cf-moto-suutelukk\/#breadcrumb\",\"itemListElement\":[{\"@type\":\"ListItem\",\"position\":1,\"name\":\"Home\",\"item\":\"https:\/\/www.relibet.ee\/woromotouus\/\"},{\"@type\":\"ListItem\",\"position\":2,\"name\":\"Pood\",\"item\":\"https:\/\/www.relibet.ee\/woromotouus\/\"},{\"@type\":\"ListItem\",\"position\":3,\"name\":\"CF MOTO ATV S\u00dc\u00dcTELUKK CF 500\"}]},{\"@type\":\"WebSite\",\"@id\":\"https:\/\/www.relibet.ee\/woromotouus\/#website\",\"url\":\"https:\/\/www.relibet.ee\/woromotouus\/\",\"name\":\"W\u00f5ro Moto\",\"description\":\"Mototehnika e-pood\",\"publisher\":{\"@id\":\"https:\/\/www.relibet.ee\/woromotouus\/#organization\"},\"potentialAction\":[{\"@type\":\"SearchAction\",\"target\":{\"@type\":\"EntryPoint\",\"urlTemplate\":\"https:\/\/www.relibet.ee\/woromotouus\/?s={search_term_string}\"},\"query-input\":{\"@type\":\"PropertyValueSpecification\",\"valueRequired\":true,\"valueName\":\"search_term_string\"}}],\"inLanguage\":\"et\"},{\"@type\":\"Organization\",\"@id\":\"https:\/\/www.relibet.ee\/woromotouus\/#organization\",\"name\":\"Relibet O\u00dc\",\"url\":\"https:\/\/www.relibet.ee\/woromotouus\/\",\"logo\":{\"@type\":\"ImageObject\",\"inLanguage\":\"et\",\"@id\":\"https:\/\/www.relibet.ee\/woromotouus\/#\/schema\/logo\/image\/\",\"url\":\"https:\/\/www.relibet.ee\/woromotouus\/wp-content\/uploads\/2018\/04\/W\u00f5romoto_logo.png\",\"contentUrl\":\"https:\/\/www.relibet.ee\/woromotouus\/wp-content\/uploads\/2018\/04\/W\u00f5romoto_logo.png\",\"width\":200,\"height\":50,\"caption\":\"Relibet O\u00dc\"},\"image\":{\"@id\":\"https:\/\/www.relibet.ee\/woromotouus\/#\/schema\/logo\/image\/\"}}]}<\/script>\n<!-- \/ Yoast SEO plugin. -->","yoast_head_json":{"title":"CF MOTO ATV S\u00dc\u00dcTELUKK CF 500 - W\u00f5ro Moto","robots":{"index":"index","follow":"follow","max-snippet":"max-snippet:-1","max-image-preview":"max-image-preview:large","max-video-preview":"max-video-preview:-1"},"canonical":"https:\/\/www.relibet.ee\/woromotouus\/toode\/cf-moto-suutelukk\/","og_locale":"et_EE","og_type":"article","og_title":"CF MOTO ATV S\u00dc\u00dcTELUKK CF 500 - W\u00f5ro Moto","og_description":"Originaal tootekood 9010-010000 Sobivus Aasta Mark Mudel 2016 CFMoto CFORCE 500 SWB 2015 CFMoto CFORCE 500 SWB 2014 CFMoto CFORCE 500 SWB 2014 CFMoto CFORCE 600 LWB 2013 CFMoto CFORCE 500 SWB 2013 CFMoto CFORCE 600 LWB 2012 CFMoto X5 (CFORCE 500) LWB 2012 CFMoto X5 (CFORCE 500) SWB 2012 CFMoto X6 (CFORCE 600) LWB [&hellip;]","og_url":"https:\/\/www.relibet.ee\/woromotouus\/toode\/cf-moto-suutelukk\/","og_site_name":"W\u00f5ro Moto","article_modified_time":"2026-04-15T08:42:12+00:00","og_image":[{"width":2560,"height":1707,"url":"https:\/\/www.relibet.ee\/woromotouus\/wp-content\/uploads\/2025\/07\/suutelukk-cf.jpg","type":"image\/jpeg"}],"twitter_card":"summary_large_image","twitter_misc":{"Est. reading time":"1 minut"},"schema":{"@context":"https:\/\/schema.org","@graph":[{"@type":"WebPage","@id":"https:\/\/www.relibet.ee\/woromotouus\/toode\/cf-moto-suutelukk\/","url":"https:\/\/www.relibet.ee\/woromotouus\/toode\/cf-moto-suutelukk\/","name":"CF MOTO ATV S\u00dc\u00dcTELUKK CF 500 - W\u00f5ro Moto","isPartOf":{"@id":"https:\/\/www.relibet.ee\/woromotouus\/#website"},"primaryImageOfPage":{"@id":"https:\/\/www.relibet.ee\/woromotouus\/toode\/cf-moto-suutelukk\/#primaryimage"},"image":{"@id":"https:\/\/www.relibet.ee\/woromotouus\/toode\/cf-moto-suutelukk\/#primaryimage"},"thumbnailUrl":"https:\/\/www.relibet.ee\/woromotouus\/wp-content\/uploads\/2025\/07\/suutelukk-cf.jpg","datePublished":"2025-07-23T07:56:25+00:00","dateModified":"2026-04-15T08:42:12+00:00","breadcrumb":{"@id":"https:\/\/www.relibet.ee\/woromotouus\/toode\/cf-moto-suutelukk\/#breadcrumb"},"inLanguage":"et","potentialAction":[{"@type":"ReadAction","target":["https:\/\/www.relibet.ee\/woromotouus\/toode\/cf-moto-suutelukk\/"]}]},{"@type":"ImageObject","inLanguage":"et","@id":"https:\/\/www.relibet.ee\/woromotouus\/toode\/cf-moto-suutelukk\/#primaryimage","url":"https:\/\/www.relibet.ee\/woromotouus\/wp-content\/uploads\/2025\/07\/suutelukk-cf.jpg","contentUrl":"https:\/\/www.relibet.ee\/woromotouus\/wp-content\/uploads\/2025\/07\/suutelukk-cf.jpg","width":2560,"height":1707},{"@type":"BreadcrumbList","@id":"https:\/\/www.relibet.ee\/woromotouus\/toode\/cf-moto-suutelukk\/#breadcrumb","itemListElement":[{"@type":"ListItem","position":1,"name":"Home","item":"https:\/\/www.relibet.ee\/woromotouus\/"},{"@type":"ListItem","position":2,"name":"Pood","item":"https:\/\/www.relibet.ee\/woromotouus\/"},{"@type":"ListItem","position":3,"name":"CF MOTO ATV S\u00dc\u00dcTELUKK CF 500"}]},{"@type":"WebSite","@id":"https:\/\/www.relibet.ee\/woromotouus\/#website","url":"https:\/\/www.relibet.ee\/woromotouus\/","name":"W\u00f5ro Moto","description":"Mototehnika e-pood","publisher":{"@id":"https:\/\/www.relibet.ee\/woromotouus\/#organization"},"potentialAction":[{"@type":"SearchAction","target":{"@type":"EntryPoint","urlTemplate":"https:\/\/www.relibet.ee\/woromotouus\/?s={search_term_string}"},"query-input":{"@type":"PropertyValueSpecification","valueRequired":true,"valueName":"search_term_string"}}],"inLanguage":"et"},{"@type":"Organization","@id":"https:\/\/www.relibet.ee\/woromotouus\/#organization","name":"Relibet O\u00dc","url":"https:\/\/www.relibet.ee\/woromotouus\/","logo":{"@type":"ImageObject","inLanguage":"et","@id":"https:\/\/www.relibet.ee\/woromotouus\/#\/schema\/logo\/image\/","url":"https:\/\/www.relibet.ee\/woromotouus\/wp-content\/uploads\/2018\/04\/W\u00f5romoto_logo.png","contentUrl":"https:\/\/www.relibet.ee\/woromotouus\/wp-content\/uploads\/2018\/04\/W\u00f5romoto_logo.png","width":200,"height":50,"caption":"Relibet O\u00dc"},"image":{"@id":"https:\/\/www.relibet.ee\/woromotouus\/#\/schema\/logo\/image\/"}}]}},"_links":{"self":[{"href":"https:\/\/www.relibet.ee\/woromotouus\/wp-json\/wp\/v2\/product\/24250","targetHints":{"allow":["GET"]}}],"collection":[{"href":"https:\/\/www.relibet.ee\/woromotouus\/wp-json\/wp\/v2\/product"}],"about":[{"href":"https:\/\/www.relibet.ee\/woromotouus\/wp-json\/wp\/v2\/types\/product"}],"version-history":[{"count":1,"href":"https:\/\/www.relibet.ee\/woromotouus\/wp-json\/wp\/v2\/product\/24250\/revisions"}],"predecessor-version":[{"id":26252,"href":"https:\/\/www.relibet.ee\/woromotouus\/wp-json\/wp\/v2\/product\/24250\/revisions\/26252"}],"wp:featuredmedia":[{"embeddable":true,"href":"https:\/\/www.relibet.ee\/woromotouus\/wp-json\/wp\/v2\/media\/24251"}],"wp:attachment":[{"href":"https:\/\/www.relibet.ee\/woromotouus\/wp-json\/wp\/v2\/media?parent=24250"}],"wp:term":[{"taxonomy":"product_brand","embeddable":true,"href":"https:\/\/www.relibet.ee\/woromotouus\/wp-json\/wp\/v2\/product_brand?post=24250"},{"taxonomy":"product_cat","embeddable":true,"href":"https:\/\/www.relibet.ee\/woromotouus\/wp-json\/wp\/v2\/product_cat?post=24250"},{"taxonomy":"product_tag","embeddable":true,"href":"https:\/\/www.relibet.ee\/woromotouus\/wp-json\/wp\/v2\/product_tag?post=24250"}],"curies":[{"name":"wp","href":"https:\/\/api.w.org\/{rel}","templated":true}]}}