{"id":24687,"date":"2025-09-02T20:02:45","date_gmt":"2025-09-02T17:02:45","guid":{"rendered":"https:\/\/www.relibet.ee\/woromotouus\/?post_type=product&#038;p=24687"},"modified":"2026-01-29T10:06:13","modified_gmt":"2026-01-29T08:06:13","slug":"krossikas-mini-rfz-70cc","status":"publish","type":"product","link":"https:\/\/www.relibet.ee\/woromotouus\/toode\/krossikas-mini-rfz-70cc\/","title":{"rendered":"KROSSIKAS MINI RFZ 70cc SININE"},"content":{"rendered":"<p>Apollo RFN Thunder 70 on lastele m\u00f5eldud 70cc automaatne 4-taktiline minimootorratas<\/p>\n<table class=\"toode_omadus\">\n<tbody>\n<tr>\n<td>Mootor<\/td>\n<td>70\u202fcc, 4-taktiline, \u00f5hkjahutusega<\/td>\n<\/tr>\n<tr>\n<td>V\u00f5imsus<\/td>\n<td>~3,0 kW (~4,2 hj) @ 8000 rpm<\/td>\n<\/tr>\n<tr>\n<td>P\u00f6\u00f6rdemoment<\/td>\n<td>4,5 Nm @ 5000 rpm<\/td>\n<\/tr>\n<tr>\n<td>K\u00e4ivitus<\/td>\n<td>Elektriline starter<\/td>\n<\/tr>\n<tr>\n<td>K\u00e4igukast<\/td>\n<td>Automaatne (ilma sidurita)<\/td>\n<\/tr>\n<tr>\n<td>Mootori\u00f5li maht<\/td>\n<td>~0,8 L<\/td>\n<\/tr>\n<tr>\n<td>K\u00fctusepaak<\/td>\n<td>2,5 L<\/td>\n<\/tr>\n<tr>\n<td>Istumisk\u00f5rgus<\/td>\n<td>600\u2013630 mm (reguleeritav)<\/td>\n<\/tr>\n<tr>\n<td>Kaal<\/td>\n<td>\u00a0~60 kg t\u00e4ismass<\/td>\n<\/tr>\n<tr>\n<td>Maksimaalne kiirus<\/td>\n<td>Kuni 45 km\/h (kiiruspiirajaga piiratav)<\/td>\n<\/tr>\n<tr>\n<td>Raam<\/td>\n<td>Tugevdatud terasraam<\/td>\n<\/tr>\n<tr>\n<td>Rehvid<\/td>\n<td>Ees 60\/100-12, taga 80\/100-10<\/td>\n<\/tr>\n<tr>\n<td>Pidurid<\/td>\n<td>H\u00fcdraulilised ketaspidurid ees ja taga<\/td>\n<\/tr>\n<\/tbody>\n<\/table>\n","protected":false},"excerpt":{"rendered":"<p>Apollo RFN Thunder 70 on lastele m\u00f5eldud 70cc automaatne 4-taktiline minimootorratas Mootor 70\u202fcc, 4-taktiline, \u00f5hkjahutusega V\u00f5imsus ~3,0 kW (~4,2 hj) @ 8000 rpm P\u00f6\u00f6rdemoment 4,5 Nm @ 5000 rpm K\u00e4ivitus Elektriline starter K\u00e4igukast Automaatne (ilma sidurita) Mootori\u00f5li maht ~0,8 L K\u00fctusepaak 2,5 L Istumisk\u00f5rgus 600\u2013630 mm (reguleeritav) Kaal \u00a0~60 kg t\u00e4ismass Maksimaalne kiirus Kuni 45 [&hellip;]<\/p>\n","protected":false},"featured_media":24688,"template":"","meta":{"site-sidebar-layout":"default","site-content-layout":"","ast-site-content-layout":"default","site-content-style":"default","site-sidebar-style":"default","ast-global-header-display":"","ast-banner-title-visibility":"","ast-main-header-display":"","ast-hfb-above-header-display":"","ast-hfb-below-header-display":"","ast-hfb-mobile-header-display":"","site-post-title":"","ast-breadcrumbs-content":"","ast-featured-img":"","footer-sml-layout":"","ast-disable-related-posts":"","theme-transparent-header-meta":"default","adv-header-id-meta":"","stick-header-meta":"","header-above-stick-meta":"","header-main-stick-meta":"","header-below-stick-meta":"","astra-migrate-meta-layouts":"set","ast-page-background-enabled":"default","ast-page-background-meta":{"desktop":{"background-color":"","background-image":"","background-repeat":"repeat","background-position":"center center","background-size":"auto","background-attachment":"scroll","background-type":"","background-media":"","overlay-type":"","overlay-color":"","overlay-opacity":"","overlay-gradient":""},"tablet":{"background-color":"","background-image":"","background-repeat":"repeat","background-position":"center center","background-size":"auto","background-attachment":"scroll","background-type":"","background-media":"","overlay-type":"","overlay-color":"","overlay-opacity":"","overlay-gradient":""},"mobile":{"background-color":"","background-image":"","background-repeat":"repeat","background-position":"center center","background-size":"auto","background-attachment":"scroll","background-type":"","background-media":"","overlay-type":"","overlay-color":"","overlay-opacity":"","overlay-gradient":""}},"ast-content-background-meta":{"desktop":{"background-color":"var(--ast-global-color-5)","background-image":"","background-repeat":"repeat","background-position":"center center","background-size":"auto","background-attachment":"scroll","background-type":"","background-media":"","overlay-type":"","overlay-color":"","overlay-opacity":"","overlay-gradient":""},"tablet":{"background-color":"var(--ast-global-color-5)","background-image":"","background-repeat":"repeat","background-position":"center center","background-size":"auto","background-attachment":"scroll","background-type":"","background-media":"","overlay-type":"","overlay-color":"","overlay-opacity":"","overlay-gradient":""},"mobile":{"background-color":"var(--ast-global-color-5)","background-image":"","background-repeat":"repeat","background-position":"center center","background-size":"auto","background-attachment":"scroll","background-type":"","background-media":"","overlay-type":"","overlay-color":"","overlay-opacity":"","overlay-gradient":""}}},"product_brand":[],"product_cat":[19],"product_tag":[],"class_list":{"0":"post-24687","1":"product","2":"type-product","3":"status-publish","4":"has-post-thumbnail","6":"product_cat-krossikad","7":"desktop-align-center","8":"tablet-align-left","9":"mobile-align-center","11":"first","12":"instock","13":"sale","14":"taxable","15":"shipping-taxable","16":"purchasable","17":"product-type-simple"},"yoast_head":"<!-- This site is optimized with the Yoast SEO plugin v26.9 - https:\/\/yoast.com\/product\/yoast-seo-wordpress\/ -->\n<title>KROSSIKAS MINI RFZ 70cc SININE - W\u00f5ro Moto<\/title>\n<meta name=\"robots\" content=\"index, follow, max-snippet:-1, max-image-preview:large, max-video-preview:-1\" \/>\n<link rel=\"canonical\" href=\"https:\/\/www.relibet.ee\/woromotouus\/toode\/krossikas-mini-rfz-70cc\/\" \/>\n<meta property=\"og:locale\" content=\"et_EE\" \/>\n<meta property=\"og:type\" content=\"article\" \/>\n<meta property=\"og:title\" content=\"KROSSIKAS MINI RFZ 70cc SININE - W\u00f5ro Moto\" \/>\n<meta property=\"og:description\" content=\"Apollo RFN Thunder 70 on lastele m\u00f5eldud 70cc automaatne 4-taktiline minimootorratas Mootor 70\u202fcc, 4-taktiline, \u00f5hkjahutusega V\u00f5imsus ~3,0 kW (~4,2 hj) @ 8000 rpm P\u00f6\u00f6rdemoment 4,5 Nm @ 5000 rpm K\u00e4ivitus Elektriline starter K\u00e4igukast Automaatne (ilma sidurita) Mootori\u00f5li maht ~0,8 L K\u00fctusepaak 2,5 L Istumisk\u00f5rgus 600\u2013630 mm (reguleeritav) Kaal \u00a0~60 kg t\u00e4ismass Maksimaalne kiirus Kuni 45 [&hellip;]\" \/>\n<meta property=\"og:url\" content=\"https:\/\/www.relibet.ee\/woromotouus\/toode\/krossikas-mini-rfz-70cc\/\" \/>\n<meta property=\"og:site_name\" content=\"W\u00f5ro Moto\" \/>\n<meta property=\"article:modified_time\" content=\"2026-01-29T08:06:13+00:00\" \/>\n<meta property=\"og:image\" content=\"https:\/\/www.relibet.ee\/woromotouus\/wp-content\/uploads\/2025\/09\/70ccc.jpg\" \/>\n\t<meta property=\"og:image:width\" content=\"751\" \/>\n\t<meta property=\"og:image:height\" content=\"700\" \/>\n\t<meta property=\"og:image:type\" content=\"image\/jpeg\" \/>\n<meta name=\"twitter:card\" content=\"summary_large_image\" \/>\n<meta name=\"twitter:label1\" content=\"Est. reading time\" \/>\n\t<meta name=\"twitter:data1\" content=\"1 minut\" \/>\n<script type=\"application\/ld+json\" class=\"yoast-schema-graph\">{\"@context\":\"https:\/\/schema.org\",\"@graph\":[{\"@type\":\"WebPage\",\"@id\":\"https:\/\/www.relibet.ee\/woromotouus\/toode\/krossikas-mini-rfz-70cc\/\",\"url\":\"https:\/\/www.relibet.ee\/woromotouus\/toode\/krossikas-mini-rfz-70cc\/\",\"name\":\"KROSSIKAS MINI RFZ 70cc SININE - W\u00f5ro Moto\",\"isPartOf\":{\"@id\":\"https:\/\/www.relibet.ee\/woromotouus\/#website\"},\"primaryImageOfPage\":{\"@id\":\"https:\/\/www.relibet.ee\/woromotouus\/toode\/krossikas-mini-rfz-70cc\/#primaryimage\"},\"image\":{\"@id\":\"https:\/\/www.relibet.ee\/woromotouus\/toode\/krossikas-mini-rfz-70cc\/#primaryimage\"},\"thumbnailUrl\":\"https:\/\/www.relibet.ee\/woromotouus\/wp-content\/uploads\/2025\/09\/70ccc.jpg\",\"datePublished\":\"2025-09-02T17:02:45+00:00\",\"dateModified\":\"2026-01-29T08:06:13+00:00\",\"breadcrumb\":{\"@id\":\"https:\/\/www.relibet.ee\/woromotouus\/toode\/krossikas-mini-rfz-70cc\/#breadcrumb\"},\"inLanguage\":\"et\",\"potentialAction\":[{\"@type\":\"ReadAction\",\"target\":[\"https:\/\/www.relibet.ee\/woromotouus\/toode\/krossikas-mini-rfz-70cc\/\"]}]},{\"@type\":\"ImageObject\",\"inLanguage\":\"et\",\"@id\":\"https:\/\/www.relibet.ee\/woromotouus\/toode\/krossikas-mini-rfz-70cc\/#primaryimage\",\"url\":\"https:\/\/www.relibet.ee\/woromotouus\/wp-content\/uploads\/2025\/09\/70ccc.jpg\",\"contentUrl\":\"https:\/\/www.relibet.ee\/woromotouus\/wp-content\/uploads\/2025\/09\/70ccc.jpg\",\"width\":751,\"height\":700},{\"@type\":\"BreadcrumbList\",\"@id\":\"https:\/\/www.relibet.ee\/woromotouus\/toode\/krossikas-mini-rfz-70cc\/#breadcrumb\",\"itemListElement\":[{\"@type\":\"ListItem\",\"position\":1,\"name\":\"Home\",\"item\":\"https:\/\/www.relibet.ee\/woromotouus\/\"},{\"@type\":\"ListItem\",\"position\":2,\"name\":\"Pood\",\"item\":\"https:\/\/www.relibet.ee\/woromotouus\/\"},{\"@type\":\"ListItem\",\"position\":3,\"name\":\"KROSSIKAS MINI RFZ 70cc SININE\"}]},{\"@type\":\"WebSite\",\"@id\":\"https:\/\/www.relibet.ee\/woromotouus\/#website\",\"url\":\"https:\/\/www.relibet.ee\/woromotouus\/\",\"name\":\"W\u00f5ro Moto\",\"description\":\"Mototehnika e-pood\",\"publisher\":{\"@id\":\"https:\/\/www.relibet.ee\/woromotouus\/#organization\"},\"potentialAction\":[{\"@type\":\"SearchAction\",\"target\":{\"@type\":\"EntryPoint\",\"urlTemplate\":\"https:\/\/www.relibet.ee\/woromotouus\/?s={search_term_string}\"},\"query-input\":{\"@type\":\"PropertyValueSpecification\",\"valueRequired\":true,\"valueName\":\"search_term_string\"}}],\"inLanguage\":\"et\"},{\"@type\":\"Organization\",\"@id\":\"https:\/\/www.relibet.ee\/woromotouus\/#organization\",\"name\":\"Relibet O\u00dc\",\"url\":\"https:\/\/www.relibet.ee\/woromotouus\/\",\"logo\":{\"@type\":\"ImageObject\",\"inLanguage\":\"et\",\"@id\":\"https:\/\/www.relibet.ee\/woromotouus\/#\/schema\/logo\/image\/\",\"url\":\"https:\/\/www.relibet.ee\/woromotouus\/wp-content\/uploads\/2018\/04\/W\u00f5romoto_logo.png\",\"contentUrl\":\"https:\/\/www.relibet.ee\/woromotouus\/wp-content\/uploads\/2018\/04\/W\u00f5romoto_logo.png\",\"width\":200,\"height\":50,\"caption\":\"Relibet O\u00dc\"},\"image\":{\"@id\":\"https:\/\/www.relibet.ee\/woromotouus\/#\/schema\/logo\/image\/\"}}]}<\/script>\n<!-- \/ Yoast SEO plugin. -->","yoast_head_json":{"title":"KROSSIKAS MINI RFZ 70cc SININE - W\u00f5ro Moto","robots":{"index":"index","follow":"follow","max-snippet":"max-snippet:-1","max-image-preview":"max-image-preview:large","max-video-preview":"max-video-preview:-1"},"canonical":"https:\/\/www.relibet.ee\/woromotouus\/toode\/krossikas-mini-rfz-70cc\/","og_locale":"et_EE","og_type":"article","og_title":"KROSSIKAS MINI RFZ 70cc SININE - W\u00f5ro Moto","og_description":"Apollo RFN Thunder 70 on lastele m\u00f5eldud 70cc automaatne 4-taktiline minimootorratas Mootor 70\u202fcc, 4-taktiline, \u00f5hkjahutusega V\u00f5imsus ~3,0 kW (~4,2 hj) @ 8000 rpm P\u00f6\u00f6rdemoment 4,5 Nm @ 5000 rpm K\u00e4ivitus Elektriline starter K\u00e4igukast Automaatne (ilma sidurita) Mootori\u00f5li maht ~0,8 L K\u00fctusepaak 2,5 L Istumisk\u00f5rgus 600\u2013630 mm (reguleeritav) Kaal \u00a0~60 kg t\u00e4ismass Maksimaalne kiirus Kuni 45 [&hellip;]","og_url":"https:\/\/www.relibet.ee\/woromotouus\/toode\/krossikas-mini-rfz-70cc\/","og_site_name":"W\u00f5ro Moto","article_modified_time":"2026-01-29T08:06:13+00:00","og_image":[{"width":751,"height":700,"url":"https:\/\/www.relibet.ee\/woromotouus\/wp-content\/uploads\/2025\/09\/70ccc.jpg","type":"image\/jpeg"}],"twitter_card":"summary_large_image","twitter_misc":{"Est. reading time":"1 minut"},"schema":{"@context":"https:\/\/schema.org","@graph":[{"@type":"WebPage","@id":"https:\/\/www.relibet.ee\/woromotouus\/toode\/krossikas-mini-rfz-70cc\/","url":"https:\/\/www.relibet.ee\/woromotouus\/toode\/krossikas-mini-rfz-70cc\/","name":"KROSSIKAS MINI RFZ 70cc SININE - W\u00f5ro Moto","isPartOf":{"@id":"https:\/\/www.relibet.ee\/woromotouus\/#website"},"primaryImageOfPage":{"@id":"https:\/\/www.relibet.ee\/woromotouus\/toode\/krossikas-mini-rfz-70cc\/#primaryimage"},"image":{"@id":"https:\/\/www.relibet.ee\/woromotouus\/toode\/krossikas-mini-rfz-70cc\/#primaryimage"},"thumbnailUrl":"https:\/\/www.relibet.ee\/woromotouus\/wp-content\/uploads\/2025\/09\/70ccc.jpg","datePublished":"2025-09-02T17:02:45+00:00","dateModified":"2026-01-29T08:06:13+00:00","breadcrumb":{"@id":"https:\/\/www.relibet.ee\/woromotouus\/toode\/krossikas-mini-rfz-70cc\/#breadcrumb"},"inLanguage":"et","potentialAction":[{"@type":"ReadAction","target":["https:\/\/www.relibet.ee\/woromotouus\/toode\/krossikas-mini-rfz-70cc\/"]}]},{"@type":"ImageObject","inLanguage":"et","@id":"https:\/\/www.relibet.ee\/woromotouus\/toode\/krossikas-mini-rfz-70cc\/#primaryimage","url":"https:\/\/www.relibet.ee\/woromotouus\/wp-content\/uploads\/2025\/09\/70ccc.jpg","contentUrl":"https:\/\/www.relibet.ee\/woromotouus\/wp-content\/uploads\/2025\/09\/70ccc.jpg","width":751,"height":700},{"@type":"BreadcrumbList","@id":"https:\/\/www.relibet.ee\/woromotouus\/toode\/krossikas-mini-rfz-70cc\/#breadcrumb","itemListElement":[{"@type":"ListItem","position":1,"name":"Home","item":"https:\/\/www.relibet.ee\/woromotouus\/"},{"@type":"ListItem","position":2,"name":"Pood","item":"https:\/\/www.relibet.ee\/woromotouus\/"},{"@type":"ListItem","position":3,"name":"KROSSIKAS MINI RFZ 70cc SININE"}]},{"@type":"WebSite","@id":"https:\/\/www.relibet.ee\/woromotouus\/#website","url":"https:\/\/www.relibet.ee\/woromotouus\/","name":"W\u00f5ro Moto","description":"Mototehnika e-pood","publisher":{"@id":"https:\/\/www.relibet.ee\/woromotouus\/#organization"},"potentialAction":[{"@type":"SearchAction","target":{"@type":"EntryPoint","urlTemplate":"https:\/\/www.relibet.ee\/woromotouus\/?s={search_term_string}"},"query-input":{"@type":"PropertyValueSpecification","valueRequired":true,"valueName":"search_term_string"}}],"inLanguage":"et"},{"@type":"Organization","@id":"https:\/\/www.relibet.ee\/woromotouus\/#organization","name":"Relibet O\u00dc","url":"https:\/\/www.relibet.ee\/woromotouus\/","logo":{"@type":"ImageObject","inLanguage":"et","@id":"https:\/\/www.relibet.ee\/woromotouus\/#\/schema\/logo\/image\/","url":"https:\/\/www.relibet.ee\/woromotouus\/wp-content\/uploads\/2018\/04\/W\u00f5romoto_logo.png","contentUrl":"https:\/\/www.relibet.ee\/woromotouus\/wp-content\/uploads\/2018\/04\/W\u00f5romoto_logo.png","width":200,"height":50,"caption":"Relibet O\u00dc"},"image":{"@id":"https:\/\/www.relibet.ee\/woromotouus\/#\/schema\/logo\/image\/"}}]}},"_links":{"self":[{"href":"https:\/\/www.relibet.ee\/woromotouus\/wp-json\/wp\/v2\/product\/24687","targetHints":{"allow":["GET"]}}],"collection":[{"href":"https:\/\/www.relibet.ee\/woromotouus\/wp-json\/wp\/v2\/product"}],"about":[{"href":"https:\/\/www.relibet.ee\/woromotouus\/wp-json\/wp\/v2\/types\/product"}],"version-history":[{"count":0,"href":"https:\/\/www.relibet.ee\/woromotouus\/wp-json\/wp\/v2\/product\/24687\/revisions"}],"wp:featuredmedia":[{"embeddable":true,"href":"https:\/\/www.relibet.ee\/woromotouus\/wp-json\/wp\/v2\/media\/24688"}],"wp:attachment":[{"href":"https:\/\/www.relibet.ee\/woromotouus\/wp-json\/wp\/v2\/media?parent=24687"}],"wp:term":[{"taxonomy":"product_brand","embeddable":true,"href":"https:\/\/www.relibet.ee\/woromotouus\/wp-json\/wp\/v2\/product_brand?post=24687"},{"taxonomy":"product_cat","embeddable":true,"href":"https:\/\/www.relibet.ee\/woromotouus\/wp-json\/wp\/v2\/product_cat?post=24687"},{"taxonomy":"product_tag","embeddable":true,"href":"https:\/\/www.relibet.ee\/woromotouus\/wp-json\/wp\/v2\/product_tag?post=24687"}],"curies":[{"name":"wp","href":"https:\/\/api.w.org\/{rel}","templated":true}]}}