{"id":25240,"date":"2025-11-12T13:45:27","date_gmt":"2025-11-12T11:45:27","guid":{"rendered":"https:\/\/www.relibet.ee\/woromotouus\/?post_type=product&#038;p=25240"},"modified":"2026-03-28T14:42:42","modified_gmt":"2026-03-28T12:42:42","slug":"elektriline-krossimootorratas-thunder-5000w-72v-14-17","status":"publish","type":"product","link":"https:\/\/www.relibet.ee\/woromotouus\/toode\/elektriline-krossimootorratas-thunder-5000w-72v-14-17\/","title":{"rendered":"Elektriline krossimootorratas  5000w 72v 14\/17"},"content":{"rendered":"<p>Suure v\u00f5imsusega elektriline j\u00f5uallikas \u2013 5 kW klassi elektrimootor annab piisavalt d\u00fcnaamikat maastikus\u00f5iduks.<\/p>\n<p>Keskkonnas\u00f5bralik ja vaikne \u2013 puuduvad heitgaasid ning elektrimootor tagab suhteliselt madala m\u00fcrataseme v\u00f5rreldes bensiinimootoriga ratastega.<\/p>\n<p>Sobiv t\u00e4iskasvanutele \u2013 suure j\u00f5u, suurte rataste valik ja sobiv k\u00f5rgus teevad selle mudeli sobivaks kogenumale s\u00f5itjale.<\/p>\n<p>Hooldus-mugavus \u2013 elektriline j\u00f5u\u00fclekanne + kvaliteetsed komponendid aitavad v\u00e4hendada regulaarset hooldust (v\u00f5rreldes n\u00e4iteks 4-taktiliste bensiiniratastega)<\/p>\n<table class=\"toode_omadus\">\n<tbody>\n<tr>\n<td>Mootor<\/td>\n<td>72 V QS harjadeta (brushless) elektrimootor<\/td>\n<\/tr>\n<tr>\n<td>V\u00f5imsus<\/td>\n<td>5KW<\/td>\n<\/tr>\n<tr>\n<td>Aku<\/td>\n<td>72 V \/ 30 Ah liitiumaku.<\/td>\n<\/tr>\n<tr>\n<td>Rattavalikud<\/td>\n<td>17\u2033 esimesel ja 14\u2033 tagarattal.<\/td>\n<\/tr>\n<tr>\n<td>Istme k\u00f5rgus<\/td>\n<td>810 mm.<\/td>\n<\/tr>\n<tr>\n<td>Maksimaalkiirus<\/td>\n<td>80 km\/h<\/td>\n<\/tr>\n<\/tbody>\n<\/table>\n","protected":false},"excerpt":{"rendered":"<p>Suure v\u00f5imsusega elektriline j\u00f5uallikas \u2013 5 kW klassi elektrimootor annab piisavalt d\u00fcnaamikat maastikus\u00f5iduks. Keskkonnas\u00f5bralik ja vaikne \u2013 puuduvad heitgaasid ning elektrimootor tagab suhteliselt madala m\u00fcrataseme v\u00f5rreldes bensiinimootoriga ratastega. Sobiv t\u00e4iskasvanutele \u2013 suure j\u00f5u, suurte rataste valik ja sobiv k\u00f5rgus teevad selle mudeli sobivaks kogenumale s\u00f5itjale. Hooldus-mugavus \u2013 elektriline j\u00f5u\u00fclekanne + kvaliteetsed komponendid aitavad v\u00e4hendada regulaarset [&hellip;]<\/p>\n","protected":false},"featured_media":25238,"template":"","meta":{"site-sidebar-layout":"default","site-content-layout":"","ast-site-content-layout":"default","site-content-style":"default","site-sidebar-style":"default","ast-global-header-display":"","ast-banner-title-visibility":"","ast-main-header-display":"","ast-hfb-above-header-display":"","ast-hfb-below-header-display":"","ast-hfb-mobile-header-display":"","site-post-title":"","ast-breadcrumbs-content":"","ast-featured-img":"","footer-sml-layout":"","ast-disable-related-posts":"","theme-transparent-header-meta":"default","adv-header-id-meta":"","stick-header-meta":"","header-above-stick-meta":"","header-main-stick-meta":"","header-below-stick-meta":"","astra-migrate-meta-layouts":"set","ast-page-background-enabled":"default","ast-page-background-meta":{"desktop":{"background-color":"","background-image":"","background-repeat":"repeat","background-position":"center center","background-size":"auto","background-attachment":"scroll","background-type":"","background-media":"","overlay-type":"","overlay-color":"","overlay-opacity":"","overlay-gradient":""},"tablet":{"background-color":"","background-image":"","background-repeat":"repeat","background-position":"center center","background-size":"auto","background-attachment":"scroll","background-type":"","background-media":"","overlay-type":"","overlay-color":"","overlay-opacity":"","overlay-gradient":""},"mobile":{"background-color":"","background-image":"","background-repeat":"repeat","background-position":"center center","background-size":"auto","background-attachment":"scroll","background-type":"","background-media":"","overlay-type":"","overlay-color":"","overlay-opacity":"","overlay-gradient":""}},"ast-content-background-meta":{"desktop":{"background-color":"var(--ast-global-color-5)","background-image":"","background-repeat":"repeat","background-position":"center center","background-size":"auto","background-attachment":"scroll","background-type":"","background-media":"","overlay-type":"","overlay-color":"","overlay-opacity":"","overlay-gradient":""},"tablet":{"background-color":"var(--ast-global-color-5)","background-image":"","background-repeat":"repeat","background-position":"center center","background-size":"auto","background-attachment":"scroll","background-type":"","background-media":"","overlay-type":"","overlay-color":"","overlay-opacity":"","overlay-gradient":""},"mobile":{"background-color":"var(--ast-global-color-5)","background-image":"","background-repeat":"repeat","background-position":"center center","background-size":"auto","background-attachment":"scroll","background-type":"","background-media":"","overlay-type":"","overlay-color":"","overlay-opacity":"","overlay-gradient":""}}},"product_brand":[],"product_cat":[19],"product_tag":[],"class_list":{"0":"post-25240","1":"product","2":"type-product","3":"status-publish","4":"has-post-thumbnail","6":"product_cat-krossikad","7":"desktop-align-center","8":"tablet-align-left","9":"mobile-align-center","11":"first","12":"outofstock","13":"taxable","14":"shipping-taxable","15":"purchasable","16":"product-type-simple"},"yoast_head":"<!-- This site is optimized with the Yoast SEO plugin v26.9 - https:\/\/yoast.com\/product\/yoast-seo-wordpress\/ -->\n<title>Elektriline krossimootorratas 5000w 72v 14\/17 - W\u00f5ro Moto<\/title>\n<meta name=\"robots\" content=\"index, follow, max-snippet:-1, max-image-preview:large, max-video-preview:-1\" \/>\n<link rel=\"canonical\" href=\"https:\/\/www.relibet.ee\/woromotouus\/toode\/elektriline-krossimootorratas-thunder-5000w-72v-14-17\/\" \/>\n<meta property=\"og:locale\" content=\"et_EE\" \/>\n<meta property=\"og:type\" content=\"article\" \/>\n<meta property=\"og:title\" content=\"Elektriline krossimootorratas 5000w 72v 14\/17 - W\u00f5ro Moto\" \/>\n<meta property=\"og:description\" content=\"Suure v\u00f5imsusega elektriline j\u00f5uallikas \u2013 5 kW klassi elektrimootor annab piisavalt d\u00fcnaamikat maastikus\u00f5iduks. Keskkonnas\u00f5bralik ja vaikne \u2013 puuduvad heitgaasid ning elektrimootor tagab suhteliselt madala m\u00fcrataseme v\u00f5rreldes bensiinimootoriga ratastega. Sobiv t\u00e4iskasvanutele \u2013 suure j\u00f5u, suurte rataste valik ja sobiv k\u00f5rgus teevad selle mudeli sobivaks kogenumale s\u00f5itjale. Hooldus-mugavus \u2013 elektriline j\u00f5u\u00fclekanne + kvaliteetsed komponendid aitavad v\u00e4hendada regulaarset [&hellip;]\" \/>\n<meta property=\"og:url\" content=\"https:\/\/www.relibet.ee\/woromotouus\/toode\/elektriline-krossimootorratas-thunder-5000w-72v-14-17\/\" \/>\n<meta property=\"og:site_name\" content=\"W\u00f5ro Moto\" \/>\n<meta property=\"article:modified_time\" content=\"2026-03-28T12:42:42+00:00\" \/>\n<meta property=\"og:image\" content=\"https:\/\/www.relibet.ee\/woromotouus\/wp-content\/uploads\/2025\/11\/elektri-5000w.jpg\" \/>\n\t<meta property=\"og:image:width\" content=\"1053\" \/>\n\t<meta property=\"og:image:height\" content=\"833\" \/>\n\t<meta property=\"og:image:type\" content=\"image\/jpeg\" \/>\n<meta name=\"twitter:card\" content=\"summary_large_image\" \/>\n<meta name=\"twitter:label1\" content=\"Est. reading time\" \/>\n\t<meta name=\"twitter:data1\" content=\"1 minut\" \/>\n<script type=\"application\/ld+json\" class=\"yoast-schema-graph\">{\"@context\":\"https:\/\/schema.org\",\"@graph\":[{\"@type\":\"WebPage\",\"@id\":\"https:\/\/www.relibet.ee\/woromotouus\/toode\/elektriline-krossimootorratas-thunder-5000w-72v-14-17\/\",\"url\":\"https:\/\/www.relibet.ee\/woromotouus\/toode\/elektriline-krossimootorratas-thunder-5000w-72v-14-17\/\",\"name\":\"Elektriline krossimootorratas 5000w 72v 14\/17 - W\u00f5ro Moto\",\"isPartOf\":{\"@id\":\"https:\/\/www.relibet.ee\/woromotouus\/#website\"},\"primaryImageOfPage\":{\"@id\":\"https:\/\/www.relibet.ee\/woromotouus\/toode\/elektriline-krossimootorratas-thunder-5000w-72v-14-17\/#primaryimage\"},\"image\":{\"@id\":\"https:\/\/www.relibet.ee\/woromotouus\/toode\/elektriline-krossimootorratas-thunder-5000w-72v-14-17\/#primaryimage\"},\"thumbnailUrl\":\"https:\/\/www.relibet.ee\/woromotouus\/wp-content\/uploads\/2025\/11\/elektri-5000w.jpg\",\"datePublished\":\"2025-11-12T11:45:27+00:00\",\"dateModified\":\"2026-03-28T12:42:42+00:00\",\"breadcrumb\":{\"@id\":\"https:\/\/www.relibet.ee\/woromotouus\/toode\/elektriline-krossimootorratas-thunder-5000w-72v-14-17\/#breadcrumb\"},\"inLanguage\":\"et\",\"potentialAction\":[{\"@type\":\"ReadAction\",\"target\":[\"https:\/\/www.relibet.ee\/woromotouus\/toode\/elektriline-krossimootorratas-thunder-5000w-72v-14-17\/\"]}]},{\"@type\":\"ImageObject\",\"inLanguage\":\"et\",\"@id\":\"https:\/\/www.relibet.ee\/woromotouus\/toode\/elektriline-krossimootorratas-thunder-5000w-72v-14-17\/#primaryimage\",\"url\":\"https:\/\/www.relibet.ee\/woromotouus\/wp-content\/uploads\/2025\/11\/elektri-5000w.jpg\",\"contentUrl\":\"https:\/\/www.relibet.ee\/woromotouus\/wp-content\/uploads\/2025\/11\/elektri-5000w.jpg\",\"width\":1053,\"height\":833},{\"@type\":\"BreadcrumbList\",\"@id\":\"https:\/\/www.relibet.ee\/woromotouus\/toode\/elektriline-krossimootorratas-thunder-5000w-72v-14-17\/#breadcrumb\",\"itemListElement\":[{\"@type\":\"ListItem\",\"position\":1,\"name\":\"Home\",\"item\":\"https:\/\/www.relibet.ee\/woromotouus\/\"},{\"@type\":\"ListItem\",\"position\":2,\"name\":\"Pood\",\"item\":\"https:\/\/www.relibet.ee\/woromotouus\/\"},{\"@type\":\"ListItem\",\"position\":3,\"name\":\"Elektriline krossimootorratas 5000w 72v 14\/17\"}]},{\"@type\":\"WebSite\",\"@id\":\"https:\/\/www.relibet.ee\/woromotouus\/#website\",\"url\":\"https:\/\/www.relibet.ee\/woromotouus\/\",\"name\":\"W\u00f5ro Moto\",\"description\":\"Mototehnika e-pood\",\"publisher\":{\"@id\":\"https:\/\/www.relibet.ee\/woromotouus\/#organization\"},\"potentialAction\":[{\"@type\":\"SearchAction\",\"target\":{\"@type\":\"EntryPoint\",\"urlTemplate\":\"https:\/\/www.relibet.ee\/woromotouus\/?s={search_term_string}\"},\"query-input\":{\"@type\":\"PropertyValueSpecification\",\"valueRequired\":true,\"valueName\":\"search_term_string\"}}],\"inLanguage\":\"et\"},{\"@type\":\"Organization\",\"@id\":\"https:\/\/www.relibet.ee\/woromotouus\/#organization\",\"name\":\"Relibet O\u00dc\",\"url\":\"https:\/\/www.relibet.ee\/woromotouus\/\",\"logo\":{\"@type\":\"ImageObject\",\"inLanguage\":\"et\",\"@id\":\"https:\/\/www.relibet.ee\/woromotouus\/#\/schema\/logo\/image\/\",\"url\":\"https:\/\/www.relibet.ee\/woromotouus\/wp-content\/uploads\/2018\/04\/W\u00f5romoto_logo.png\",\"contentUrl\":\"https:\/\/www.relibet.ee\/woromotouus\/wp-content\/uploads\/2018\/04\/W\u00f5romoto_logo.png\",\"width\":200,\"height\":50,\"caption\":\"Relibet O\u00dc\"},\"image\":{\"@id\":\"https:\/\/www.relibet.ee\/woromotouus\/#\/schema\/logo\/image\/\"}}]}<\/script>\n<!-- \/ Yoast SEO plugin. -->","yoast_head_json":{"title":"Elektriline krossimootorratas 5000w 72v 14\/17 - W\u00f5ro Moto","robots":{"index":"index","follow":"follow","max-snippet":"max-snippet:-1","max-image-preview":"max-image-preview:large","max-video-preview":"max-video-preview:-1"},"canonical":"https:\/\/www.relibet.ee\/woromotouus\/toode\/elektriline-krossimootorratas-thunder-5000w-72v-14-17\/","og_locale":"et_EE","og_type":"article","og_title":"Elektriline krossimootorratas 5000w 72v 14\/17 - W\u00f5ro Moto","og_description":"Suure v\u00f5imsusega elektriline j\u00f5uallikas \u2013 5 kW klassi elektrimootor annab piisavalt d\u00fcnaamikat maastikus\u00f5iduks. Keskkonnas\u00f5bralik ja vaikne \u2013 puuduvad heitgaasid ning elektrimootor tagab suhteliselt madala m\u00fcrataseme v\u00f5rreldes bensiinimootoriga ratastega. Sobiv t\u00e4iskasvanutele \u2013 suure j\u00f5u, suurte rataste valik ja sobiv k\u00f5rgus teevad selle mudeli sobivaks kogenumale s\u00f5itjale. Hooldus-mugavus \u2013 elektriline j\u00f5u\u00fclekanne + kvaliteetsed komponendid aitavad v\u00e4hendada regulaarset [&hellip;]","og_url":"https:\/\/www.relibet.ee\/woromotouus\/toode\/elektriline-krossimootorratas-thunder-5000w-72v-14-17\/","og_site_name":"W\u00f5ro Moto","article_modified_time":"2026-03-28T12:42:42+00:00","og_image":[{"width":1053,"height":833,"url":"https:\/\/www.relibet.ee\/woromotouus\/wp-content\/uploads\/2025\/11\/elektri-5000w.jpg","type":"image\/jpeg"}],"twitter_card":"summary_large_image","twitter_misc":{"Est. reading time":"1 minut"},"schema":{"@context":"https:\/\/schema.org","@graph":[{"@type":"WebPage","@id":"https:\/\/www.relibet.ee\/woromotouus\/toode\/elektriline-krossimootorratas-thunder-5000w-72v-14-17\/","url":"https:\/\/www.relibet.ee\/woromotouus\/toode\/elektriline-krossimootorratas-thunder-5000w-72v-14-17\/","name":"Elektriline krossimootorratas 5000w 72v 14\/17 - W\u00f5ro Moto","isPartOf":{"@id":"https:\/\/www.relibet.ee\/woromotouus\/#website"},"primaryImageOfPage":{"@id":"https:\/\/www.relibet.ee\/woromotouus\/toode\/elektriline-krossimootorratas-thunder-5000w-72v-14-17\/#primaryimage"},"image":{"@id":"https:\/\/www.relibet.ee\/woromotouus\/toode\/elektriline-krossimootorratas-thunder-5000w-72v-14-17\/#primaryimage"},"thumbnailUrl":"https:\/\/www.relibet.ee\/woromotouus\/wp-content\/uploads\/2025\/11\/elektri-5000w.jpg","datePublished":"2025-11-12T11:45:27+00:00","dateModified":"2026-03-28T12:42:42+00:00","breadcrumb":{"@id":"https:\/\/www.relibet.ee\/woromotouus\/toode\/elektriline-krossimootorratas-thunder-5000w-72v-14-17\/#breadcrumb"},"inLanguage":"et","potentialAction":[{"@type":"ReadAction","target":["https:\/\/www.relibet.ee\/woromotouus\/toode\/elektriline-krossimootorratas-thunder-5000w-72v-14-17\/"]}]},{"@type":"ImageObject","inLanguage":"et","@id":"https:\/\/www.relibet.ee\/woromotouus\/toode\/elektriline-krossimootorratas-thunder-5000w-72v-14-17\/#primaryimage","url":"https:\/\/www.relibet.ee\/woromotouus\/wp-content\/uploads\/2025\/11\/elektri-5000w.jpg","contentUrl":"https:\/\/www.relibet.ee\/woromotouus\/wp-content\/uploads\/2025\/11\/elektri-5000w.jpg","width":1053,"height":833},{"@type":"BreadcrumbList","@id":"https:\/\/www.relibet.ee\/woromotouus\/toode\/elektriline-krossimootorratas-thunder-5000w-72v-14-17\/#breadcrumb","itemListElement":[{"@type":"ListItem","position":1,"name":"Home","item":"https:\/\/www.relibet.ee\/woromotouus\/"},{"@type":"ListItem","position":2,"name":"Pood","item":"https:\/\/www.relibet.ee\/woromotouus\/"},{"@type":"ListItem","position":3,"name":"Elektriline krossimootorratas 5000w 72v 14\/17"}]},{"@type":"WebSite","@id":"https:\/\/www.relibet.ee\/woromotouus\/#website","url":"https:\/\/www.relibet.ee\/woromotouus\/","name":"W\u00f5ro Moto","description":"Mototehnika e-pood","publisher":{"@id":"https:\/\/www.relibet.ee\/woromotouus\/#organization"},"potentialAction":[{"@type":"SearchAction","target":{"@type":"EntryPoint","urlTemplate":"https:\/\/www.relibet.ee\/woromotouus\/?s={search_term_string}"},"query-input":{"@type":"PropertyValueSpecification","valueRequired":true,"valueName":"search_term_string"}}],"inLanguage":"et"},{"@type":"Organization","@id":"https:\/\/www.relibet.ee\/woromotouus\/#organization","name":"Relibet O\u00dc","url":"https:\/\/www.relibet.ee\/woromotouus\/","logo":{"@type":"ImageObject","inLanguage":"et","@id":"https:\/\/www.relibet.ee\/woromotouus\/#\/schema\/logo\/image\/","url":"https:\/\/www.relibet.ee\/woromotouus\/wp-content\/uploads\/2018\/04\/W\u00f5romoto_logo.png","contentUrl":"https:\/\/www.relibet.ee\/woromotouus\/wp-content\/uploads\/2018\/04\/W\u00f5romoto_logo.png","width":200,"height":50,"caption":"Relibet O\u00dc"},"image":{"@id":"https:\/\/www.relibet.ee\/woromotouus\/#\/schema\/logo\/image\/"}}]}},"_links":{"self":[{"href":"https:\/\/www.relibet.ee\/woromotouus\/wp-json\/wp\/v2\/product\/25240","targetHints":{"allow":["GET"]}}],"collection":[{"href":"https:\/\/www.relibet.ee\/woromotouus\/wp-json\/wp\/v2\/product"}],"about":[{"href":"https:\/\/www.relibet.ee\/woromotouus\/wp-json\/wp\/v2\/types\/product"}],"version-history":[{"count":1,"href":"https:\/\/www.relibet.ee\/woromotouus\/wp-json\/wp\/v2\/product\/25240\/revisions"}],"predecessor-version":[{"id":26647,"href":"https:\/\/www.relibet.ee\/woromotouus\/wp-json\/wp\/v2\/product\/25240\/revisions\/26647"}],"wp:featuredmedia":[{"embeddable":true,"href":"https:\/\/www.relibet.ee\/woromotouus\/wp-json\/wp\/v2\/media\/25238"}],"wp:attachment":[{"href":"https:\/\/www.relibet.ee\/woromotouus\/wp-json\/wp\/v2\/media?parent=25240"}],"wp:term":[{"taxonomy":"product_brand","embeddable":true,"href":"https:\/\/www.relibet.ee\/woromotouus\/wp-json\/wp\/v2\/product_brand?post=25240"},{"taxonomy":"product_cat","embeddable":true,"href":"https:\/\/www.relibet.ee\/woromotouus\/wp-json\/wp\/v2\/product_cat?post=25240"},{"taxonomy":"product_tag","embeddable":true,"href":"https:\/\/www.relibet.ee\/woromotouus\/wp-json\/wp\/v2\/product_tag?post=25240"}],"curies":[{"name":"wp","href":"https:\/\/api.w.org\/{rel}","templated":true}]}}