{"id":26549,"date":"2026-03-23T12:28:09","date_gmt":"2026-03-23T10:28:09","guid":{"rendered":"https:\/\/www.relibet.ee\/woromotouus\/?post_type=product&#038;p=26549"},"modified":"2026-04-25T13:33:27","modified_gmt":"2026-04-25T10:33:27","slug":"yamaha-27v-silindrikomplekt","status":"publish","type":"product","link":"https:\/\/www.relibet.ee\/woromotouus\/toode\/yamaha-27v-silindrikomplekt\/","title":{"rendered":"Yamaha 27v silindrikomplekt"},"content":{"rendered":"<p><span dir=\"auto\">koguk\u00f5rgus: 87,5 mm\u00a0<\/span><\/p>\n<p><span dir=\"auto\">K\u00f5rgus ilma varrukateta: 64 mm\u00a0<\/span><\/p>\n<p><span dir=\"auto\">H\u00fclsi v\u00e4lisl\u00e4bim\u00f5\u00f5t: 51 mm<\/span><\/p>\n<p><span dir=\"auto\">\u00dchendusavade vahekaugus: 27 mm x 51 mm<\/span><\/p>\n<p><span dir=\"auto\">Diagonaalsete aukude vahe: 64 mm\u00a0<\/span><\/p>\n<p><span dir=\"auto\">tihvt: 10 mm<\/span><\/p>\n<p><span dir=\"auto\">K\u00fc\u00fcnarnuki kinnitusavade vahe: 49 mm M6<\/span><\/p>\n<p><span dir=\"auto\">Minarelli vertikaalne mootor<\/span><\/p>\n<p><span dir=\"auto\">Kasutusala:<\/span><br \/>\n<span dir=\"auto\">Aprilia Amico 50 AC 2T 1996-1998<\/span><br \/>\n<span dir=\"auto\">Aprilia Amico GL 50 AC 2T 1994-1995<\/span><br \/>\n<span dir=\"auto\">Aprilia Amico LX- Sport 50 AC 2T 1992-1993<\/span><br \/>\n<span dir=\"auto\">Aprilia SR50 Replica AC 2T 1993<\/span><br \/>\n<span dir=\"auto\">Garelli 2T 2T 1993 1993-1997<\/span><br \/>\n<span dir=\"auto\">Garelli Pony 50 AC 2T 1992-1995<\/span><br \/>\n<span dir=\"auto\">Garelli Pony Racing 50 AC 2T 1993-1997<\/span><br \/>\n<span dir=\"auto\">Garelli Pony SR 50 AC 2T 1992-1997 Italjet\u00a0Ascot<\/span><br \/>\n<span dir=\"auto\">50 AC 2t 1992-1997<\/span><br \/>\n<span dir=\"auto\">AC 2T 1992 ja hiljem<\/span><br \/>\n<span dir=\"auto\">Italjet Bazooka I 50 AC 2T 1991-1994<\/span><br \/>\n<span dir=\"auto\">Italjet Bazooka II 50 AC 2T 1992-1995<\/span><br \/>\n<span dir=\"auto\">Italjet Pista 50 AC 2T 1992-1997<\/span><br \/>\n<span dir=\"auto\">Italjet Reporter 50 AC 2T 1990-1995<\/span><br \/>\n<span dir=\"auto\">Italjet Scoop 50 AC 2T 1991-1995<\/span><br \/>\n<span dir=\"auto\">Italjet Yankee 50 AC 2T 1993-1997<\/span><br \/>\n<span dir=\"auto\">MBK Active 50 AC 2T 1990-1992<\/span><br \/>\n<span dir=\"auto\">MBK Booster Naked 50 AC 2T 2005 ja hilisemad<\/span><br \/>\n<span dir=\"auto\">MBK Booster Naked R12 50 AC 2T 2005-2011<\/span><br \/>\n<span dir=\"auto\">MBK Booster Naked R13 50 AC 2T 2012 ja hilisemad<\/span><br \/>\n<span dir=\"auto\">MBK Booster Next Generation 50 AC 2T 1995-1998<\/span><br \/>\n<span dir=\"auto\">MBK Booster Next Generation II 50 AC 2T 2003-2009<\/span><br \/>\n<span dir=\"auto\">MBK Booster Next Generation II 50 AC 2T 1999-2002<\/span><br \/>\n<span dir=\"auto\">MBK Booster Original 50 AC 2T 2004 ja hilisemad<\/span><br \/>\n<span dir=\"auto\">MBK Booster Original 50 AC 2T 1990-1993<\/span><br \/>\n<span dir=\"auto\">MBK Booster R12 50 AC 2T 2004 ja hilisemad<\/span><br \/>\n<span dir=\"auto\">MBK Booster Road 50 AC 2T 1994-1995<\/span><br \/>\n<span dir=\"auto\">MBK Booster Rocket 50 AC 2T 2003-2009<\/span><br \/>\n<span dir=\"auto\">MBK Booster Rocket 50 AC 2T 1995-2002<\/span><br \/>\n<span dir=\"auto\">MBK Booster Spirit 1.0 50 AC 2T 2013 ja hilisemad<\/span><br \/>\n<span dir=\"auto\">MBK Booster Spirit 50 AC 2T 1996-1998<\/span><br \/>\n<span dir=\"auto\">MBK Booster Spirit 50 AC 2T 1999-2003<\/span><br \/>\n<span dir=\"auto\">MBK Booster Spirit Naked 50 AC 2T 2003<\/span><br \/>\n<span dir=\"auto\">MBK Booster Spirit R12 50 AC 2T 2001-2002<\/span><br \/>\n<span dir=\"auto\">MBK Booster Spirit R12 50 AC 2T 2003<\/span><br \/>\n<span dir=\"auto\">MBK Booster Track 50 AC 2T 1996-1997<\/span><br \/>\n<span dir=\"auto\">MBK Sorriso 50 AC 2T 1990-1995<\/span><br \/>\n<span dir=\"auto\">MBK Stunt 50 AC 2T 2000-2002<\/span><br \/>\n<span dir=\"auto\">MBK Stunt 50 AC 2T 2003<\/span><br \/>\n<span dir=\"auto\">MBK Stunt Naked 50 AC 2T 2004 ja hilisemad<\/span><br \/>\n<span dir=\"auto\">MBK Target 50 AC 2T 1991-1995<\/span><br \/>\n<span dir=\"auto\">Yamaha Beluga 50 AC 2T 1989-1993<\/span><br \/>\n<span dir=\"auto\">Yamaha Bw&#8217;s Bump 50 AC 2T 1996-1997<\/span><br \/>\n<span dir=\"auto\">Yamaha Bw&#8217;s Easy 50 AC 2T 2013 ja hilisemad<\/span><br \/>\n<span dir=\"auto\">Yamaha Bw&#8217;s Naked 50 AC 2T 2003<\/span><br \/>\n<span dir=\"auto\">Yamaha Bw&#8217;s Naked 50 AC 2T 2005 ja hiljem<\/span><br \/>\n<span dir=\"auto\">Yamaha Bw NG 50 AC 2T 1995-1998<\/span><br \/>\n<span dir=\"auto\">Yamaha Bw NG II 50 AC 2T 2003-2009<\/span><br \/>\n<span dir=\"auto\">Yamaha Bw NG II 50 AC 2T 1999-2002 Yamaha 50AC04 originaal\u00a0Yamaha<\/span><br \/>\n<span dir=\"auto\">502AC04 hiljem<\/span><br \/>\n<span dir=\"auto\">Bw originaal 50 AC 2T 1990-1993<\/span><br \/>\n<span dir=\"auto\">Yamaha Bw originaal 50 AC 2T 1996-1998<\/span><br \/>\n<span dir=\"auto\">Yamaha Bw originaal 50 AC 2T 1999-2003<\/span><br \/>\n<span dir=\"auto\">Yamaha Bw originaal R12 50 AC 2T 20 20s<\/span><br \/>\n<span dir=\"auto\">B20s AC 2T 2003<\/span><br \/>\n<span dir=\"auto\">Yamaha Bw&#8217;s R 50 AC 2T 1994-1995<\/span><br \/>\n<span dir=\"auto\">Yamaha Bw&#8217;s R12 50 AC 2T 2004 ja uuemad<\/span><br \/>\n<span dir=\"auto\">Yamaha Bw&#8217;s SPY 50 AC 2T 2003-2006<\/span><br \/>\n<span dir=\"auto\">Yamaha Bw&#8217;s SPY 50 AC 2T 1995-2002<\/span><br \/>\n<span dir=\"auto\">Yamaha CRZ50 AC 2T 1991-1995<\/span><br \/>\n<span dir=\"auto\">Yamaha CT50 AC 2T 1990-1995<\/span><br \/>\n<span dir=\"auto\">Yamaha Slider 50 AC 2T 2000-2002<\/span><br \/>\n<span dir=\"auto\">Yamaha Slider Naked 50 AC 2T 2003-2010<\/span><br \/>\n<span dir=\"auto\">Yamaha Slider Naked R12 50 AC 2T 2011-2013<\/span><br \/>\n<span dir=\"auto\">Yamaha Slider Naked R12 50 AC 2T 2014 ja uuemad<\/span><\/p>\n","protected":false},"excerpt":{"rendered":"<p>koguk\u00f5rgus: 87,5 mm\u00a0 K\u00f5rgus ilma varrukateta: 64 mm\u00a0 H\u00fclsi v\u00e4lisl\u00e4bim\u00f5\u00f5t: 51 mm \u00dchendusavade vahekaugus: 27 mm x 51 mm Diagonaalsete aukude vahe: 64 mm\u00a0 tihvt: 10 mm K\u00fc\u00fcnarnuki kinnitusavade vahe: 49 mm M6 Minarelli vertikaalne mootor Kasutusala: Aprilia Amico 50 AC 2T 1996-1998 Aprilia Amico GL 50 AC 2T 1994-1995 Aprilia Amico LX- Sport 50 [&hellip;]<\/p>\n","protected":false},"featured_media":26550,"template":"","meta":{"site-sidebar-layout":"default","site-content-layout":"","ast-site-content-layout":"default","site-content-style":"default","site-sidebar-style":"default","ast-global-header-display":"","ast-banner-title-visibility":"","ast-main-header-display":"","ast-hfb-above-header-display":"","ast-hfb-below-header-display":"","ast-hfb-mobile-header-display":"","site-post-title":"","ast-breadcrumbs-content":"","ast-featured-img":"","footer-sml-layout":"","ast-disable-related-posts":"","theme-transparent-header-meta":"default","adv-header-id-meta":"","stick-header-meta":"","header-above-stick-meta":"","header-main-stick-meta":"","header-below-stick-meta":"","astra-migrate-meta-layouts":"set","ast-page-background-enabled":"default","ast-page-background-meta":{"desktop":{"background-color":"","background-image":"","background-repeat":"repeat","background-position":"center center","background-size":"auto","background-attachment":"scroll","background-type":"","background-media":"","overlay-type":"","overlay-color":"","overlay-opacity":"","overlay-gradient":""},"tablet":{"background-color":"","background-image":"","background-repeat":"repeat","background-position":"center center","background-size":"auto","background-attachment":"scroll","background-type":"","background-media":"","overlay-type":"","overlay-color":"","overlay-opacity":"","overlay-gradient":""},"mobile":{"background-color":"","background-image":"","background-repeat":"repeat","background-position":"center center","background-size":"auto","background-attachment":"scroll","background-type":"","background-media":"","overlay-type":"","overlay-color":"","overlay-opacity":"","overlay-gradient":""}},"ast-content-background-meta":{"desktop":{"background-color":"var(--ast-global-color-5)","background-image":"","background-repeat":"repeat","background-position":"center center","background-size":"auto","background-attachment":"scroll","background-type":"","background-media":"","overlay-type":"","overlay-color":"","overlay-opacity":"","overlay-gradient":""},"tablet":{"background-color":"var(--ast-global-color-5)","background-image":"","background-repeat":"repeat","background-position":"center center","background-size":"auto","background-attachment":"scroll","background-type":"","background-media":"","overlay-type":"","overlay-color":"","overlay-opacity":"","overlay-gradient":""},"mobile":{"background-color":"var(--ast-global-color-5)","background-image":"","background-repeat":"repeat","background-position":"center center","background-size":"auto","background-attachment":"scroll","background-type":"","background-media":"","overlay-type":"","overlay-color":"","overlay-opacity":"","overlay-gradient":""}}},"product_brand":[],"product_cat":[24],"product_tag":[],"class_list":{"0":"post-26549","1":"product","2":"type-product","3":"status-publish","4":"has-post-thumbnail","6":"product_cat-silindrid","7":"desktop-align-center","8":"tablet-align-left","9":"mobile-align-center","11":"first","12":"instock","13":"sale","14":"taxable","15":"shipping-taxable","16":"purchasable","17":"product-type-simple"},"yoast_head":"<!-- This site is optimized with the Yoast SEO plugin v27.5 - https:\/\/yoast.com\/product\/yoast-seo-wordpress\/ -->\n<title>Yamaha 27v silindrikomplekt - W\u00f5ro Moto<\/title>\n<meta name=\"robots\" content=\"index, follow, max-snippet:-1, max-image-preview:large, max-video-preview:-1\" \/>\n<link rel=\"canonical\" href=\"https:\/\/www.relibet.ee\/woromotouus\/toode\/yamaha-27v-silindrikomplekt\/\" \/>\n<meta property=\"og:locale\" content=\"et_EE\" \/>\n<meta property=\"og:type\" content=\"article\" \/>\n<meta property=\"og:title\" content=\"Yamaha 27v silindrikomplekt - W\u00f5ro Moto\" \/>\n<meta property=\"og:description\" content=\"koguk\u00f5rgus: 87,5 mm\u00a0 K\u00f5rgus ilma varrukateta: 64 mm\u00a0 H\u00fclsi v\u00e4lisl\u00e4bim\u00f5\u00f5t: 51 mm \u00dchendusavade vahekaugus: 27 mm x 51 mm Diagonaalsete aukude vahe: 64 mm\u00a0 tihvt: 10 mm K\u00fc\u00fcnarnuki kinnitusavade vahe: 49 mm M6 Minarelli vertikaalne mootor Kasutusala: Aprilia Amico 50 AC 2T 1996-1998 Aprilia Amico GL 50 AC 2T 1994-1995 Aprilia Amico LX- Sport 50 [&hellip;]\" \/>\n<meta property=\"og:url\" content=\"https:\/\/www.relibet.ee\/woromotouus\/toode\/yamaha-27v-silindrikomplekt\/\" \/>\n<meta property=\"og:site_name\" content=\"W\u00f5ro Moto\" \/>\n<meta property=\"article:modified_time\" content=\"2026-04-25T10:33:27+00:00\" \/>\n<meta property=\"og:image\" content=\"https:\/\/www.relibet.ee\/woromotouus\/wp-content\/uploads\/2026\/03\/silinder-jamaha.jpg\" \/>\n\t<meta property=\"og:image:width\" content=\"766\" \/>\n\t<meta property=\"og:image:height\" content=\"760\" \/>\n\t<meta property=\"og:image:type\" content=\"image\/jpeg\" \/>\n<meta name=\"twitter:card\" content=\"summary_large_image\" \/>\n<meta name=\"twitter:label1\" content=\"Est. reading time\" \/>\n\t<meta name=\"twitter:data1\" content=\"3 minutit\" \/>\n<script type=\"application\/ld+json\" class=\"yoast-schema-graph\">{\"@context\":\"https:\\\/\\\/schema.org\",\"@graph\":[{\"@type\":\"WebPage\",\"@id\":\"https:\\\/\\\/www.relibet.ee\\\/woromotouus\\\/toode\\\/yamaha-27v-silindrikomplekt\\\/\",\"url\":\"https:\\\/\\\/www.relibet.ee\\\/woromotouus\\\/toode\\\/yamaha-27v-silindrikomplekt\\\/\",\"name\":\"Yamaha 27v silindrikomplekt - W\u00f5ro Moto\",\"isPartOf\":{\"@id\":\"https:\\\/\\\/www.relibet.ee\\\/woromotouus\\\/#website\"},\"primaryImageOfPage\":{\"@id\":\"https:\\\/\\\/www.relibet.ee\\\/woromotouus\\\/toode\\\/yamaha-27v-silindrikomplekt\\\/#primaryimage\"},\"image\":{\"@id\":\"https:\\\/\\\/www.relibet.ee\\\/woromotouus\\\/toode\\\/yamaha-27v-silindrikomplekt\\\/#primaryimage\"},\"thumbnailUrl\":\"https:\\\/\\\/www.relibet.ee\\\/woromotouus\\\/wp-content\\\/uploads\\\/2026\\\/03\\\/silinder-jamaha.jpg\",\"datePublished\":\"2026-03-23T10:28:09+00:00\",\"dateModified\":\"2026-04-25T10:33:27+00:00\",\"breadcrumb\":{\"@id\":\"https:\\\/\\\/www.relibet.ee\\\/woromotouus\\\/toode\\\/yamaha-27v-silindrikomplekt\\\/#breadcrumb\"},\"inLanguage\":\"et\",\"potentialAction\":[{\"@type\":\"ReadAction\",\"target\":[\"https:\\\/\\\/www.relibet.ee\\\/woromotouus\\\/toode\\\/yamaha-27v-silindrikomplekt\\\/\"]}]},{\"@type\":\"ImageObject\",\"inLanguage\":\"et\",\"@id\":\"https:\\\/\\\/www.relibet.ee\\\/woromotouus\\\/toode\\\/yamaha-27v-silindrikomplekt\\\/#primaryimage\",\"url\":\"https:\\\/\\\/www.relibet.ee\\\/woromotouus\\\/wp-content\\\/uploads\\\/2026\\\/03\\\/silinder-jamaha.jpg\",\"contentUrl\":\"https:\\\/\\\/www.relibet.ee\\\/woromotouus\\\/wp-content\\\/uploads\\\/2026\\\/03\\\/silinder-jamaha.jpg\",\"width\":766,\"height\":760},{\"@type\":\"BreadcrumbList\",\"@id\":\"https:\\\/\\\/www.relibet.ee\\\/woromotouus\\\/toode\\\/yamaha-27v-silindrikomplekt\\\/#breadcrumb\",\"itemListElement\":[{\"@type\":\"ListItem\",\"position\":1,\"name\":\"Home\",\"item\":\"https:\\\/\\\/www.relibet.ee\\\/woromotouus\\\/\"},{\"@type\":\"ListItem\",\"position\":2,\"name\":\"Pood\",\"item\":\"https:\\\/\\\/www.relibet.ee\\\/woromotouus\\\/\"},{\"@type\":\"ListItem\",\"position\":3,\"name\":\"Yamaha 27v silindrikomplekt\"}]},{\"@type\":\"WebSite\",\"@id\":\"https:\\\/\\\/www.relibet.ee\\\/woromotouus\\\/#website\",\"url\":\"https:\\\/\\\/www.relibet.ee\\\/woromotouus\\\/\",\"name\":\"W\u00f5ro Moto\",\"description\":\"Mototehnika e-pood\",\"publisher\":{\"@id\":\"https:\\\/\\\/www.relibet.ee\\\/woromotouus\\\/#organization\"},\"potentialAction\":[{\"@type\":\"SearchAction\",\"target\":{\"@type\":\"EntryPoint\",\"urlTemplate\":\"https:\\\/\\\/www.relibet.ee\\\/woromotouus\\\/?s={search_term_string}\"},\"query-input\":{\"@type\":\"PropertyValueSpecification\",\"valueRequired\":true,\"valueName\":\"search_term_string\"}}],\"inLanguage\":\"et\"},{\"@type\":\"Organization\",\"@id\":\"https:\\\/\\\/www.relibet.ee\\\/woromotouus\\\/#organization\",\"name\":\"Relibet O\u00dc\",\"url\":\"https:\\\/\\\/www.relibet.ee\\\/woromotouus\\\/\",\"logo\":{\"@type\":\"ImageObject\",\"inLanguage\":\"et\",\"@id\":\"https:\\\/\\\/www.relibet.ee\\\/woromotouus\\\/#\\\/schema\\\/logo\\\/image\\\/\",\"url\":\"https:\\\/\\\/www.relibet.ee\\\/woromotouus\\\/wp-content\\\/uploads\\\/2018\\\/04\\\/W\u00f5romoto_logo.png\",\"contentUrl\":\"https:\\\/\\\/www.relibet.ee\\\/woromotouus\\\/wp-content\\\/uploads\\\/2018\\\/04\\\/W\u00f5romoto_logo.png\",\"width\":200,\"height\":50,\"caption\":\"Relibet O\u00dc\"},\"image\":{\"@id\":\"https:\\\/\\\/www.relibet.ee\\\/woromotouus\\\/#\\\/schema\\\/logo\\\/image\\\/\"}}]}<\/script>\n<!-- \/ Yoast SEO plugin. -->","yoast_head_json":{"title":"Yamaha 27v silindrikomplekt - W\u00f5ro Moto","robots":{"index":"index","follow":"follow","max-snippet":"max-snippet:-1","max-image-preview":"max-image-preview:large","max-video-preview":"max-video-preview:-1"},"canonical":"https:\/\/www.relibet.ee\/woromotouus\/toode\/yamaha-27v-silindrikomplekt\/","og_locale":"et_EE","og_type":"article","og_title":"Yamaha 27v silindrikomplekt - W\u00f5ro Moto","og_description":"koguk\u00f5rgus: 87,5 mm\u00a0 K\u00f5rgus ilma varrukateta: 64 mm\u00a0 H\u00fclsi v\u00e4lisl\u00e4bim\u00f5\u00f5t: 51 mm \u00dchendusavade vahekaugus: 27 mm x 51 mm Diagonaalsete aukude vahe: 64 mm\u00a0 tihvt: 10 mm K\u00fc\u00fcnarnuki kinnitusavade vahe: 49 mm M6 Minarelli vertikaalne mootor Kasutusala: Aprilia Amico 50 AC 2T 1996-1998 Aprilia Amico GL 50 AC 2T 1994-1995 Aprilia Amico LX- Sport 50 [&hellip;]","og_url":"https:\/\/www.relibet.ee\/woromotouus\/toode\/yamaha-27v-silindrikomplekt\/","og_site_name":"W\u00f5ro Moto","article_modified_time":"2026-04-25T10:33:27+00:00","og_image":[{"width":766,"height":760,"url":"https:\/\/www.relibet.ee\/woromotouus\/wp-content\/uploads\/2026\/03\/silinder-jamaha.jpg","type":"image\/jpeg"}],"twitter_card":"summary_large_image","twitter_misc":{"Est. reading time":"3 minutit"},"schema":{"@context":"https:\/\/schema.org","@graph":[{"@type":"WebPage","@id":"https:\/\/www.relibet.ee\/woromotouus\/toode\/yamaha-27v-silindrikomplekt\/","url":"https:\/\/www.relibet.ee\/woromotouus\/toode\/yamaha-27v-silindrikomplekt\/","name":"Yamaha 27v silindrikomplekt - W\u00f5ro Moto","isPartOf":{"@id":"https:\/\/www.relibet.ee\/woromotouus\/#website"},"primaryImageOfPage":{"@id":"https:\/\/www.relibet.ee\/woromotouus\/toode\/yamaha-27v-silindrikomplekt\/#primaryimage"},"image":{"@id":"https:\/\/www.relibet.ee\/woromotouus\/toode\/yamaha-27v-silindrikomplekt\/#primaryimage"},"thumbnailUrl":"https:\/\/www.relibet.ee\/woromotouus\/wp-content\/uploads\/2026\/03\/silinder-jamaha.jpg","datePublished":"2026-03-23T10:28:09+00:00","dateModified":"2026-04-25T10:33:27+00:00","breadcrumb":{"@id":"https:\/\/www.relibet.ee\/woromotouus\/toode\/yamaha-27v-silindrikomplekt\/#breadcrumb"},"inLanguage":"et","potentialAction":[{"@type":"ReadAction","target":["https:\/\/www.relibet.ee\/woromotouus\/toode\/yamaha-27v-silindrikomplekt\/"]}]},{"@type":"ImageObject","inLanguage":"et","@id":"https:\/\/www.relibet.ee\/woromotouus\/toode\/yamaha-27v-silindrikomplekt\/#primaryimage","url":"https:\/\/www.relibet.ee\/woromotouus\/wp-content\/uploads\/2026\/03\/silinder-jamaha.jpg","contentUrl":"https:\/\/www.relibet.ee\/woromotouus\/wp-content\/uploads\/2026\/03\/silinder-jamaha.jpg","width":766,"height":760},{"@type":"BreadcrumbList","@id":"https:\/\/www.relibet.ee\/woromotouus\/toode\/yamaha-27v-silindrikomplekt\/#breadcrumb","itemListElement":[{"@type":"ListItem","position":1,"name":"Home","item":"https:\/\/www.relibet.ee\/woromotouus\/"},{"@type":"ListItem","position":2,"name":"Pood","item":"https:\/\/www.relibet.ee\/woromotouus\/"},{"@type":"ListItem","position":3,"name":"Yamaha 27v silindrikomplekt"}]},{"@type":"WebSite","@id":"https:\/\/www.relibet.ee\/woromotouus\/#website","url":"https:\/\/www.relibet.ee\/woromotouus\/","name":"W\u00f5ro Moto","description":"Mototehnika e-pood","publisher":{"@id":"https:\/\/www.relibet.ee\/woromotouus\/#organization"},"potentialAction":[{"@type":"SearchAction","target":{"@type":"EntryPoint","urlTemplate":"https:\/\/www.relibet.ee\/woromotouus\/?s={search_term_string}"},"query-input":{"@type":"PropertyValueSpecification","valueRequired":true,"valueName":"search_term_string"}}],"inLanguage":"et"},{"@type":"Organization","@id":"https:\/\/www.relibet.ee\/woromotouus\/#organization","name":"Relibet O\u00dc","url":"https:\/\/www.relibet.ee\/woromotouus\/","logo":{"@type":"ImageObject","inLanguage":"et","@id":"https:\/\/www.relibet.ee\/woromotouus\/#\/schema\/logo\/image\/","url":"https:\/\/www.relibet.ee\/woromotouus\/wp-content\/uploads\/2018\/04\/W\u00f5romoto_logo.png","contentUrl":"https:\/\/www.relibet.ee\/woromotouus\/wp-content\/uploads\/2018\/04\/W\u00f5romoto_logo.png","width":200,"height":50,"caption":"Relibet O\u00dc"},"image":{"@id":"https:\/\/www.relibet.ee\/woromotouus\/#\/schema\/logo\/image\/"}}]}},"_links":{"self":[{"href":"https:\/\/www.relibet.ee\/woromotouus\/wp-json\/wp\/v2\/product\/26549","targetHints":{"allow":["GET"]}}],"collection":[{"href":"https:\/\/www.relibet.ee\/woromotouus\/wp-json\/wp\/v2\/product"}],"about":[{"href":"https:\/\/www.relibet.ee\/woromotouus\/wp-json\/wp\/v2\/types\/product"}],"version-history":[{"count":1,"href":"https:\/\/www.relibet.ee\/woromotouus\/wp-json\/wp\/v2\/product\/26549\/revisions"}],"predecessor-version":[{"id":26552,"href":"https:\/\/www.relibet.ee\/woromotouus\/wp-json\/wp\/v2\/product\/26549\/revisions\/26552"}],"wp:featuredmedia":[{"embeddable":true,"href":"https:\/\/www.relibet.ee\/woromotouus\/wp-json\/wp\/v2\/media\/26550"}],"wp:attachment":[{"href":"https:\/\/www.relibet.ee\/woromotouus\/wp-json\/wp\/v2\/media?parent=26549"}],"wp:term":[{"taxonomy":"product_brand","embeddable":true,"href":"https:\/\/www.relibet.ee\/woromotouus\/wp-json\/wp\/v2\/product_brand?post=26549"},{"taxonomy":"product_cat","embeddable":true,"href":"https:\/\/www.relibet.ee\/woromotouus\/wp-json\/wp\/v2\/product_cat?post=26549"},{"taxonomy":"product_tag","embeddable":true,"href":"https:\/\/www.relibet.ee\/woromotouus\/wp-json\/wp\/v2\/product_tag?post=26549"}],"curies":[{"name":"wp","href":"https:\/\/api.w.org\/{rel}","templated":true}]}}