{"id":82,"date":"2018-04-10T14:47:43","date_gmt":"2018-04-10T14:47:43","guid":{"rendered":"http:\/\/www.relibet.ee\/woromotouus\/toode\/suuteluku-komplekt-hiina-roller-vaike-10ratas\/"},"modified":"2026-03-11T16:25:42","modified_gmt":"2026-03-11T14:25:42","slug":"suuteluku-komplekt-hiina-roller-vaike-10ratas","status":"publish","type":"product","link":"https:\/\/www.relibet.ee\/woromotouus\/toode\/suuteluku-komplekt-hiina-roller-vaike-10ratas\/","title":{"rendered":"S\u00fc\u00fcteluku komplekt hiina roller v\u00e4ike 10ratas"},"content":{"rendered":"<p>S\u00fc\u00fcteluku komplekt<\/p>\n","protected":false},"excerpt":{"rendered":"<p>S\u00fc\u00fcteluku komplekt<\/p>\n","protected":false},"featured_media":1347,"template":"","meta":{"site-sidebar-layout":"default","site-content-layout":"","ast-site-content-layout":"default","site-content-style":"default","site-sidebar-style":"default","ast-global-header-display":"","ast-banner-title-visibility":"","ast-main-header-display":"","ast-hfb-above-header-display":"","ast-hfb-below-header-display":"","ast-hfb-mobile-header-display":"","site-post-title":"","ast-breadcrumbs-content":"","ast-featured-img":"","footer-sml-layout":"","ast-disable-related-posts":"","theme-transparent-header-meta":"","adv-header-id-meta":"","stick-header-meta":"","header-above-stick-meta":"","header-main-stick-meta":"","header-below-stick-meta":"","astra-migrate-meta-layouts":"default","ast-page-background-enabled":"default","ast-page-background-meta":{"desktop":{"background-color":"","background-image":"","background-repeat":"repeat","background-position":"center center","background-size":"auto","background-attachment":"scroll","background-type":"","background-media":"","overlay-type":"","overlay-color":"","overlay-opacity":"","overlay-gradient":""},"tablet":{"background-color":"","background-image":"","background-repeat":"repeat","background-position":"center center","background-size":"auto","background-attachment":"scroll","background-type":"","background-media":"","overlay-type":"","overlay-color":"","overlay-opacity":"","overlay-gradient":""},"mobile":{"background-color":"","background-image":"","background-repeat":"repeat","background-position":"center center","background-size":"auto","background-attachment":"scroll","background-type":"","background-media":"","overlay-type":"","overlay-color":"","overlay-opacity":"","overlay-gradient":""}},"ast-content-background-meta":{"desktop":{"background-color":"var(--ast-global-color-5)","background-image":"","background-repeat":"repeat","background-position":"center center","background-size":"auto","background-attachment":"scroll","background-type":"","background-media":"","overlay-type":"","overlay-color":"","overlay-opacity":"","overlay-gradient":""},"tablet":{"background-color":"var(--ast-global-color-5)","background-image":"","background-repeat":"repeat","background-position":"center center","background-size":"auto","background-attachment":"scroll","background-type":"","background-media":"","overlay-type":"","overlay-color":"","overlay-opacity":"","overlay-gradient":""},"mobile":{"background-color":"var(--ast-global-color-5)","background-image":"","background-repeat":"repeat","background-position":"center center","background-size":"auto","background-attachment":"scroll","background-type":"","background-media":"","overlay-type":"","overlay-color":"","overlay-opacity":"","overlay-gradient":""}}},"product_brand":[],"product_cat":[20],"product_tag":[62],"class_list":{"0":"post-82","1":"product","2":"type-product","3":"status-publish","4":"has-post-thumbnail","6":"product_cat-4-taktiliste-rollerite-varuosad","7":"product_tag-elektrisusteem","8":"desktop-align-center","9":"tablet-align-left","10":"mobile-align-center","12":"first","13":"instock","14":"sale","15":"taxable","16":"shipping-taxable","17":"purchasable","18":"product-type-simple"},"yoast_head":"<!-- This site is optimized with the Yoast SEO plugin v26.9 - https:\/\/yoast.com\/product\/yoast-seo-wordpress\/ -->\n<title>S\u00fc\u00fcteluku komplekt hiina roller v\u00e4ike 10ratas - W\u00f5ro Moto<\/title>\n<meta name=\"robots\" content=\"index, follow, max-snippet:-1, max-image-preview:large, max-video-preview:-1\" \/>\n<link rel=\"canonical\" href=\"https:\/\/www.relibet.ee\/woromotouus\/toode\/suuteluku-komplekt-hiina-roller-vaike-10ratas\/\" \/>\n<meta property=\"og:locale\" content=\"et_EE\" \/>\n<meta property=\"og:type\" content=\"article\" \/>\n<meta property=\"og:title\" content=\"S\u00fc\u00fcteluku komplekt hiina roller v\u00e4ike 10ratas - W\u00f5ro Moto\" \/>\n<meta property=\"og:description\" content=\"S\u00fc\u00fcteluku komplekt\" \/>\n<meta property=\"og:url\" content=\"https:\/\/www.relibet.ee\/woromotouus\/toode\/suuteluku-komplekt-hiina-roller-vaike-10ratas\/\" \/>\n<meta property=\"og:site_name\" content=\"W\u00f5ro Moto\" \/>\n<meta property=\"article:modified_time\" content=\"2026-03-11T14:25:42+00:00\" \/>\n<meta property=\"og:image\" content=\"https:\/\/www.relibet.ee\/woromotouus\/wp-content\/uploads\/2018\/04\/full_0149bfed4f3459b4b7ed70f8bb5dbe0e.jpg\" \/>\n\t<meta property=\"og:image:width\" content=\"800\" \/>\n\t<meta property=\"og:image:height\" content=\"600\" \/>\n\t<meta property=\"og:image:type\" content=\"image\/jpeg\" \/>\n<meta name=\"twitter:card\" content=\"summary_large_image\" \/>\n<script type=\"application\/ld+json\" class=\"yoast-schema-graph\">{\"@context\":\"https:\/\/schema.org\",\"@graph\":[{\"@type\":\"WebPage\",\"@id\":\"https:\/\/www.relibet.ee\/woromotouus\/toode\/suuteluku-komplekt-hiina-roller-vaike-10ratas\/\",\"url\":\"https:\/\/www.relibet.ee\/woromotouus\/toode\/suuteluku-komplekt-hiina-roller-vaike-10ratas\/\",\"name\":\"S\u00fc\u00fcteluku komplekt hiina roller v\u00e4ike 10ratas - W\u00f5ro Moto\",\"isPartOf\":{\"@id\":\"https:\/\/www.relibet.ee\/woromotouus\/#website\"},\"primaryImageOfPage\":{\"@id\":\"https:\/\/www.relibet.ee\/woromotouus\/toode\/suuteluku-komplekt-hiina-roller-vaike-10ratas\/#primaryimage\"},\"image\":{\"@id\":\"https:\/\/www.relibet.ee\/woromotouus\/toode\/suuteluku-komplekt-hiina-roller-vaike-10ratas\/#primaryimage\"},\"thumbnailUrl\":\"https:\/\/www.relibet.ee\/woromotouus\/wp-content\/uploads\/2018\/04\/full_0149bfed4f3459b4b7ed70f8bb5dbe0e.jpg\",\"datePublished\":\"2018-04-10T14:47:43+00:00\",\"dateModified\":\"2026-03-11T14:25:42+00:00\",\"breadcrumb\":{\"@id\":\"https:\/\/www.relibet.ee\/woromotouus\/toode\/suuteluku-komplekt-hiina-roller-vaike-10ratas\/#breadcrumb\"},\"inLanguage\":\"et\",\"potentialAction\":[{\"@type\":\"ReadAction\",\"target\":[\"https:\/\/www.relibet.ee\/woromotouus\/toode\/suuteluku-komplekt-hiina-roller-vaike-10ratas\/\"]}]},{\"@type\":\"ImageObject\",\"inLanguage\":\"et\",\"@id\":\"https:\/\/www.relibet.ee\/woromotouus\/toode\/suuteluku-komplekt-hiina-roller-vaike-10ratas\/#primaryimage\",\"url\":\"https:\/\/www.relibet.ee\/woromotouus\/wp-content\/uploads\/2018\/04\/full_0149bfed4f3459b4b7ed70f8bb5dbe0e.jpg\",\"contentUrl\":\"https:\/\/www.relibet.ee\/woromotouus\/wp-content\/uploads\/2018\/04\/full_0149bfed4f3459b4b7ed70f8bb5dbe0e.jpg\",\"width\":800,\"height\":600,\"caption\":\"S\u00fc\u00fcteluku komplekt hiina roller v\u00e4ike 10ratas\"},{\"@type\":\"BreadcrumbList\",\"@id\":\"https:\/\/www.relibet.ee\/woromotouus\/toode\/suuteluku-komplekt-hiina-roller-vaike-10ratas\/#breadcrumb\",\"itemListElement\":[{\"@type\":\"ListItem\",\"position\":1,\"name\":\"Home\",\"item\":\"https:\/\/www.relibet.ee\/woromotouus\/\"},{\"@type\":\"ListItem\",\"position\":2,\"name\":\"Pood\",\"item\":\"https:\/\/www.relibet.ee\/woromotouus\/\"},{\"@type\":\"ListItem\",\"position\":3,\"name\":\"S\u00fc\u00fcteluku komplekt hiina roller v\u00e4ike 10ratas\"}]},{\"@type\":\"WebSite\",\"@id\":\"https:\/\/www.relibet.ee\/woromotouus\/#website\",\"url\":\"https:\/\/www.relibet.ee\/woromotouus\/\",\"name\":\"W\u00f5ro Moto\",\"description\":\"Mototehnika e-pood\",\"publisher\":{\"@id\":\"https:\/\/www.relibet.ee\/woromotouus\/#organization\"},\"potentialAction\":[{\"@type\":\"SearchAction\",\"target\":{\"@type\":\"EntryPoint\",\"urlTemplate\":\"https:\/\/www.relibet.ee\/woromotouus\/?s={search_term_string}\"},\"query-input\":{\"@type\":\"PropertyValueSpecification\",\"valueRequired\":true,\"valueName\":\"search_term_string\"}}],\"inLanguage\":\"et\"},{\"@type\":\"Organization\",\"@id\":\"https:\/\/www.relibet.ee\/woromotouus\/#organization\",\"name\":\"Relibet O\u00dc\",\"url\":\"https:\/\/www.relibet.ee\/woromotouus\/\",\"logo\":{\"@type\":\"ImageObject\",\"inLanguage\":\"et\",\"@id\":\"https:\/\/www.relibet.ee\/woromotouus\/#\/schema\/logo\/image\/\",\"url\":\"https:\/\/www.relibet.ee\/woromotouus\/wp-content\/uploads\/2018\/04\/W\u00f5romoto_logo.png\",\"contentUrl\":\"https:\/\/www.relibet.ee\/woromotouus\/wp-content\/uploads\/2018\/04\/W\u00f5romoto_logo.png\",\"width\":200,\"height\":50,\"caption\":\"Relibet O\u00dc\"},\"image\":{\"@id\":\"https:\/\/www.relibet.ee\/woromotouus\/#\/schema\/logo\/image\/\"}}]}<\/script>\n<!-- \/ Yoast SEO plugin. -->","yoast_head_json":{"title":"S\u00fc\u00fcteluku komplekt hiina roller v\u00e4ike 10ratas - W\u00f5ro Moto","robots":{"index":"index","follow":"follow","max-snippet":"max-snippet:-1","max-image-preview":"max-image-preview:large","max-video-preview":"max-video-preview:-1"},"canonical":"https:\/\/www.relibet.ee\/woromotouus\/toode\/suuteluku-komplekt-hiina-roller-vaike-10ratas\/","og_locale":"et_EE","og_type":"article","og_title":"S\u00fc\u00fcteluku komplekt hiina roller v\u00e4ike 10ratas - W\u00f5ro Moto","og_description":"S\u00fc\u00fcteluku komplekt","og_url":"https:\/\/www.relibet.ee\/woromotouus\/toode\/suuteluku-komplekt-hiina-roller-vaike-10ratas\/","og_site_name":"W\u00f5ro Moto","article_modified_time":"2026-03-11T14:25:42+00:00","og_image":[{"width":800,"height":600,"url":"https:\/\/www.relibet.ee\/woromotouus\/wp-content\/uploads\/2018\/04\/full_0149bfed4f3459b4b7ed70f8bb5dbe0e.jpg","type":"image\/jpeg"}],"twitter_card":"summary_large_image","schema":{"@context":"https:\/\/schema.org","@graph":[{"@type":"WebPage","@id":"https:\/\/www.relibet.ee\/woromotouus\/toode\/suuteluku-komplekt-hiina-roller-vaike-10ratas\/","url":"https:\/\/www.relibet.ee\/woromotouus\/toode\/suuteluku-komplekt-hiina-roller-vaike-10ratas\/","name":"S\u00fc\u00fcteluku komplekt hiina roller v\u00e4ike 10ratas - W\u00f5ro Moto","isPartOf":{"@id":"https:\/\/www.relibet.ee\/woromotouus\/#website"},"primaryImageOfPage":{"@id":"https:\/\/www.relibet.ee\/woromotouus\/toode\/suuteluku-komplekt-hiina-roller-vaike-10ratas\/#primaryimage"},"image":{"@id":"https:\/\/www.relibet.ee\/woromotouus\/toode\/suuteluku-komplekt-hiina-roller-vaike-10ratas\/#primaryimage"},"thumbnailUrl":"https:\/\/www.relibet.ee\/woromotouus\/wp-content\/uploads\/2018\/04\/full_0149bfed4f3459b4b7ed70f8bb5dbe0e.jpg","datePublished":"2018-04-10T14:47:43+00:00","dateModified":"2026-03-11T14:25:42+00:00","breadcrumb":{"@id":"https:\/\/www.relibet.ee\/woromotouus\/toode\/suuteluku-komplekt-hiina-roller-vaike-10ratas\/#breadcrumb"},"inLanguage":"et","potentialAction":[{"@type":"ReadAction","target":["https:\/\/www.relibet.ee\/woromotouus\/toode\/suuteluku-komplekt-hiina-roller-vaike-10ratas\/"]}]},{"@type":"ImageObject","inLanguage":"et","@id":"https:\/\/www.relibet.ee\/woromotouus\/toode\/suuteluku-komplekt-hiina-roller-vaike-10ratas\/#primaryimage","url":"https:\/\/www.relibet.ee\/woromotouus\/wp-content\/uploads\/2018\/04\/full_0149bfed4f3459b4b7ed70f8bb5dbe0e.jpg","contentUrl":"https:\/\/www.relibet.ee\/woromotouus\/wp-content\/uploads\/2018\/04\/full_0149bfed4f3459b4b7ed70f8bb5dbe0e.jpg","width":800,"height":600,"caption":"S\u00fc\u00fcteluku komplekt hiina roller v\u00e4ike 10ratas"},{"@type":"BreadcrumbList","@id":"https:\/\/www.relibet.ee\/woromotouus\/toode\/suuteluku-komplekt-hiina-roller-vaike-10ratas\/#breadcrumb","itemListElement":[{"@type":"ListItem","position":1,"name":"Home","item":"https:\/\/www.relibet.ee\/woromotouus\/"},{"@type":"ListItem","position":2,"name":"Pood","item":"https:\/\/www.relibet.ee\/woromotouus\/"},{"@type":"ListItem","position":3,"name":"S\u00fc\u00fcteluku komplekt hiina roller v\u00e4ike 10ratas"}]},{"@type":"WebSite","@id":"https:\/\/www.relibet.ee\/woromotouus\/#website","url":"https:\/\/www.relibet.ee\/woromotouus\/","name":"W\u00f5ro Moto","description":"Mototehnika e-pood","publisher":{"@id":"https:\/\/www.relibet.ee\/woromotouus\/#organization"},"potentialAction":[{"@type":"SearchAction","target":{"@type":"EntryPoint","urlTemplate":"https:\/\/www.relibet.ee\/woromotouus\/?s={search_term_string}"},"query-input":{"@type":"PropertyValueSpecification","valueRequired":true,"valueName":"search_term_string"}}],"inLanguage":"et"},{"@type":"Organization","@id":"https:\/\/www.relibet.ee\/woromotouus\/#organization","name":"Relibet O\u00dc","url":"https:\/\/www.relibet.ee\/woromotouus\/","logo":{"@type":"ImageObject","inLanguage":"et","@id":"https:\/\/www.relibet.ee\/woromotouus\/#\/schema\/logo\/image\/","url":"https:\/\/www.relibet.ee\/woromotouus\/wp-content\/uploads\/2018\/04\/W\u00f5romoto_logo.png","contentUrl":"https:\/\/www.relibet.ee\/woromotouus\/wp-content\/uploads\/2018\/04\/W\u00f5romoto_logo.png","width":200,"height":50,"caption":"Relibet O\u00dc"},"image":{"@id":"https:\/\/www.relibet.ee\/woromotouus\/#\/schema\/logo\/image\/"}}]}},"_links":{"self":[{"href":"https:\/\/www.relibet.ee\/woromotouus\/wp-json\/wp\/v2\/product\/82","targetHints":{"allow":["GET"]}}],"collection":[{"href":"https:\/\/www.relibet.ee\/woromotouus\/wp-json\/wp\/v2\/product"}],"about":[{"href":"https:\/\/www.relibet.ee\/woromotouus\/wp-json\/wp\/v2\/types\/product"}],"version-history":[{"count":1,"href":"https:\/\/www.relibet.ee\/woromotouus\/wp-json\/wp\/v2\/product\/82\/revisions"}],"predecessor-version":[{"id":26315,"href":"https:\/\/www.relibet.ee\/woromotouus\/wp-json\/wp\/v2\/product\/82\/revisions\/26315"}],"wp:featuredmedia":[{"embeddable":true,"href":"https:\/\/www.relibet.ee\/woromotouus\/wp-json\/wp\/v2\/media\/1347"}],"wp:attachment":[{"href":"https:\/\/www.relibet.ee\/woromotouus\/wp-json\/wp\/v2\/media?parent=82"}],"wp:term":[{"taxonomy":"product_brand","embeddable":true,"href":"https:\/\/www.relibet.ee\/woromotouus\/wp-json\/wp\/v2\/product_brand?post=82"},{"taxonomy":"product_cat","embeddable":true,"href":"https:\/\/www.relibet.ee\/woromotouus\/wp-json\/wp\/v2\/product_cat?post=82"},{"taxonomy":"product_tag","embeddable":true,"href":"https:\/\/www.relibet.ee\/woromotouus\/wp-json\/wp\/v2\/product_tag?post=82"}],"curies":[{"name":"wp","href":"https:\/\/api.w.org\/{rel}","templated":true}]}}